{"id":44571,"date":"2024-08-18T09:38:38","date_gmt":"2024-08-18T09:38:38","guid":{"rendered":"https:\/\/staging.nbg.eu\/product\/daa-primer-pro-collator-small-primer\/"},"modified":"2024-09-10T08:47:14","modified_gmt":"2024-09-10T08:47:14","slug":"daa-primer-pro-rusiuotuvas-maziems-kapsulems","status":"publish","type":"product","link":"https:\/\/staging.nbg.eu\/lt\/produktas\/daa-primer-pro-rusiuotuvas-maziems-kapsulems\/","title":{"rendered":"Daa Primer-Pro rusiuotuvas maziems kapsulems"},"content":{"rendered":"<h2>Daa Primer-Pro ma\u017e\u0173 kapsuli\u0173 r\u016b\u0161iuotuvas<\/h2>\n<p>Revoliucionizuokite savo \u0161ovini\u0173 u\u017etaisymo proces\u0105 su Double-Alpha PRIMER-PRO! \u0160is inovatyvus, patentuotas \u012frenginys si\u016blo unikal\u0173 sprendim\u0105 ma\u017e\u0173 \u0161autuv\u0173 ir pistolet\u0173 kapsuli\u0173 tvarkymui.<\/p>\n<ul>\n<li>Efektyvus r\u016b\u0161iuotuvo tipo dizainas su 20 tiksliai suformuot\u0173 kanal\u0173<\/li>\n<li>Patikima atmetimo sistema u\u017etikrina teising\u0105 kapsuli\u0173 orientacij\u0105<\/li>\n<li>Optinis jutiklis skai\u010diuoja kapsules ir sustoja ties 100<\/li>\n<li>Intelektuali strig\u010di\u0173 prevencija ir lengvas problem\u0173 sprendimas<\/li>\n<li>Inovatyvi i\u0161vesties aktyvavimo rankena skland\u017eiam kapsuli\u0173 padavimui<\/li>\n<li>\u012eskaitant vien\u0105 magnetin\u012f \u017eied\u0105 Dillon kapsuli\u0173 vamzdeliui<\/li>\n<li>12V nuolatin\u0117s srov\u0117s maitinimo \u0161altinis su JAV\/ES adapteriais ir 2m laidu<\/li>\n<\/ul>\n<p>Pastaba: Kapsuli\u0173 vamzdelis ne\u012ftrauktas. Papildomi magnetiniai \u017eiedai parduodami atskirai.<\/p>\n","protected":false},"excerpt":{"rendered":"<p>Efektyvus, patikimas ma\u017e\u0173 kapseli\u0173 r\u016b\u0161iuoklis greitam \u0161ovini\u0173 u\u017etaisymui.<\/p>\n","protected":false},"featured_media":28207,"template":"","meta":{"_acf_changed":false},"product_brand":[11275],"product_cat":[13737,13709],"product_tag":[],"class_list":{"0":"post-44571","1":"product","2":"type-product","3":"status-publish","4":"has-post-thumbnail","6":"product_brand-doublealpha","7":"product_cat-perkrovimas","8":"product_cat-perkrovimo-masinos","10":"first","11":"outofstock","12":"taxable","13":"shipping-taxable","14":"purchasable","15":"product-type-simple"},"acf":[],"_links":{"self":[{"href":"https:\/\/staging.nbg.eu\/lt\/wp-json\/wp\/v2\/product\/44571","targetHints":{"allow":["GET"]}}],"collection":[{"href":"https:\/\/staging.nbg.eu\/lt\/wp-json\/wp\/v2\/product"}],"about":[{"href":"https:\/\/staging.nbg.eu\/lt\/wp-json\/wp\/v2\/types\/product"}],"wp:featuredmedia":[{"embeddable":true,"href":"https:\/\/staging.nbg.eu\/lt\/wp-json\/wp\/v2\/media\/28207"}],"wp:attachment":[{"href":"https:\/\/staging.nbg.eu\/lt\/wp-json\/wp\/v2\/media?parent=44571"}],"wp:term":[{"taxonomy":"product_brand","embeddable":true,"href":"https:\/\/staging.nbg.eu\/lt\/wp-json\/wp\/v2\/product_brand?post=44571"},{"taxonomy":"product_cat","embeddable":true,"href":"https:\/\/staging.nbg.eu\/lt\/wp-json\/wp\/v2\/product_cat?post=44571"},{"taxonomy":"product_tag","embeddable":true,"href":"https:\/\/staging.nbg.eu\/lt\/wp-json\/wp\/v2\/product_tag?post=44571"}],"curies":[{"name":"wp","href":"https:\/\/api.w.org\/{rel}","templated":true}]}}