{"id":44547,"date":"2024-08-18T09:38:53","date_gmt":"2024-08-18T09:38:53","guid":{"rendered":"https:\/\/staging.nbg.eu\/product\/alpha-xi-pouch-without-inlay\/"},"modified":"2024-09-10T08:39:46","modified_gmt":"2024-09-10T08:39:46","slug":"alpha-xi-deklas-be-ideklo","status":"publish","type":"product","link":"https:\/\/staging.nbg.eu\/lt\/produktas\/alpha-xi-deklas-be-ideklo\/","title":{"rendered":"Alpha-Xi deklas be ideklo"},"content":{"rendered":"<h2>Alpha-Xi d\u0117klas be \u012fd\u0117klo &#8211; U\u017ebaigtas<\/h2>\n<p>Pristatome Alpha-Xi d\u0117tuv\u0117s d\u0117kl\u0105 &#8211; revoliucin\u012f taktin\u0117s \u012frangos dizain\u0105. \u0160io d\u0117klo ypatyb\u0117s:<\/p>\n<ul>\n<li>Padidintas patvarumas su specialiu pla\u010diagalviu var\u017etu<\/li>\n<li>8 universal\u016bs prijungimo ta\u0161kai optimaliam pad\u0117ties nustatymui<\/li>\n<li>Trys auk\u0161\u010dio parinktys tiek de\u0161iniarankiams, tiek kairiarankiams \u0161auliams<\/li>\n<li>Du auk\u0161\u010dio variantai tvirtinimui su kulkomis \u012f i\u0161or\u0119<\/li>\n<li>Rakto formos fiksavimas u\u017etikrina tvirt\u0105 stabilum\u0105<\/li>\n<\/ul>\n<p>Alpha-Xi patobulintas rutulin\u0117s jungties prijungimas u\u017etikrina nepalyginam\u0105 tvirtum\u0105 net ir intensyviomis s\u0105lygomis. Nesvarbu, ar gulit\u0117s ant \u017eem\u0117s, ar \u012fveikiate kli\u016btis, \u0161is d\u0117klas atlaikys i\u0161\u0161\u016bkius. Patirkite kit\u0105 d\u0117tuvi\u0173 ne\u0161iojimo lyg\u012f su Alpha-Xi d\u0117klu &#8211; patvarumas ir lankstumas naujai apibr\u0117\u017eti.<\/p>\n<p><strong>Pastaba:<\/strong> \u0160ioje versijoje n\u0117ra \u012fd\u0117klo.<\/p>\n","protected":false},"excerpt":{"rendered":"<p>Patvarus d\u0117klas \u017eurnalams su pa\u017eangiu rutuliniu dir\u017eo tvirtinimu.<\/p>\n","protected":false},"featured_media":28276,"template":"","meta":{"_acf_changed":false},"product_brand":[11275],"product_cat":[13695,13684,13708,13699,13733],"product_tag":[],"class_list":{"0":"post-44547","1":"product","2":"type-product","3":"status-publish","4":"has-post-thumbnail","6":"product_brand-doublealpha","7":"product_cat-deklas","8":"product_cat-detuviu-laikikliai","9":"product_cat-iranga","10":"product_cat-krepseliai","11":"product_cat-sportinis-deklas","13":"first","14":"instock","15":"taxable","16":"shipping-taxable","17":"purchasable","18":"product-type-simple"},"acf":[],"_links":{"self":[{"href":"https:\/\/staging.nbg.eu\/lt\/wp-json\/wp\/v2\/product\/44547","targetHints":{"allow":["GET"]}}],"collection":[{"href":"https:\/\/staging.nbg.eu\/lt\/wp-json\/wp\/v2\/product"}],"about":[{"href":"https:\/\/staging.nbg.eu\/lt\/wp-json\/wp\/v2\/types\/product"}],"wp:featuredmedia":[{"embeddable":true,"href":"https:\/\/staging.nbg.eu\/lt\/wp-json\/wp\/v2\/media\/28276"}],"wp:attachment":[{"href":"https:\/\/staging.nbg.eu\/lt\/wp-json\/wp\/v2\/media?parent=44547"}],"wp:term":[{"taxonomy":"product_brand","embeddable":true,"href":"https:\/\/staging.nbg.eu\/lt\/wp-json\/wp\/v2\/product_brand?post=44547"},{"taxonomy":"product_cat","embeddable":true,"href":"https:\/\/staging.nbg.eu\/lt\/wp-json\/wp\/v2\/product_cat?post=44547"},{"taxonomy":"product_tag","embeddable":true,"href":"https:\/\/staging.nbg.eu\/lt\/wp-json\/wp\/v2\/product_tag?post=44547"}],"curies":[{"name":"wp","href":"https:\/\/api.w.org\/{rel}","templated":true}]}}