{"id":44502,"date":"2024-08-18T09:39:25","date_gmt":"2024-08-18T09:39:25","guid":{"rendered":"https:\/\/staging.nbg.eu\/product\/corn-cob-media-4kg\/"},"modified":"2024-09-10T08:26:23","modified_gmt":"2024-09-10T08:26:23","slug":"kukuruzu-burbuoliu-medziaga-4kg","status":"publish","type":"product","link":"https:\/\/staging.nbg.eu\/lt\/produktas\/kukuruzu-burbuoliu-medziaga-4kg\/","title":{"rendered":"Kukuruzu burbuoliu medziaga 4kg"},"content":{"rendered":"<h2>Kukur\u016bz\u0173 burbuoli\u0173 terp\u0117 4 kg<\/h2>\n<p>Pagerinkite savo \u017ealvario valymo proces\u0105 su m\u016bs\u0173 auk\u0161\u010diausios kokyb\u0117s 4 kg kukur\u016bz\u0173 burbuoli\u0173 terpe. \u0160i auk\u0161tos kokyb\u0117s terp\u0117 skirta:<\/p>\n<ul>\n<li>Pa\u0161alinti sm\u0117l\u012f, purv\u0105 ir parako liku\u010dius nuo j\u016bs\u0173 t\u016bteli\u0173<\/li>\n<li>Suteikti j\u016bs\u0173 \u017ealvariui gra\u017e\u0173 blizges\u012f<\/li>\n<li>I\u0161valyti net ma\u017eiausius t\u016bteli\u0173 kra\u0161t\u0173 ir kapsuli\u0173 lizd\u0173 ply\u0161elius<\/li>\n<\/ul>\n<p>Puikiai tinka naudoti ma\u017euose ir vidutinio dyd\u017eio b\u016bgniniuose ar vibraciniuose valikliuose. M\u016bs\u0173 smulkios granuliometrin\u0117s sud\u0117ties terp\u0117 u\u017etikrina kruop\u0161t\u0173 j\u016bs\u0173 \u017ealvarini\u0173 t\u016bteli\u0173 valym\u0105. 4 kg kiekis leid\u017eia naudoti daugyb\u0119 kart\u0173, suteikdamas puik\u0173 kainos ir kokyb\u0117s santyk\u012f.<\/p>\n<p>Nors \u0161i\u0105 terp\u0119 galima naudoti pakartotinai, rekomenduojame periodi\u0161kai j\u0105 keisti, kad b\u016bt\u0173 i\u0161laikyti optimal\u016bs valymo rezultatai. Investuokite \u012f m\u016bs\u0173 kukur\u016bz\u0173 burbuoli\u0173 terp\u0119 jau \u0161iandien ir pajuskite skirtum\u0105 savo \u0161ovini\u0173 u\u017etaisymo procese!<\/p>\n","protected":false},"excerpt":{"rendered":"<p>4 kg kukur\u016bz\u0173 burbuoli\u0173 terp\u0117: Valo ir blizgina \u017ealvarinius \u0161ovini\u0173 t\u016bteles, daugkartinio naudojimo.<\/p>\n","protected":false},"featured_media":28575,"template":"","meta":{"_acf_changed":false},"product_brand":[],"product_cat":[13737,13735],"product_tag":[],"class_list":{"0":"post-44502","1":"product","2":"type-product","3":"status-publish","4":"has-post-thumbnail","6":"product_cat-perkrovimas","7":"product_cat-tuteliu-paruosimas","9":"first","10":"outofstock","11":"taxable","12":"shipping-taxable","13":"purchasable","14":"product-type-simple"},"acf":[],"_links":{"self":[{"href":"https:\/\/staging.nbg.eu\/lt\/wp-json\/wp\/v2\/product\/44502","targetHints":{"allow":["GET"]}}],"collection":[{"href":"https:\/\/staging.nbg.eu\/lt\/wp-json\/wp\/v2\/product"}],"about":[{"href":"https:\/\/staging.nbg.eu\/lt\/wp-json\/wp\/v2\/types\/product"}],"wp:featuredmedia":[{"embeddable":true,"href":"https:\/\/staging.nbg.eu\/lt\/wp-json\/wp\/v2\/media\/28575"}],"wp:attachment":[{"href":"https:\/\/staging.nbg.eu\/lt\/wp-json\/wp\/v2\/media?parent=44502"}],"wp:term":[{"taxonomy":"product_brand","embeddable":true,"href":"https:\/\/staging.nbg.eu\/lt\/wp-json\/wp\/v2\/product_brand?post=44502"},{"taxonomy":"product_cat","embeddable":true,"href":"https:\/\/staging.nbg.eu\/lt\/wp-json\/wp\/v2\/product_cat?post=44502"},{"taxonomy":"product_tag","embeddable":true,"href":"https:\/\/staging.nbg.eu\/lt\/wp-json\/wp\/v2\/product_tag?post=44502"}],"curies":[{"name":"wp","href":"https:\/\/api.w.org\/{rel}","templated":true}]}}