{"id":44480,"date":"2024-08-18T09:39:38","date_gmt":"2024-08-18T09:39:38","guid":{"rendered":"https:\/\/staging.nbg.eu\/product\/sordin-silicone-gel-replacement-ear-pads\/"},"modified":"2024-09-10T08:15:40","modified_gmt":"2024-09-10T08:15:40","slug":"sordin-silikoninio-gelio-ausu-pagalveliu-keitimas","status":"publish","type":"product","link":"https:\/\/staging.nbg.eu\/lt\/produktas\/sordin-silikoninio-gelio-ausu-pagalveliu-keitimas\/","title":{"rendered":"Sordin silikoninio gelio ausu pagalveliu keitimas"},"content":{"rendered":"<div class=\"product-description\">\n<h2>Sordin silikoninio gelio kei\u010diamosios aus\u0173 pagalv\u0117l\u0117s<\/h2>\n<p>Patobulinkite savo Sordin aus\u0173 apsaugas m\u016bs\u0173 silikoninio gelio keitimo rinkiniu, kuriame yra:<\/p>\n<ul>\n<li>2 silikoninio gelio aus\u0173 pagalv\u0117l\u0117s<\/li>\n<li>2 izoliacin\u0117s pagalv\u0117l\u0117s<\/li>\n<\/ul>\n<p>Patirkite auk\u0161\u010diausios kokyb\u0117s komfort\u0105 ir garso apsaug\u0105 su \u0161iomis inovatyviomis gelio pagalv\u0117l\u0117mis, kurios prisitaiko prie j\u016bs\u0173 galvos kont\u016br\u0173. Jos puikiai tinka naudoti su \u0161audymo akiniais, prisitaikydamos aplink kojeli\u0173 form\u0105 geresnei apsaugai ir patogumui.<\/p>\n<p>Suderinamos su visais Sordin modeliais: Supreme Pro, Pro-X ir Pro+3. Lengvai montuojamos, nereikalauja joki\u0173 modifikacij\u0173.<\/p>\n<p>Pagerinkite higien\u0105 ir efektyvum\u0105 reguliariai keisdami aus\u0173 pagalv\u0117les. I\u0161bandykite \u0161ias gelio pagalv\u0117les, kad i\u0161 ties\u0173 \u012fvertintum\u0117te skirtum\u0105 komforto ir garso izoliacijos srityje.<\/p>\n<\/div>\n","protected":false},"excerpt":{"rendered":"<p>Silikonin\u0117s geli\u0173 ausini\u0173 pagalv\u0117l\u0117s Sordin ausin\u0117ms. Pagerintas komfortas ir garso izoliacija.<\/p>\n","protected":false},"featured_media":28598,"template":"","meta":{"_acf_changed":false},"product_brand":[],"product_cat":[13708,13703],"product_tag":[],"class_list":{"0":"post-44480","1":"product","2":"type-product","3":"status-publish","4":"has-post-thumbnail","6":"product_cat-iranga","7":"product_cat-klausos-apsauga","9":"first","10":"outofstock","11":"taxable","12":"shipping-taxable","13":"purchasable","14":"product-type-simple"},"acf":[],"_links":{"self":[{"href":"https:\/\/staging.nbg.eu\/lt\/wp-json\/wp\/v2\/product\/44480","targetHints":{"allow":["GET"]}}],"collection":[{"href":"https:\/\/staging.nbg.eu\/lt\/wp-json\/wp\/v2\/product"}],"about":[{"href":"https:\/\/staging.nbg.eu\/lt\/wp-json\/wp\/v2\/types\/product"}],"wp:featuredmedia":[{"embeddable":true,"href":"https:\/\/staging.nbg.eu\/lt\/wp-json\/wp\/v2\/media\/28598"}],"wp:attachment":[{"href":"https:\/\/staging.nbg.eu\/lt\/wp-json\/wp\/v2\/media?parent=44480"}],"wp:term":[{"taxonomy":"product_brand","embeddable":true,"href":"https:\/\/staging.nbg.eu\/lt\/wp-json\/wp\/v2\/product_brand?post=44480"},{"taxonomy":"product_cat","embeddable":true,"href":"https:\/\/staging.nbg.eu\/lt\/wp-json\/wp\/v2\/product_cat?post=44480"},{"taxonomy":"product_tag","embeddable":true,"href":"https:\/\/staging.nbg.eu\/lt\/wp-json\/wp\/v2\/product_tag?post=44480"}],"curies":[{"name":"wp","href":"https:\/\/api.w.org\/{rel}","templated":true}]}}