{"id":44438,"date":"2024-08-18T19:22:32","date_gmt":"2024-09-10T08:07:57","guid":{"rendered":"https:\/\/staging.nbg.eu\/product\/flex-holster-insert-block\/"},"modified":"2024-09-10T08:08:43","modified_gmt":"2024-09-10T08:08:43","slug":"flex-holster-ideklo-blokas","status":"publish","type":"product","link":"https:\/\/staging.nbg.eu\/lt\/produktas\/flex-holster-ideklo-blokas\/","title":{"rendered":"Flex Holster ideklo blokas"},"content":{"rendered":"<div class=\"product-description\">\n<h2>\u201eFlex Holster&#8221; \u012fd\u0117klo blokas: Pritaikomas j\u016bs\u0173 pistoletui<\/h2>\n<p>Revoliucinis \u201eFlex Holster&#8221; \u012fd\u0117klo blokas si\u016blo neprilygstam\u0105 reguliavim\u0105, u\u017etikrinant\u012f tobul\u0105 tinkamum\u0105 beveik bet kuriam pistoleto modeliui. Si\u016blomas A tipo ir B tipo, \u0161is novatori\u0161kas dizainas leid\u017eia jums tiksliai sureguliuoti d\u0117klo \u012fd\u0117kl\u0105 optimaliam veikimui ir patogumui.<\/p>\n<h3>Pagrindin\u0117s savyb\u0117s:<\/h3>\n<ul>\n<li>Reguliuojami spynos dantys tiksliam pritaikymui<\/li>\n<li>\u0160oniniai tarpikliai ir \u012fd\u0117klai pritaikytam i\u0161lygiavimui<\/li>\n<li>Pasirenkamas priekinis tarpiklis papildomam reguliavimui<\/li>\n<li>Aliuminio spyna su magnetiniu sukibimu<\/li>\n<li>Platus, plok\u0161\u010dias ner\u016bdijan\u010dio plieno saugos svertas lengvam aktyvavimui<\/li>\n<\/ul>\n<p>\u201eFlex&#8221; \u012fd\u0117klo bloko konstrukcija i\u0161sprend\u017eia \u012fprastas pritaikymo problemas, atsirandan\u010dias d\u0117l gamybos skirtum\u0173, u\u017etikrindama tvirt\u0105 ir saug\u0173 tinkamum\u0105 j\u016bs\u0173 konkre\u010diam ginklui. D\u0117l naudotojui patogaus dizaino, galite lengvai sureguliuoti \u012fd\u0117kl\u0105, kad jis atitikt\u0173 unikalius j\u016bs\u0173 pistoleto gaiduko apsaugos matmenis.<\/p>\n<p>Patirkite kit\u0105 d\u0117klo pritaikymo lyg\u012f su \u201eFlex Holster&#8221; \u012fd\u0117klo bloku \u2013 galutinis sprendimas reikliems \u0161auliams, kurie reikalauja tikslumo ir patikimumo.<\/p>\n<\/div>\n","protected":false},"excerpt":{"rendered":"<p>Pritaikomas d\u0117klo \u012fd\u0117klas, u\u017etikrinantis tobul\u0105 pistoleto prigludim\u0105 ir saugum\u0105.<\/p>\n","protected":false},"featured_media":28621,"template":"","meta":{"_acf_changed":false},"product_brand":[11275],"product_cat":[13695,13728,13708,13733],"product_tag":[],"class_list":{"0":"post-44438","1":"product","2":"type-product","3":"status-publish","4":"has-post-thumbnail","6":"product_brand-doublealpha","7":"product_cat-deklas","8":"product_cat-deklo-priedai","9":"product_cat-iranga","10":"product_cat-sportinis-deklas","12":"first","13":"instock","14":"taxable","15":"shipping-taxable","16":"purchasable","17":"product-type-variable","18":"wvs-archive-product-wrapper"},"acf":[],"_links":{"self":[{"href":"https:\/\/staging.nbg.eu\/lt\/wp-json\/wp\/v2\/product\/44438","targetHints":{"allow":["GET"]}}],"collection":[{"href":"https:\/\/staging.nbg.eu\/lt\/wp-json\/wp\/v2\/product"}],"about":[{"href":"https:\/\/staging.nbg.eu\/lt\/wp-json\/wp\/v2\/types\/product"}],"wp:featuredmedia":[{"embeddable":true,"href":"https:\/\/staging.nbg.eu\/lt\/wp-json\/wp\/v2\/media\/28621"}],"wp:attachment":[{"href":"https:\/\/staging.nbg.eu\/lt\/wp-json\/wp\/v2\/media?parent=44438"}],"wp:term":[{"taxonomy":"product_brand","embeddable":true,"href":"https:\/\/staging.nbg.eu\/lt\/wp-json\/wp\/v2\/product_brand?post=44438"},{"taxonomy":"product_cat","embeddable":true,"href":"https:\/\/staging.nbg.eu\/lt\/wp-json\/wp\/v2\/product_cat?post=44438"},{"taxonomy":"product_tag","embeddable":true,"href":"https:\/\/staging.nbg.eu\/lt\/wp-json\/wp\/v2\/product_tag?post=44438"}],"curies":[{"name":"wp","href":"https:\/\/api.w.org\/{rel}","templated":true}]}}