{"id":44209,"date":"2024-08-18T19:27:11","date_gmt":"2024-09-10T07:41:44","guid":{"rendered":"https:\/\/staging.nbg.eu\/product\/flex-holster-lh-rh-aluminum-assembly\/"},"modified":"2024-09-10T07:42:35","modified_gmt":"2024-09-10T07:42:35","slug":"flex-deklas-kairiarankiamsdesiniarankiams-aliuminio-surinkimas","status":"publish","type":"product","link":"https:\/\/staging.nbg.eu\/lt\/produktas\/flex-deklas-kairiarankiamsdesiniarankiams-aliuminio-surinkimas\/","title":{"rendered":"Flex D\u0117klas Kairiarankiams\/De\u0161iniarankiams Aliuminio Surinkimas"},"content":{"rendered":"<h2>\u201eFlex&#8221; d\u0117klas kairiarankiams\/de\u0161iniarankiams su aliuminio konstrukcija<\/h2>\n<p>\u201eFlex&#8221; d\u0117klas yra auk\u0161\u010diausios kokyb\u0117s, var\u017eyboms skirtas d\u0117klas, sukurtas 1,5 colio plo\u010dio dir\u017eams, puikiai suderinamas su DAA LYNX ir Premium dir\u017eais. Pagrindin\u0117s savyb\u0117s:<\/p>\n<ul>\n<li>Pilnai CNC apdirbto aliuminio konstrukcija u\u017etikrina neprilygstam\u0105 standum\u0105 ir patvarum\u0105<\/li>\n<li>Nuimamas dir\u017eo laikiklis patogiam transportavimui ir laikymui<\/li>\n<li>Inovatyvi pakreipimo reguliavimo sistema asmeniniam komfortui<\/li>\n<li>Pridedamas \u0161launies padas didesniam stabilumui<\/li>\n<\/ul>\n<p>Unikal\u016bs pakreipimo pasirinkimai leid\u017eia pad\u0117ti d\u0117kl\u0105 vertikaliai arba \u012fvairiais kampais, u\u017etikrinant optimal\u0173 komfort\u0105 nepriklausomai nuo k\u016bno tipo ar dir\u017eo pad\u0117ties. Patirkite auk\u0161\u010diausio lygio pritaikym\u0105 ir efektyvum\u0105 su \u201eFlex&#8221; d\u0117klu.<\/p>\n","protected":false},"excerpt":{"rendered":"<p>Patvari CNC aliuminio d\u0117klas su reguliuojamu pakreipimu ir nuimamu pakabuku.<\/p>\n","protected":false},"featured_media":28874,"template":"","meta":{"_acf_changed":false},"product_brand":[11275],"product_cat":[13695,13728,13708,13733],"product_tag":[],"class_list":{"0":"post-44209","1":"product","2":"type-product","3":"status-publish","4":"has-post-thumbnail","6":"product_brand-doublealpha","7":"product_cat-deklas","8":"product_cat-deklo-priedai","9":"product_cat-iranga","10":"product_cat-sportinis-deklas","12":"first","13":"instock","14":"taxable","15":"shipping-taxable","16":"purchasable","17":"product-type-variable","18":"wvs-archive-product-wrapper"},"acf":[],"_links":{"self":[{"href":"https:\/\/staging.nbg.eu\/lt\/wp-json\/wp\/v2\/product\/44209","targetHints":{"allow":["GET"]}}],"collection":[{"href":"https:\/\/staging.nbg.eu\/lt\/wp-json\/wp\/v2\/product"}],"about":[{"href":"https:\/\/staging.nbg.eu\/lt\/wp-json\/wp\/v2\/types\/product"}],"wp:featuredmedia":[{"embeddable":true,"href":"https:\/\/staging.nbg.eu\/lt\/wp-json\/wp\/v2\/media\/28874"}],"wp:attachment":[{"href":"https:\/\/staging.nbg.eu\/lt\/wp-json\/wp\/v2\/media?parent=44209"}],"wp:term":[{"taxonomy":"product_brand","embeddable":true,"href":"https:\/\/staging.nbg.eu\/lt\/wp-json\/wp\/v2\/product_brand?post=44209"},{"taxonomy":"product_cat","embeddable":true,"href":"https:\/\/staging.nbg.eu\/lt\/wp-json\/wp\/v2\/product_cat?post=44209"},{"taxonomy":"product_tag","embeddable":true,"href":"https:\/\/staging.nbg.eu\/lt\/wp-json\/wp\/v2\/product_tag?post=44209"}],"curies":[{"name":"wp","href":"https:\/\/api.w.org\/{rel}","templated":true}]}}