{"id":44089,"date":"2024-03-14T09:38:02","date_gmt":"2024-03-14T09:38:02","guid":{"rendered":"https:\/\/staging.nbg.eu\/product\/produktas-6\/"},"modified":"2024-09-13T10:02:00","modified_gmt":"2024-09-13T10:02:00","slug":"bore-tech-medvilniniai-tamponciai-100-vienetu","status":"publish","type":"product","link":"https:\/\/staging.nbg.eu\/lt\/produktas\/bore-tech-medvilniniai-tamponciai-100-vienetu\/","title":{"rendered":"Bore Tech MEDVILNINIAI TAMPON\u010cIAI &#8211; 100 VIENET\u0172"},"content":{"rendered":"<p>Bore Tech medvilniniai krap\u0161tukai: Skirti tiksliam valymui ir tirpiklio naudojimui. Savyb\u0117s:<\/p>\n<ul>\n<li>Ma\u017eai p\u016bkuota medvilnin\u0117 galvut\u0117<\/li>\n<li>15 cm lankstus bambukinis kotas<\/li>\n<li>Tinka AR dalims, gaiduko mechanizmams ir sunkiai pasiekiamoms vietoms<\/li>\n<li>Naudojami tepalo u\u017etepimui ir ma\u017e\u0173 ertmi\u0173 valymui<\/li>\n<\/ul>\n<p>100 vienet\u0173 pakuot\u0117 \u0161aunam\u0173j\u0173 ginkl\u0173 prie\u017ei\u016brai.<\/p>\n","protected":false},"excerpt":{"rendered":"<p>Tikslaus valymo tamponai \u0161aunamiesiems ginklams. 15 cm bambukin\u0117 ranken\u0117l\u0117, ma\u017eai p\u016bkeli\u0173 paliekantis galiukas.<\/p>\n","protected":false},"featured_media":44090,"template":"","meta":{"_acf_changed":false},"product_brand":[11158],"product_cat":[13722,13749],"product_tag":[],"class_list":{"0":"post-44089","1":"product","2":"type-product","3":"status-publish","4":"has-post-thumbnail","6":"product_brand-boretech","7":"product_cat-ginklu-valymas","8":"product_cat-sepeteliai","10":"first","11":"instock","12":"taxable","13":"shipping-taxable","14":"purchasable","15":"product-type-simple"},"acf":[],"_links":{"self":[{"href":"https:\/\/staging.nbg.eu\/lt\/wp-json\/wp\/v2\/product\/44089","targetHints":{"allow":["GET"]}}],"collection":[{"href":"https:\/\/staging.nbg.eu\/lt\/wp-json\/wp\/v2\/product"}],"about":[{"href":"https:\/\/staging.nbg.eu\/lt\/wp-json\/wp\/v2\/types\/product"}],"wp:featuredmedia":[{"embeddable":true,"href":"https:\/\/staging.nbg.eu\/lt\/wp-json\/wp\/v2\/media\/44090"}],"wp:attachment":[{"href":"https:\/\/staging.nbg.eu\/lt\/wp-json\/wp\/v2\/media?parent=44089"}],"wp:term":[{"taxonomy":"product_brand","embeddable":true,"href":"https:\/\/staging.nbg.eu\/lt\/wp-json\/wp\/v2\/product_brand?post=44089"},{"taxonomy":"product_cat","embeddable":true,"href":"https:\/\/staging.nbg.eu\/lt\/wp-json\/wp\/v2\/product_cat?post=44089"},{"taxonomy":"product_tag","embeddable":true,"href":"https:\/\/staging.nbg.eu\/lt\/wp-json\/wp\/v2\/product_tag?post=44089"}],"curies":[{"name":"wp","href":"https:\/\/api.w.org\/{rel}","templated":true}]}}