{"id":43987,"date":"2024-08-18T19:33:17","date_gmt":"2024-09-09T15:47:33","guid":{"rendered":"https:\/\/staging.nbg.eu\/product\/lynx-belt-single-link\/"},"modified":"2025-01-24T12:49:59","modified_gmt":"2025-01-24T12:49:59","slug":"lynx-dirzas-viengubas-grandis","status":"publish","type":"product","link":"https:\/\/staging.nbg.eu\/lt\/produktas\/lynx-dirzas-viengubas-grandis\/","title":{"rendered":"Lynx Dir\u017eas Viengubas Grandis"},"content":{"rendered":"<div class=\"product-description\">\n<h2>Lynx dir\u017eo atskira grandis<\/h2>\n<p>Pritaikykite savo Lynx dir\u017e\u0105 su atskiromis grandimis:<\/p>\n<ul>\n<li>Galima rinktis i\u0161 5 spalv\u0173<\/li>\n<li>Galima sukurti dir\u017e\u0105, atitinkant\u012f j\u016bs\u0173 \u0161alies v\u0117liav\u0105, \u0161audymo klub\u0105 ar uniform\u0105<\/li>\n<li>Galima \u012fsigyti atskiras grandis bet kokios spalvos ir kiekio<\/li>\n<\/ul>\n<h3>Matmenys:<\/h3>\n<ul>\n<li>Ilgis: 33 mm (nuo kai\u0161\u010dio iki kai\u0161\u010dio)<\/li>\n<li>Auk\u0161tis: 38,7 mm<\/li>\n<li>Storis: 8,8 mm (ant Velcro pagrindo), 7 mm (be pagrindo)<\/li>\n<\/ul>\n<p>Lynx dir\u017eo atskira grandis leid\u017eia pritaikyti dir\u017e\u0105 pagal savo pageidavimus.<\/p>\n<\/div>\n","protected":false},"excerpt":{"rendered":"<p>Pritaikoma dir\u017eo grandis: 5 spalvos, derinkite ir kurkite unikalius dizainus.<\/p>\n","protected":false},"featured_media":29150,"template":"","meta":{"_acf_changed":false},"product_brand":[11275],"product_cat":[13708,13711],"product_tag":[],"class_list":{"0":"post-43987","1":"product","2":"type-product","3":"status-publish","4":"has-post-thumbnail","6":"product_brand-doublealpha","7":"product_cat-iranga","8":"product_cat-sportiniai-dirzai","10":"first","11":"instock","12":"taxable","13":"shipping-taxable","14":"purchasable","15":"product-type-variable","16":"wvs-archive-product-wrapper"},"acf":[],"_links":{"self":[{"href":"https:\/\/staging.nbg.eu\/lt\/wp-json\/wp\/v2\/product\/43987","targetHints":{"allow":["GET"]}}],"collection":[{"href":"https:\/\/staging.nbg.eu\/lt\/wp-json\/wp\/v2\/product"}],"about":[{"href":"https:\/\/staging.nbg.eu\/lt\/wp-json\/wp\/v2\/types\/product"}],"wp:featuredmedia":[{"embeddable":true,"href":"https:\/\/staging.nbg.eu\/lt\/wp-json\/wp\/v2\/media\/29150"}],"wp:attachment":[{"href":"https:\/\/staging.nbg.eu\/lt\/wp-json\/wp\/v2\/media?parent=43987"}],"wp:term":[{"taxonomy":"product_brand","embeddable":true,"href":"https:\/\/staging.nbg.eu\/lt\/wp-json\/wp\/v2\/product_brand?post=43987"},{"taxonomy":"product_cat","embeddable":true,"href":"https:\/\/staging.nbg.eu\/lt\/wp-json\/wp\/v2\/product_cat?post=43987"},{"taxonomy":"product_tag","embeddable":true,"href":"https:\/\/staging.nbg.eu\/lt\/wp-json\/wp\/v2\/product_tag?post=43987"}],"curies":[{"name":"wp","href":"https:\/\/api.w.org\/{rel}","templated":true}]}}