{"id":43825,"date":"2024-08-18T19:43:56","date_gmt":"2024-09-09T15:35:00","guid":{"rendered":"https:\/\/staging.nbg.eu\/product\/alpha-xi-pouch-inlay\/"},"modified":"2024-09-09T15:35:57","modified_gmt":"2024-09-09T15:35:57","slug":"alpha-xi-deklo-ideklas","status":"publish","type":"product","link":"https:\/\/staging.nbg.eu\/lt\/produktas\/alpha-xi-deklo-ideklas\/","title":{"rendered":"Alpha-Xi D\u0117klo \u012ed\u0117klas"},"content":{"rendered":"<div class=\"product-description\">\n<h2>Alpha-Xi krep\u0161io \u012fd\u0117kl\u0173 rinkinys<\/h2>\n<p>Patobulinkite savo Alpha-Xi krep\u0161\u012f m\u016bs\u0173 individualiai pritaikytu \u012fd\u0117kl\u0173 rinkiniu, kur\u012f galite pasirinkti norima spalva. \u0160ie tiksliai i\u0161pjauti \u012fd\u0117klai yra sukurti taip, kad skland\u017eiai integruot\u0173si \u012f visas j\u016bs\u0173 Alpha-Xi krep\u0161io ki\u0161enes.<\/p>\n<ul>\n<li>Pilnas rinkinys visoms ki\u0161en\u0117ms<\/li>\n<li>Lengvas montavimas su 3M lipnia nugar\u0117le<\/li>\n<li>Apsaugin\u0117 pl\u0117vel\u0117 priekyje, apsauganti nuo \u012fbr\u0117\u017eim\u0173<\/li>\n<li>Nuimami (atsargiai) naudojant prieigos angas<\/li>\n<\/ul>\n<p>Montavimas yra paprastas: i\u0161imkite dalis, nuimkite apsaugines pl\u0117veles ir atsargiai \u012fd\u0117kite \u012f atitinkamas ki\u0161enes. Geriausiems rezultatams pasiekti, prie\u0161 nuimdami lipni\u0105 nugar\u0117l\u0119, patikrinkite, ar tinka. Pastaba: Nemontuokite ki\u0161en\u0117je, skirtoje rutuliniam sujungimui.<\/p>\n<p><strong>Persp\u0117jimas:<\/strong> \u012ed\u0117klai gali sul\u016b\u017eti juos i\u0161imant. B\u016bkite atsarg\u016bs, kai pritaikote savo Alpha-Xi krep\u0161\u012f.<\/p>\n<\/div>\n","protected":false},"excerpt":{"rendered":"<p>\u201eAlpha-Xi&#8221; ki\u0161en\u0117s \u012fd\u0117klai: individualiai pritaikyti \u012fd\u0117klai geresniam organizavimui.<\/p>\n","protected":false},"featured_media":37431,"template":"","meta":{"_acf_changed":false},"product_brand":[11275],"product_cat":[13695,13728,13708,13733],"product_tag":[],"class_list":{"0":"post-43825","1":"product","2":"type-product","3":"status-publish","4":"has-post-thumbnail","6":"product_brand-doublealpha","7":"product_cat-deklas","8":"product_cat-deklo-priedai","9":"product_cat-iranga","10":"product_cat-sportinis-deklas","12":"first","13":"instock","14":"taxable","15":"shipping-taxable","16":"purchasable","17":"product-type-variable","18":"wvs-archive-product-wrapper"},"acf":[],"_links":{"self":[{"href":"https:\/\/staging.nbg.eu\/lt\/wp-json\/wp\/v2\/product\/43825","targetHints":{"allow":["GET"]}}],"collection":[{"href":"https:\/\/staging.nbg.eu\/lt\/wp-json\/wp\/v2\/product"}],"about":[{"href":"https:\/\/staging.nbg.eu\/lt\/wp-json\/wp\/v2\/types\/product"}],"wp:featuredmedia":[{"embeddable":true,"href":"https:\/\/staging.nbg.eu\/lt\/wp-json\/wp\/v2\/media\/37431"}],"wp:attachment":[{"href":"https:\/\/staging.nbg.eu\/lt\/wp-json\/wp\/v2\/media?parent=43825"}],"wp:term":[{"taxonomy":"product_brand","embeddable":true,"href":"https:\/\/staging.nbg.eu\/lt\/wp-json\/wp\/v2\/product_brand?post=43825"},{"taxonomy":"product_cat","embeddable":true,"href":"https:\/\/staging.nbg.eu\/lt\/wp-json\/wp\/v2\/product_cat?post=43825"},{"taxonomy":"product_tag","embeddable":true,"href":"https:\/\/staging.nbg.eu\/lt\/wp-json\/wp\/v2\/product_tag?post=43825"}],"curies":[{"name":"wp","href":"https:\/\/api.w.org\/{rel}","templated":true}]}}