{"id":42867,"date":"2024-08-24T21:40:17","date_gmt":"2024-09-09T15:03:43","guid":{"rendered":"https:\/\/staging.nbg.eu\/product\/vanward-hunter\/"},"modified":"2024-09-09T15:05:49","modified_gmt":"2024-09-09T15:05:49","slug":"vanward-medziotojas","status":"publish","type":"product","link":"https:\/\/staging.nbg.eu\/lt\/produktas\/vanward-medziotojas\/","title":{"rendered":"Vanward Med\u017eiotojas"},"content":{"rendered":"<div class=\"product-description\">\n<h2>Vanward Hunter: Pa\u017eangus 3D spausdintas slopintuvas<\/h2>\n<p>Vanward Hunter \u012fk\u016bnija slopintuv\u0173 technologijos vir\u0161\u016bn\u0119, i\u0161sivys\u010diusi\u0105 i\u0161 garsiosios TE-Titan serijos. \u0160is pa\u017eangus dizainas si\u016blo:<\/p>\n<ul>\n<li>Optimizuot\u0105 pertvar\u0173 i\u0161d\u0117stym\u0105 geresniam sl\u0117gio i\u0161lyginimui<\/li>\n<li>\u0160e\u0161iakamp\u012f i\u0161orin\u012f ra\u0161t\u0105 didesniam standumui ir efektyvesniam au\u0161inimui<\/li>\n<li>Itin lengvas, tik 258 gramai*<\/li>\n<li>Ypating\u0105 triuk\u0161mo suma\u017einim\u0105 maksimaliam med\u017eiokl\u0117s efektyvumui<\/li>\n<li>Vientisos konstrukcijos 3D spausdint\u0105 5 klas\u0117s titan\u0105<\/li>\n<li>Kei\u010diamus ner\u016bdijan\u010dio plieno sriegi\u0173 \u012fd\u0117klus<\/li>\n<li>Atsparum\u0105 korozijai ir ma\u017e\u0105 prie\u017ei\u016bros poreik\u012f<\/li>\n<li>Komplekte yra POM atramin\u012f \u017eied\u0105 optimaliam vamzd\u017eio tarpui<\/li>\n<\/ul>\n<p>Galima \u012fsigyti .223, .264, .30 ir .338 kalibr\u0173, su \u012fvairiais sriegi\u0173 variantais, tinkan\u010diais j\u016bs\u0173 \u0161aunamajam ginklui.<\/p>\n<p>Patirkite neprilygstam\u0105 slopinimo technologij\u0105, sukurt\u0105 bendradarbiaujant su ekspertais \u0161auliais ir med\u017eiotojais. Vanward Hunter u\u017etikrina maksimal\u0173 saugum\u0105, patvarum\u0105 ir efektyvum\u0105 eleganti\u0161kame, inovatyviame pakete.<\/p>\n<\/div>\n","protected":false},"excerpt":{"rendered":"<p>3D spausdintas titano slopintuvas: lengvas, patvarus ir efektyvus.<\/p>\n","protected":false},"featured_media":102014,"template":"","meta":{"_acf_changed":false},"product_brand":[11939],"product_cat":[13741,13694,13676],"product_tag":[],"class_list":{"0":"post-42867","1":"product","2":"type-product","3":"status-publish","4":"has-post-thumbnail","6":"product_brand-vanward","7":"product_cat-sautuvas","8":"product_cat-sautuvo-slopintuvai","9":"product_cat-slopintuvai","11":"first","12":"instock","13":"taxable","14":"shipping-taxable","15":"purchasable","16":"product-type-variable","17":"wvs-archive-product-wrapper"},"acf":[],"_links":{"self":[{"href":"https:\/\/staging.nbg.eu\/lt\/wp-json\/wp\/v2\/product\/42867","targetHints":{"allow":["GET"]}}],"collection":[{"href":"https:\/\/staging.nbg.eu\/lt\/wp-json\/wp\/v2\/product"}],"about":[{"href":"https:\/\/staging.nbg.eu\/lt\/wp-json\/wp\/v2\/types\/product"}],"wp:featuredmedia":[{"embeddable":true,"href":"https:\/\/staging.nbg.eu\/lt\/wp-json\/wp\/v2\/media\/102014"}],"wp:attachment":[{"href":"https:\/\/staging.nbg.eu\/lt\/wp-json\/wp\/v2\/media?parent=42867"}],"wp:term":[{"taxonomy":"product_brand","embeddable":true,"href":"https:\/\/staging.nbg.eu\/lt\/wp-json\/wp\/v2\/product_brand?post=42867"},{"taxonomy":"product_cat","embeddable":true,"href":"https:\/\/staging.nbg.eu\/lt\/wp-json\/wp\/v2\/product_cat?post=42867"},{"taxonomy":"product_tag","embeddable":true,"href":"https:\/\/staging.nbg.eu\/lt\/wp-json\/wp\/v2\/product_tag?post=42867"}],"curies":[{"name":"wp","href":"https:\/\/api.w.org\/{rel}","templated":true}]}}