{"id":414764,"date":"2025-05-14T22:52:38","date_gmt":"2025-05-14T19:52:38","guid":{"rendered":"https:\/\/staging.nbg.eu\/product\/grip-kmr-s-dotmatrix-ergo-black\/"},"modified":"2025-07-03T13:18:24","modified_gmt":"2025-07-03T10:18:24","slug":"rankena-kmr-s-dotmatrix-ergo-juoda","status":"publish","type":"product","link":"https:\/\/staging.nbg.eu\/lt\/produktas\/rankena-kmr-s-dotmatrix-ergo-juoda\/","title":{"rendered":"Rankena KMR S DOTMATRIX ERGO JUODA"},"content":{"rendered":"<div class=\"product-description\">\n<h2>Rankena KMR S DOTMATRIX ERGO JUODA<\/h2>\n<p>\u0160ios duraliuminio rankenos turi golfo kamuoliuko ra\u0161t\u0105 geresniam sukibimui. Tinka esam\u0173 pistolet\u0173 atnaujinimui arba var\u017eybiniams ginklams. Suderinamos su KMR S-01 LANCE (OR), KMR S-02 (iki 2023 m.), ir kai kuriais CZ modeliais, \u012fskaitant Shadow 1, Shadow 2 ir SP-01.<\/p>\n<p>Nuoroda: 0611-03001-0101<\/p>\n<p>Prek\u0117s \u017eenklas: KMR Precision Arms<\/p>\n<\/div>\n","protected":false},"excerpt":{"rendered":"<p>Ergonomi\u0161kos duralio rankenos su golfo kamuoliuko ra\u0161tu, u\u017etikrinan\u010dios tvirt\u0105 laikym\u0105. Tinka KMR ir CZ pistoletams.<\/p>\n","protected":false},"featured_media":359499,"template":"","meta":{"_acf_changed":false},"product_brand":[11496],"product_cat":[13693,13742],"product_tag":[],"class_list":{"0":"post-414764","1":"product","2":"type-product","3":"status-publish","4":"has-post-thumbnail","6":"product_brand-kmr-precision","7":"product_cat-kmr-dalys","8":"product_cat-pistoleto-dalys","10":"first","11":"instock","12":"taxable","13":"shipping-taxable","14":"purchasable","15":"product-type-simple"},"acf":[],"_links":{"self":[{"href":"https:\/\/staging.nbg.eu\/lt\/wp-json\/wp\/v2\/product\/414764","targetHints":{"allow":["GET"]}}],"collection":[{"href":"https:\/\/staging.nbg.eu\/lt\/wp-json\/wp\/v2\/product"}],"about":[{"href":"https:\/\/staging.nbg.eu\/lt\/wp-json\/wp\/v2\/types\/product"}],"wp:featuredmedia":[{"embeddable":true,"href":"https:\/\/staging.nbg.eu\/lt\/wp-json\/wp\/v2\/media\/359499"}],"wp:attachment":[{"href":"https:\/\/staging.nbg.eu\/lt\/wp-json\/wp\/v2\/media?parent=414764"}],"wp:term":[{"taxonomy":"product_brand","embeddable":true,"href":"https:\/\/staging.nbg.eu\/lt\/wp-json\/wp\/v2\/product_brand?post=414764"},{"taxonomy":"product_cat","embeddable":true,"href":"https:\/\/staging.nbg.eu\/lt\/wp-json\/wp\/v2\/product_cat?post=414764"},{"taxonomy":"product_tag","embeddable":true,"href":"https:\/\/staging.nbg.eu\/lt\/wp-json\/wp\/v2\/product_tag?post=414764"}],"curies":[{"name":"wp","href":"https:\/\/api.w.org\/{rel}","templated":true}]}}