{"id":414625,"date":"2025-07-03T12:33:49","date_gmt":"2025-07-03T09:33:49","guid":{"rendered":"https:\/\/staging.nbg.eu\/product\/grips-kmr-w-dotmatrix-black\/"},"modified":"2025-07-03T12:36:16","modified_gmt":"2025-07-03T09:36:16","slug":"rankenu-dangteliai-kmr-w-dotmatrix-juodi","status":"publish","type":"product","link":"https:\/\/staging.nbg.eu\/lt\/produktas\/rankenu-dangteliai-kmr-w-dotmatrix-juodi\/","title":{"rendered":"RANKEN\u0172 DANGTELIAI KMR W DOTMATRIX JUODI"},"content":{"rendered":"<div class=\"product-description\">\n<h2>KMR W DOTMATRIX JUODOS RANKENOS<\/h2>\n<p>KMR pistoletui skirti duraliuminio rankenos. Ta\u0161kuotas pavir\u0161ius suteikia geresn\u012f sukibim\u0105. Tinka esam\u0173 pistolet\u0173 tobulinimui arba var\u017eybiniams ginklams. Savyb\u0117s:<\/p>\n<ul>\n<li>Ilgas dydis<\/li>\n<li>Anoduotas duraliuminis<\/li>\n<li>Be d\u0117tuv\u0117s kreiptuvo<\/li>\n<li>Su torx var\u017etais<\/li>\n<li>KMR logotipas<\/li>\n<\/ul>\n<p>Suderinamas su KMR W-02 CUDA (iki 2023 m.), UMBRA ir UMBRA (OR) modeliais.<\/p>\n<\/div>\n","protected":false},"excerpt":{"rendered":"<p>Patvarios duraliuminio rankenos su golfo kamuoliuko tekst\u016bra KMR pistoletams.<\/p>\n","protected":false},"featured_media":359338,"template":"","meta":{"_acf_changed":false},"product_brand":[11496],"product_cat":[13693,13742],"product_tag":[],"class_list":{"0":"post-414625","1":"product","2":"type-product","3":"status-publish","4":"has-post-thumbnail","6":"product_brand-kmr-precision","7":"product_cat-kmr-dalys","8":"product_cat-pistoleto-dalys","10":"first","11":"instock","12":"taxable","13":"shipping-taxable","14":"purchasable","15":"product-type-simple"},"acf":[],"_links":{"self":[{"href":"https:\/\/staging.nbg.eu\/lt\/wp-json\/wp\/v2\/product\/414625","targetHints":{"allow":["GET"]}}],"collection":[{"href":"https:\/\/staging.nbg.eu\/lt\/wp-json\/wp\/v2\/product"}],"about":[{"href":"https:\/\/staging.nbg.eu\/lt\/wp-json\/wp\/v2\/types\/product"}],"wp:featuredmedia":[{"embeddable":true,"href":"https:\/\/staging.nbg.eu\/lt\/wp-json\/wp\/v2\/media\/359338"}],"wp:attachment":[{"href":"https:\/\/staging.nbg.eu\/lt\/wp-json\/wp\/v2\/media?parent=414625"}],"wp:term":[{"taxonomy":"product_brand","embeddable":true,"href":"https:\/\/staging.nbg.eu\/lt\/wp-json\/wp\/v2\/product_brand?post=414625"},{"taxonomy":"product_cat","embeddable":true,"href":"https:\/\/staging.nbg.eu\/lt\/wp-json\/wp\/v2\/product_cat?post=414625"},{"taxonomy":"product_tag","embeddable":true,"href":"https:\/\/staging.nbg.eu\/lt\/wp-json\/wp\/v2\/product_tag?post=414625"}],"curies":[{"name":"wp","href":"https:\/\/api.w.org\/{rel}","templated":true}]}}