{"id":411876,"date":"2025-05-14T22:52:06","date_gmt":"2025-05-14T19:52:06","guid":{"rendered":"https:\/\/staging.nbg.eu\/product\/grips-kmr-w-dotmatrix-ergo-orange\/"},"modified":"2025-07-01T17:42:45","modified_gmt":"2025-07-01T14:42:45","slug":"rankenu-dangteliai-kmr-w-dotmatrix-ergo-oranziniai","status":"publish","type":"product","link":"https:\/\/staging.nbg.eu\/lt\/produktas\/rankenu-dangteliai-kmr-w-dotmatrix-ergo-oranziniai\/","title":{"rendered":"RANKEN\u0172 DANGTELIAI KMR W DOTMATRIX ERGO ORAN\u017dINIAI"},"content":{"rendered":"<div class=\"product-description\">\n<h2>KMR W DOTMATRIX ERGO ORAN\u017dIN\u0116S RANKENOS<\/h2>\n<p>Duralumionio rankenos KMR pistoletui su golfo kamuoliuko ra\u0161tu geresniam sukibimui. Tinka atnaujinimams arba var\u017eybiniams ginklams. \u0160ios oran\u017ein\u0117s DOTMATRIX ERGO rankenos suteikia kontrol\u0119. Suderinamos su KMR W-02 CUDA (iki 2023 m.), UMBRA ir UMBRA (OR) modeliais.<\/p>\n<p><strong>Nuoroda:<\/strong> 0611-03305-0101<\/p>\n<\/div>\n","protected":false},"excerpt":{"rendered":"<p>Ergonomi\u0161kos oran\u017ein\u0117s rankenos su ta\u0161k\u0173 matricos ra\u0161tu KMR pistoletams.<\/p>\n","protected":false},"featured_media":359384,"template":"","meta":{"_acf_changed":false},"product_brand":[11496],"product_cat":[13693,13742],"product_tag":[],"class_list":{"0":"post-411876","1":"product","2":"type-product","3":"status-publish","4":"has-post-thumbnail","6":"product_brand-kmr-precision","7":"product_cat-kmr-dalys","8":"product_cat-pistoleto-dalys","10":"first","11":"outofstock","12":"taxable","13":"shipping-taxable","14":"purchasable","15":"product-type-simple"},"acf":[],"_links":{"self":[{"href":"https:\/\/staging.nbg.eu\/lt\/wp-json\/wp\/v2\/product\/411876","targetHints":{"allow":["GET"]}}],"collection":[{"href":"https:\/\/staging.nbg.eu\/lt\/wp-json\/wp\/v2\/product"}],"about":[{"href":"https:\/\/staging.nbg.eu\/lt\/wp-json\/wp\/v2\/types\/product"}],"wp:featuredmedia":[{"embeddable":true,"href":"https:\/\/staging.nbg.eu\/lt\/wp-json\/wp\/v2\/media\/359384"}],"wp:attachment":[{"href":"https:\/\/staging.nbg.eu\/lt\/wp-json\/wp\/v2\/media?parent=411876"}],"wp:term":[{"taxonomy":"product_brand","embeddable":true,"href":"https:\/\/staging.nbg.eu\/lt\/wp-json\/wp\/v2\/product_brand?post=411876"},{"taxonomy":"product_cat","embeddable":true,"href":"https:\/\/staging.nbg.eu\/lt\/wp-json\/wp\/v2\/product_cat?post=411876"},{"taxonomy":"product_tag","embeddable":true,"href":"https:\/\/staging.nbg.eu\/lt\/wp-json\/wp\/v2\/product_tag?post=411876"}],"curies":[{"name":"wp","href":"https:\/\/api.w.org\/{rel}","templated":true}]}}