{"id":411768,"date":"2025-05-14T22:52:01","date_gmt":"2025-05-14T19:52:01","guid":{"rendered":"https:\/\/staging.nbg.eu\/product\/grips-kmr-w-dotmatrix-ergo-red\/"},"modified":"2025-07-01T17:35:27","modified_gmt":"2025-07-01T14:35:27","slug":"rankenu-dangteliai-kmr-w-dotmatrix-ergo-raudoni","status":"publish","type":"product","link":"https:\/\/staging.nbg.eu\/lt\/produktas\/rankenu-dangteliai-kmr-w-dotmatrix-ergo-raudoni\/","title":{"rendered":"RANKEN\u0172 DANGTELIAI KMR W DOTMATRIX ERGO RAUDONI"},"content":{"rendered":"<div class=\"product-description\">\n<h2>KMR W DOTMATRIX ERGO RAUDONOS RANKENOS<\/h2>\n<p>KMR pistoleto rankenos pagamintos i\u0161 duraliuminio su golfo kamuoliuko ra\u0161tu. Tinka KMR W-02 CUDA (iki 2023 m.), UMBRA ir UMBRA (OR) modeliams.<\/p>\n<ul>\n<li>Numeris: 0611-03305-0101<\/li>\n<li>Gamintojas: KMR Precision Arms<\/li>\n<li>Med\u017eiaga: Duraliuminis<\/li>\n<\/ul>\n<\/div>\n","protected":false},"excerpt":{"rendered":"<p>Patvar\u016bs, ergonomi\u0161ki griebtuvai KMR pistoletams. U\u017etikrintas laikymas.<\/p>\n","protected":false},"featured_media":359407,"template":"","meta":{"_acf_changed":false},"product_brand":[11496],"product_cat":[13693,13742],"product_tag":[],"class_list":{"0":"post-411768","1":"product","2":"type-product","3":"status-publish","4":"has-post-thumbnail","6":"product_brand-kmr-precision","7":"product_cat-kmr-dalys","8":"product_cat-pistoleto-dalys","10":"first","11":"outofstock","12":"taxable","13":"shipping-taxable","14":"purchasable","15":"product-type-simple"},"acf":[],"_links":{"self":[{"href":"https:\/\/staging.nbg.eu\/lt\/wp-json\/wp\/v2\/product\/411768","targetHints":{"allow":["GET"]}}],"collection":[{"href":"https:\/\/staging.nbg.eu\/lt\/wp-json\/wp\/v2\/product"}],"about":[{"href":"https:\/\/staging.nbg.eu\/lt\/wp-json\/wp\/v2\/types\/product"}],"wp:featuredmedia":[{"embeddable":true,"href":"https:\/\/staging.nbg.eu\/lt\/wp-json\/wp\/v2\/media\/359407"}],"wp:attachment":[{"href":"https:\/\/staging.nbg.eu\/lt\/wp-json\/wp\/v2\/media?parent=411768"}],"wp:term":[{"taxonomy":"product_brand","embeddable":true,"href":"https:\/\/staging.nbg.eu\/lt\/wp-json\/wp\/v2\/product_brand?post=411768"},{"taxonomy":"product_cat","embeddable":true,"href":"https:\/\/staging.nbg.eu\/lt\/wp-json\/wp\/v2\/product_cat?post=411768"},{"taxonomy":"product_tag","embeddable":true,"href":"https:\/\/staging.nbg.eu\/lt\/wp-json\/wp\/v2\/product_tag?post=411768"}],"curies":[{"name":"wp","href":"https:\/\/api.w.org\/{rel}","templated":true}]}}