{"id":411658,"date":"2025-07-01T17:25:00","date_gmt":"2025-07-01T14:25:00","guid":{"rendered":"https:\/\/staging.nbg.eu\/product\/grips-kmr-w-dotmatrix-ergo-silver\/"},"modified":"2025-07-01T17:27:27","modified_gmt":"2025-07-01T14:27:27","slug":"rankenu-dangteliai-kmr-w-dotmatrix-ergo-sidabriniai","status":"publish","type":"product","link":"https:\/\/staging.nbg.eu\/lt\/produktas\/rankenu-dangteliai-kmr-w-dotmatrix-ergo-sidabriniai\/","title":{"rendered":"RANKEN\u0172 DANGTELIAI KMR W DOTMATRIX ERGO SIDABRINIAI"},"content":{"rendered":"<div class=\"product-description\">\n<h2>KMR W DOTMATRIX ERGO SIDABRIN\u0116S RANKENOS<\/h2>\n<p>\u0160ios duraliuminio rankenos skirtos KMR pistoletui. Golfo kamuoliuko ra\u0161tas u\u017etikrina tvirt\u0105 laikym\u0105. Tinka atnaujinimams arba var\u017eybiniams ginklams.<\/p>\n<ul>\n<li>Nuoroda: 0611-03305-0101<\/li>\n<li>Prek\u0117s \u017eenklas: KMR Precision Arms<\/li>\n<li>Suderinamos su: KMR W-02 CUDA, UMBRA ir UMBRA (OR) modeliais<\/li>\n<\/ul>\n<\/div>\n","protected":false},"excerpt":{"rendered":"<p>Ergonomi\u0161kos duralio rankenos su golfo kamuoliuko ra\u0161tu KMR pistoletams. U\u017etikrina tvirt\u0105 laikym\u0105 bet kokioje situacijoje.<\/p>\n","protected":false},"featured_media":359430,"template":"","meta":{"_acf_changed":false},"product_brand":[11496],"product_cat":[13693,13742],"product_tag":[],"class_list":{"0":"post-411658","1":"product","2":"type-product","3":"status-publish","4":"has-post-thumbnail","6":"product_brand-kmr-precision","7":"product_cat-kmr-dalys","8":"product_cat-pistoleto-dalys","10":"first","11":"instock","12":"taxable","13":"shipping-taxable","14":"purchasable","15":"product-type-simple"},"acf":[],"_links":{"self":[{"href":"https:\/\/staging.nbg.eu\/lt\/wp-json\/wp\/v2\/product\/411658","targetHints":{"allow":["GET"]}}],"collection":[{"href":"https:\/\/staging.nbg.eu\/lt\/wp-json\/wp\/v2\/product"}],"about":[{"href":"https:\/\/staging.nbg.eu\/lt\/wp-json\/wp\/v2\/types\/product"}],"wp:featuredmedia":[{"embeddable":true,"href":"https:\/\/staging.nbg.eu\/lt\/wp-json\/wp\/v2\/media\/359430"}],"wp:attachment":[{"href":"https:\/\/staging.nbg.eu\/lt\/wp-json\/wp\/v2\/media?parent=411658"}],"wp:term":[{"taxonomy":"product_brand","embeddable":true,"href":"https:\/\/staging.nbg.eu\/lt\/wp-json\/wp\/v2\/product_brand?post=411658"},{"taxonomy":"product_cat","embeddable":true,"href":"https:\/\/staging.nbg.eu\/lt\/wp-json\/wp\/v2\/product_cat?post=411658"},{"taxonomy":"product_tag","embeddable":true,"href":"https:\/\/staging.nbg.eu\/lt\/wp-json\/wp\/v2\/product_tag?post=411658"}],"curies":[{"name":"wp","href":"https:\/\/api.w.org\/{rel}","templated":true}]}}