{"id":411548,"date":"2025-07-01T17:17:49","date_gmt":"2025-07-01T14:17:49","guid":{"rendered":"https:\/\/staging.nbg.eu\/product\/grips-kmr-w-dotmatrix-silver\/"},"modified":"2025-07-01T17:20:12","modified_gmt":"2025-07-01T14:20:12","slug":"rankenu-dangteliai-kmr-w-dotmatrix-sidabriniai","status":"publish","type":"product","link":"https:\/\/staging.nbg.eu\/lt\/produktas\/rankenu-dangteliai-kmr-w-dotmatrix-sidabriniai\/","title":{"rendered":"RANKEN\u0172 DANGTELIAI KMR W DOTMATRIX SIDABRINIAI"},"content":{"rendered":"<div class=\"product-description\">\n<h2>GRIPS KMR W DOTMATRIX SIDABRIN\u0116S<\/h2>\n<p>KMR pistoleto rankenos i\u0161 duraluiminio. Tekst\u016bra u\u017etikrina patikim\u0105 laikym\u0105. Tinka KMR W-02 CUDA (iki 2023), UMBRA ir UMBRA (OR) modeliams.<\/p>\n<ul>\n<li>Nuoroda: 0611-03301-0102<\/li>\n<li>Prek\u0117s \u017eenklas: KMR Precision Arms<\/li>\n<li>Med\u017eiaga: Duraluiminis<\/li>\n<\/ul>\n<\/div>\n","protected":false},"excerpt":{"rendered":"<p>Tekst\u016bruotos duraliuminio rankenos KMR pistoletams. Golfo kamuoliuko ra\u0161tas u\u017etikrina tvirt\u0105 laikym\u0105 bet kokioje situacijoje.<\/p>\n","protected":false},"featured_media":359453,"template":"","meta":{"_acf_changed":false},"product_brand":[11496],"product_cat":[13693,13742],"product_tag":[],"class_list":{"0":"post-411548","1":"product","2":"type-product","3":"status-publish","4":"has-post-thumbnail","6":"product_brand-kmr-precision","7":"product_cat-kmr-dalys","8":"product_cat-pistoleto-dalys","10":"first","11":"instock","12":"taxable","13":"shipping-taxable","14":"purchasable","15":"product-type-simple"},"acf":[],"_links":{"self":[{"href":"https:\/\/staging.nbg.eu\/lt\/wp-json\/wp\/v2\/product\/411548","targetHints":{"allow":["GET"]}}],"collection":[{"href":"https:\/\/staging.nbg.eu\/lt\/wp-json\/wp\/v2\/product"}],"about":[{"href":"https:\/\/staging.nbg.eu\/lt\/wp-json\/wp\/v2\/types\/product"}],"wp:featuredmedia":[{"embeddable":true,"href":"https:\/\/staging.nbg.eu\/lt\/wp-json\/wp\/v2\/media\/359453"}],"wp:attachment":[{"href":"https:\/\/staging.nbg.eu\/lt\/wp-json\/wp\/v2\/media?parent=411548"}],"wp:term":[{"taxonomy":"product_brand","embeddable":true,"href":"https:\/\/staging.nbg.eu\/lt\/wp-json\/wp\/v2\/product_brand?post=411548"},{"taxonomy":"product_cat","embeddable":true,"href":"https:\/\/staging.nbg.eu\/lt\/wp-json\/wp\/v2\/product_cat?post=411548"},{"taxonomy":"product_tag","embeddable":true,"href":"https:\/\/staging.nbg.eu\/lt\/wp-json\/wp\/v2\/product_tag?post=411548"}],"curies":[{"name":"wp","href":"https:\/\/api.w.org\/{rel}","templated":true}]}}