{"id":411440,"date":"2025-07-01T17:10:00","date_gmt":"2025-07-01T14:10:00","guid":{"rendered":"https:\/\/staging.nbg.eu\/product\/grips-kmr-w-modular-sandpaper-black\/"},"modified":"2025-07-01T17:12:25","modified_gmt":"2025-07-01T14:12:25","slug":"rankenu-dangteliai-kmr-w-modulinis-slifpopierius-juodas","status":"publish","type":"product","link":"https:\/\/staging.nbg.eu\/lt\/produktas\/rankenu-dangteliai-kmr-w-modulinis-slifpopierius-juodas\/","title":{"rendered":"RANKEN\u0172 DANGTELIAI KMR W MODULINIS \u0160LIFPOPIERIUS JUODAS"},"content":{"rendered":"<h2>KMR W MODULIN\u0116 \u0160VITRINIO POPIERIAUS RANKENA, JUODA<\/h2>\n<p>KMR W modulin\u0117 \u0161vitrinio popieriaus juoda rankena skirta \u0161aunamajam ginklui. \u0160i ilga, anoduoto duraliuminio rankena yra be d\u0117tuv\u0117s kreiptuvo. Turi KMR logotip\u0105 ir modulin\u012f dizain\u0105. Komplekte yra torx var\u017etai montavimui.<\/p>\n<ul>\n<li>Dydis: Ilgas<\/li>\n<li>Med\u017eiaga: Anoduotas duraliuminis<\/li>\n<li>Naudojimas: Be d\u0117tuv\u0117s kreiptuvo<\/li>\n<li>Komplekte: Torx var\u017etai<\/li>\n<li>Logotipas: KMR<\/li>\n<\/ul>\n<p><strong>Nuoroda:<\/strong> 0611-03304-0101<\/p>\n","protected":false},"excerpt":{"rendered":"<p>Ilga, patvari, anoduoto diuralio rankena.<\/p>\n","protected":false},"featured_media":359274,"template":"","meta":{"_acf_changed":false},"product_brand":[11496],"product_cat":[13693,13742],"product_tag":[],"class_list":{"0":"post-411440","1":"product","2":"type-product","3":"status-publish","4":"has-post-thumbnail","6":"product_brand-kmr-precision","7":"product_cat-kmr-dalys","8":"product_cat-pistoleto-dalys","10":"first","11":"instock","12":"taxable","13":"shipping-taxable","14":"purchasable","15":"product-type-simple"},"acf":[],"_links":{"self":[{"href":"https:\/\/staging.nbg.eu\/lt\/wp-json\/wp\/v2\/product\/411440","targetHints":{"allow":["GET"]}}],"collection":[{"href":"https:\/\/staging.nbg.eu\/lt\/wp-json\/wp\/v2\/product"}],"about":[{"href":"https:\/\/staging.nbg.eu\/lt\/wp-json\/wp\/v2\/types\/product"}],"wp:featuredmedia":[{"embeddable":true,"href":"https:\/\/staging.nbg.eu\/lt\/wp-json\/wp\/v2\/media\/359274"}],"wp:attachment":[{"href":"https:\/\/staging.nbg.eu\/lt\/wp-json\/wp\/v2\/media?parent=411440"}],"wp:term":[{"taxonomy":"product_brand","embeddable":true,"href":"https:\/\/staging.nbg.eu\/lt\/wp-json\/wp\/v2\/product_brand?post=411440"},{"taxonomy":"product_cat","embeddable":true,"href":"https:\/\/staging.nbg.eu\/lt\/wp-json\/wp\/v2\/product_cat?post=411440"},{"taxonomy":"product_tag","embeddable":true,"href":"https:\/\/staging.nbg.eu\/lt\/wp-json\/wp\/v2\/product_tag?post=411440"}],"curies":[{"name":"wp","href":"https:\/\/api.w.org\/{rel}","templated":true}]}}