{"id":411044,"date":"2025-07-01T16:46:20","date_gmt":"2025-07-01T13:46:20","guid":{"rendered":"https:\/\/staging.nbg.eu\/product\/surefire-ep7-bk-mpr-bulk-ear-plugs\/"},"modified":"2025-07-01T16:48:51","modified_gmt":"2025-07-01T13:48:51","slug":"surefire-ep7-bk-mpr-bulk-ausu-kistukai","status":"publish","type":"product","link":"https:\/\/staging.nbg.eu\/lt\/produktas\/surefire-ep7-bk-mpr-bulk-ausu-kistukai\/","title":{"rendered":"Surefire EP7-BK-MPR-BULK ausu kistukai"},"content":{"rendered":"<div class=\"product-description\">\n<h2>Surefire EP7-BK-MPR-BULK Aus\u0173 Ki\u0161tukai<\/h2>\n<h2>Klausos Apsauga<\/h2>\n<p>Surefire EP7 Sonic Defenders Ultra aus\u0173 ki\u0161tukai suteikia klausos apsaug\u0105. Triuk\u0161mo ma\u017einimo reitingas (NRR) yra 28 dB. \u0160ie aus\u0173 ki\u0161tukai apsaugo nuo triuk\u0161mo sukelto klausos praradimo (NIHL).<\/p>\n<h3>Pagrindin\u0117s Savyb\u0117s:<\/h3>\n<ul>\n<li>Putplas\u010dio antgaliai su Comply\u2122 Canal Tips<\/li>\n<li>28 dB triuk\u0161mo ma\u017einimo reitingas (NRR) su \u012fd\u0117tais filtro dangteliais<\/li>\n<li>Praleid\u017eia saugaus lygio garsus, suma\u017eindami pavojingus garsus vir\u0161 85 dB<\/li>\n<li>EarLock\u00ae fiksavimo \u017eiedai su septyniais kontaktiniais ta\u0161kais<\/li>\n<li>Pagaminta i\u0161 hipoalergin\u0117s, medicinin\u0117s klas\u0117s polimero<\/li>\n<li>Tinka naudoti su kauk\u0117mis, \u0161almais ir ausin\u0117mis<\/li>\n<li>Prijungiami filtro dangteliai papildomai apsaugai triuk\u0161mingoje aplinkoje<\/li>\n<li>Suderinami su \u012fvairiomis radijo ry\u0161io sistemomis<\/li>\n<\/ul>\n<h3>Papildoma Informacija:<\/h3>\n<ul>\n<li>Galimi skaidr\u016bs, juodi arba oran\u017einiai<\/li>\n<li>Komplekte yra 66 cm polimero virvut\u0117 ir papildoma pora Comply\u2122 Canal antgali\u0173<\/li>\n<li>Dyd\u017eiai: Ma\u017eas (S), Vidutinis (M) ir Didelis (L)<\/li>\n<li>Atitikties deklaracija pateikiama surefire.com\/doc-ep7<\/li>\n<\/ul>\n<p>Surefire EP7 Sonic Defenders Ultra aus\u0173 ki\u0161tukai tinka profesionaliam ir laisvalaikio naudojimui, u\u017etikrinant klausos apsaug\u0105.<\/p>\n<\/div>\n","protected":false},"excerpt":{"rendered":"<p>Apsauginiai aus\u0173 ki\u0161tukai su 28 dB NRR. Praleid\u017eia saugius garsus. Patog\u016bs putplas\u010dio antgaliai.<\/p>\n","protected":false},"featured_media":399769,"template":"","meta":{"_acf_changed":false},"product_brand":[11872],"product_cat":[13708,13703],"product_tag":[],"class_list":{"0":"post-411044","1":"product","2":"type-product","3":"status-publish","4":"has-post-thumbnail","6":"product_brand-surefire","7":"product_cat-iranga","8":"product_cat-klausos-apsauga","10":"first","11":"instock","12":"taxable","13":"shipping-taxable","14":"purchasable","15":"product-type-simple"},"acf":[],"_links":{"self":[{"href":"https:\/\/staging.nbg.eu\/lt\/wp-json\/wp\/v2\/product\/411044","targetHints":{"allow":["GET"]}}],"collection":[{"href":"https:\/\/staging.nbg.eu\/lt\/wp-json\/wp\/v2\/product"}],"about":[{"href":"https:\/\/staging.nbg.eu\/lt\/wp-json\/wp\/v2\/types\/product"}],"wp:featuredmedia":[{"embeddable":true,"href":"https:\/\/staging.nbg.eu\/lt\/wp-json\/wp\/v2\/media\/399769"}],"wp:attachment":[{"href":"https:\/\/staging.nbg.eu\/lt\/wp-json\/wp\/v2\/media?parent=411044"}],"wp:term":[{"taxonomy":"product_brand","embeddable":true,"href":"https:\/\/staging.nbg.eu\/lt\/wp-json\/wp\/v2\/product_brand?post=411044"},{"taxonomy":"product_cat","embeddable":true,"href":"https:\/\/staging.nbg.eu\/lt\/wp-json\/wp\/v2\/product_cat?post=411044"},{"taxonomy":"product_tag","embeddable":true,"href":"https:\/\/staging.nbg.eu\/lt\/wp-json\/wp\/v2\/product_tag?post=411044"}],"curies":[{"name":"wp","href":"https:\/\/api.w.org\/{rel}","templated":true}]}}