{"id":410748,"date":"2025-07-01T16:30:39","date_gmt":"2025-07-01T13:30:39","guid":{"rendered":"https:\/\/staging.nbg.eu\/product\/surefire-csm-09-push-button-switch\/"},"modified":"2025-07-01T16:33:10","modified_gmt":"2025-07-01T13:33:10","slug":"surefire-csm-09-mygtukinis-jungiklis","status":"publish","type":"product","link":"https:\/\/staging.nbg.eu\/lt\/produktas\/surefire-csm-09-mygtukinis-jungiklis\/","title":{"rendered":"Surefire CSM-09 mygtukinis jungiklis"},"content":{"rendered":"<div class=\"product-description\">\n<h2>Surefire CSM-09 mygtukin\u0117 jungtis<\/h2>\n<h2>Nuotolinis valdymas. Vietos taupymas.<\/h2>\n<p>CSM-09 mygtukin\u0117 jungtis skirta nuotoliniu b\u016bdu aktyvuoti SureFire ginkl\u0173 \u017eibintuv\u0117l\u012f, maksimaliai i\u0161naudojant ginklo b\u0117gelio viet\u0105. \u0160i kompakti\u0161ka jungtis si\u016blo momentin\u012f ir nuolatin\u012f \u012fjungim\u0105 vienu valdymo elementu.<\/p>\n<h3>Pagrindin\u0117s savyb\u0117s:<\/h3>\n<ul>\n<li>Nuotolinis SureFire ginkl\u0173 \u017eibintuv\u0117li\u0173 su jungties lizdais aktyvavimas<\/li>\n<li>Kompakti\u0161kas dizainas efektyviam b\u0117gelio vietos panaudojimui<\/li>\n<li>Lengvas tvirtinimas prie M-LOK b\u0117geli\u0173<\/li>\n<li>Atspari oro s\u0105lygoms konstrukcija<\/li>\n<li>9 coli\u0173 kabelis, tinkamas daugumai \u0161autuv\u0173\/karabin\u0173<\/li>\n<\/ul>\n<h3>Suderinamumas:<\/h3>\n<p>CSM-09 suderinama su \u012fvairiais SureFire ginkl\u0173 \u017eibintuv\u0117liais, \u012fskaitant:<\/p>\n<ul>\n<li>Millennium Universal<\/li>\n<li>Classic Universal<\/li>\n<li>Scout Light (su lizdiniu galiniu dangteliu)<\/li>\n<li>X300<\/li>\n<li>X400 (su XT galinio dangtelio komplektu)<\/li>\n<\/ul>\n<h3>Naudojimas:<\/h3>\n<p>\u017dibintuv\u0117lio aktyvavimas:<\/p>\n<ul>\n<li>Lengvas paspaudimas momentiniam \u012fjungimui<\/li>\n<li>Pilnas paspaudimas nuolatiniam \u012fjungimui<\/li>\n<\/ul>\n<p>CSM-09 mygtukin\u0117 jungtis u\u017etikrina, kad j\u016bs\u0173 ginklo \u017eibintuv\u0117lis bus paruo\u0161tas naudoti, kai jo prireiks. Ji pasi\u017eymi patvarumu, tikslumu ir veiksmingumu.<\/p>\n<\/div>\n","protected":false},"excerpt":{"rendered":"<p>Kompakti\u0161kas M-LOK nuotolinio valdymo jungiklis, skirtas SureFire ginkl\u0173 \u017eibintuv\u0117liams. Momentinis ir nuolatinis \u012fjungimas.<\/p>\n","protected":false},"featured_media":399894,"template":"","meta":{"_acf_changed":false},"product_brand":[11872],"product_cat":[13732,13756],"product_tag":[],"class_list":{"0":"post-410748","1":"product","2":"type-product","3":"status-publish","4":"has-post-thumbnail","6":"product_brand-surefire","7":"product_cat-zibintuveliai","8":"product_cat-zibintuveliu-priedai","10":"first","11":"instock","12":"taxable","13":"shipping-taxable","14":"purchasable","15":"product-type-simple"},"acf":[],"_links":{"self":[{"href":"https:\/\/staging.nbg.eu\/lt\/wp-json\/wp\/v2\/product\/410748","targetHints":{"allow":["GET"]}}],"collection":[{"href":"https:\/\/staging.nbg.eu\/lt\/wp-json\/wp\/v2\/product"}],"about":[{"href":"https:\/\/staging.nbg.eu\/lt\/wp-json\/wp\/v2\/types\/product"}],"wp:featuredmedia":[{"embeddable":true,"href":"https:\/\/staging.nbg.eu\/lt\/wp-json\/wp\/v2\/media\/399894"}],"wp:attachment":[{"href":"https:\/\/staging.nbg.eu\/lt\/wp-json\/wp\/v2\/media?parent=410748"}],"wp:term":[{"taxonomy":"product_brand","embeddable":true,"href":"https:\/\/staging.nbg.eu\/lt\/wp-json\/wp\/v2\/product_brand?post=410748"},{"taxonomy":"product_cat","embeddable":true,"href":"https:\/\/staging.nbg.eu\/lt\/wp-json\/wp\/v2\/product_cat?post=410748"},{"taxonomy":"product_tag","embeddable":true,"href":"https:\/\/staging.nbg.eu\/lt\/wp-json\/wp\/v2\/product_tag?post=410748"}],"curies":[{"name":"wp","href":"https:\/\/api.w.org\/{rel}","templated":true}]}}