{"id":410441,"date":"2025-05-09T10:48:01","date_gmt":"2025-05-09T07:48:01","guid":{"rendered":"https:\/\/staging.nbg.eu\/product\/surefire-csp-07-push-button-switch\/"},"modified":"2025-07-01T16:09:55","modified_gmt":"2025-07-01T13:09:55","slug":"surefire-csp-07-mygtukinis-jungiklis","status":"publish","type":"product","link":"https:\/\/staging.nbg.eu\/lt\/produktas\/surefire-csp-07-mygtukinis-jungiklis\/","title":{"rendered":"Surefire CSP-07 mygtukinis jungiklis"},"content":{"rendered":"<div class=\"product-description\">\n<h2>Surefire CSP-07 mygtukas jungiklis<\/h2>\n<h2>Nuotolinis valdymas. Vietos taupymas.<\/h2>\n<p>CSP-07 mygtukas jungiklis yra skirtas nuotoliniu b\u016bdu aktyvuoti j\u016bs\u0173 SureFire ginklo \u017eibintuv\u0117l\u012f, taupant viet\u0105 ant ginklo b\u0117gelio. \u0160is kompakti\u0161kas jungiklis si\u016blo laikino ir nuolatinio \u012fjungimo funkcijas vienu valdymu.<\/p>\n<h3>Pagrindin\u0117s savyb\u0117s:<\/h3>\n<ul>\n<li>Nuotolinis SureFire ginklo \u017eibintuv\u0117li\u0173 su ki\u0161tuko lizdais valdymas<\/li>\n<li>Kompakti\u0161kas dizainas efektyviam b\u0117gelio vietos panaudojimui<\/li>\n<li>Laikinas \u012fjungimas lengvu paspaudimu, nuolatinis \u012fjungimas pilnu paspaudimu<\/li>\n<li>Tvirtas polimerinis korpusas<\/li>\n<li>Lengvas tvirtinimas prie Picatinny b\u0117geli\u0173<\/li>\n<li>7 coli\u0173 kabelis tinkamas daugumai \u0161autuv\u0173\/karabin\u0173<\/li>\n<li>Atsparus oro s\u0105lygoms jungiklis ir ki\u0161tukas<\/li>\n<\/ul>\n<h3>Suderinamumas:<\/h3>\n<p>CSP-07 suderinamas su SureFire ginklo \u017eibintuv\u0117liais, turin\u010diais ki\u0161tuko lizdus, \u012fskaitant:<\/p>\n<ul>\n<li>Millennium Universal<\/li>\n<li>Classic Universal<\/li>\n<li>Scout Light (su lizdo galine dalimi)<\/li>\n<li>X300<\/li>\n<li>X400 (su XT galin\u0117s dalies rinkiniu)<\/li>\n<\/ul>\n<h3>Kod\u0117l rinktis CSP-07?<\/h3>\n<p>CSP-07 u\u017etikrina, kad j\u016bs\u0173 ginklo \u017eibintuv\u0117lis bus paruo\u0161tas, kai jo prireiks. Jo vietos taupymo dizainas ir montavimas be \u012franki\u0173 daro j\u012f tinkamu taktiniams profesionalams ir entuziastams. CSP-07 u\u017etikrina greit\u0105 ir patikim\u0105 ap\u0161vietim\u0105 bet kokioje situacijoje.<\/p>\n<\/div>\n","protected":false},"excerpt":{"rendered":"<p>Nuotolinis ginklo \u017eibinto aktyvavimas. Kompakti\u0161kas dizainas. Momentinio ir nuolatinio \u012fjungimo re\u017eimai.<\/p>\n","protected":false},"featured_media":399941,"template":"","meta":{"_acf_changed":false},"product_brand":[11872],"product_cat":[13732,13756],"product_tag":[],"class_list":{"0":"post-410441","1":"product","2":"type-product","3":"status-publish","4":"has-post-thumbnail","6":"product_brand-surefire","7":"product_cat-zibintuveliai","8":"product_cat-zibintuveliu-priedai","10":"first","11":"instock","12":"taxable","13":"shipping-taxable","14":"purchasable","15":"product-type-simple"},"acf":[],"_links":{"self":[{"href":"https:\/\/staging.nbg.eu\/lt\/wp-json\/wp\/v2\/product\/410441","targetHints":{"allow":["GET"]}}],"collection":[{"href":"https:\/\/staging.nbg.eu\/lt\/wp-json\/wp\/v2\/product"}],"about":[{"href":"https:\/\/staging.nbg.eu\/lt\/wp-json\/wp\/v2\/types\/product"}],"wp:featuredmedia":[{"embeddable":true,"href":"https:\/\/staging.nbg.eu\/lt\/wp-json\/wp\/v2\/media\/399941"}],"wp:attachment":[{"href":"https:\/\/staging.nbg.eu\/lt\/wp-json\/wp\/v2\/media?parent=410441"}],"wp:term":[{"taxonomy":"product_brand","embeddable":true,"href":"https:\/\/staging.nbg.eu\/lt\/wp-json\/wp\/v2\/product_brand?post=410441"},{"taxonomy":"product_cat","embeddable":true,"href":"https:\/\/staging.nbg.eu\/lt\/wp-json\/wp\/v2\/product_cat?post=410441"},{"taxonomy":"product_tag","embeddable":true,"href":"https:\/\/staging.nbg.eu\/lt\/wp-json\/wp\/v2\/product_tag?post=410441"}],"curies":[{"name":"wp","href":"https:\/\/api.w.org\/{rel}","templated":true}]}}