{"id":40997,"date":"2024-08-26T13:29:45","date_gmt":"2024-09-09T14:57:11","guid":{"rendered":"https:\/\/staging.nbg.eu\/product\/vanward-hunter-pro\/"},"modified":"2024-09-09T14:59:15","modified_gmt":"2024-09-09T14:59:15","slug":"vanward-hunter-pro","status":"publish","type":"product","link":"https:\/\/staging.nbg.eu\/lt\/produktas\/vanward-hunter-pro\/","title":{"rendered":"Vanward Hunter PRO"},"content":{"rendered":"<div class=\"product-description\">\n<h2>Vanward Hunter PRO<\/h2>\n<p>Patirkite auk\u0161\u010diausi\u0105 na\u0161um\u0105 su ma\u017eiau nei 300 gram\u0173 sverian\u010diu Vanward Hunter PRO slopintuvu. Pasi\u017eymintis optimizuotu pertvar\u0173 i\u0161d\u0117stymu geresniam sl\u0117gio paskirstymui ir tvirtu \u0161e\u0161iakampiu i\u0161oriniu dizainu, \u0161is slopintuvas u\u017etikrina didesn\u012f saugum\u0105, tvirtum\u0105 ir efektyvesn\u012f au\u0161inim\u0105.<\/p>\n<h2>Pagrindin\u0117s savyb\u0117s:<\/h2>\n<ul>\n<li>3D spausdintas i\u0161 vieno 5 klas\u0117s titano gabalo maksimaliam saugumui ir na\u0161umui<\/li>\n<li>Ypa\u010d patvarus ir atsparus korozijai<\/li>\n<li>Kei\u010diami ner\u016bdijan\u010dio plieno sriegi\u0173 \u012fd\u0117klai<\/li>\n<li>POM \u017eiedas optimaliam vamzd\u017eio tarpui<\/li>\n<li>Galimi \u012fvair\u016bs sriegi\u0173 tipai: 1\/2*28&#8243;, 5\/8&#215;24&#8243; M14x1, M14x1.5, M15x1, M16x1, M18x1<\/li>\n<\/ul>\n<h2>Specifikacijos:<\/h2>\n<ul>\n<li>Skersmuo: 48mm<\/li>\n<li>Ilgis: 220mm<\/li>\n<li>Svoris: 295 gramai*<\/li>\n<\/ul>\n<p>Vanward Hunter PRO inovatyvus dizainas ir auk\u0161\u010diausios kokyb\u0117s med\u017eiagos daro j\u012f tobulu pasirinkimu reikliems med\u017eiotojams ir \u0161audymo entuziastams, kurie reikalauja geriausi\u0173 slopintuvo technologij\u0173.<\/p>\n<\/div>\n","protected":false},"excerpt":{"rendered":"<p>Ypa\u010d lengvas, titano slopintuvas su optimizuotu veikimu.<\/p>\n","protected":false},"featured_media":102158,"template":"","meta":{"_acf_changed":false},"product_brand":[11939],"product_cat":[13741,13694,13676],"product_tag":[],"class_list":{"0":"post-40997","1":"product","2":"type-product","3":"status-publish","4":"has-post-thumbnail","6":"product_brand-vanward","7":"product_cat-sautuvas","8":"product_cat-sautuvo-slopintuvai","9":"product_cat-slopintuvai","11":"first","12":"instock","13":"taxable","14":"shipping-taxable","15":"purchasable","16":"product-type-variable","17":"wvs-archive-product-wrapper"},"acf":[],"_links":{"self":[{"href":"https:\/\/staging.nbg.eu\/lt\/wp-json\/wp\/v2\/product\/40997","targetHints":{"allow":["GET"]}}],"collection":[{"href":"https:\/\/staging.nbg.eu\/lt\/wp-json\/wp\/v2\/product"}],"about":[{"href":"https:\/\/staging.nbg.eu\/lt\/wp-json\/wp\/v2\/types\/product"}],"wp:featuredmedia":[{"embeddable":true,"href":"https:\/\/staging.nbg.eu\/lt\/wp-json\/wp\/v2\/media\/102158"}],"wp:attachment":[{"href":"https:\/\/staging.nbg.eu\/lt\/wp-json\/wp\/v2\/media?parent=40997"}],"wp:term":[{"taxonomy":"product_brand","embeddable":true,"href":"https:\/\/staging.nbg.eu\/lt\/wp-json\/wp\/v2\/product_brand?post=40997"},{"taxonomy":"product_cat","embeddable":true,"href":"https:\/\/staging.nbg.eu\/lt\/wp-json\/wp\/v2\/product_cat?post=40997"},{"taxonomy":"product_tag","embeddable":true,"href":"https:\/\/staging.nbg.eu\/lt\/wp-json\/wp\/v2\/product_tag?post=40997"}],"curies":[{"name":"wp","href":"https:\/\/api.w.org\/{rel}","templated":true}]}}