{"id":409669,"date":"2025-07-01T13:40:40","date_gmt":"2025-07-01T10:40:40","guid":{"rendered":"https:\/\/staging.nbg.eu\/product\/surefire-m340v-tn-pro-scout-light-pro\/"},"modified":"2025-07-01T13:43:14","modified_gmt":"2025-07-01T10:43:14","slug":"surefire-m340v-tn-pro-scout-light-pro","status":"publish","type":"product","link":"https:\/\/staging.nbg.eu\/lt\/produktas\/surefire-m340v-tn-pro-scout-light-pro\/","title":{"rendered":"Surefire M340V-TN-PRO Scout Light Pro"},"content":{"rendered":"<h2>Surefire M340V-TN-PRO Scout Light Pro<\/h2>\n<h2>\u0160viesos \u012frankis<\/h2>\n<p>Mini infraraudon\u0173j\u0173 spinduli\u0173 Scout Light\u00ae Pro yra 3 volt\u0173 ginklo \u0161viesa, skirta naudoti \u012fvairiomis ap\u0161vietimo s\u0105lygomis. \u0160is \u0161viesos \u012frankis si\u016blo:<\/p>\n<ul>\n<li>250 liumen\u0173 baltos \u0161viesos<\/li>\n<li>100 mW nematomos infraraudonosios \u0161viesos naktinio matymo prietaisams<\/li>\n<li>Nereikia IR filtr\u0173 ar atsargini\u0173 lemp\u0173<\/li>\n<li>Naujas SureFire \u017eemo profilio tvirtinimas (LPM)<\/li>\n<li>Lengvas perjungimas tarp baltos \u0161viesos, i\u0161jungimo ir infraraudon\u0173j\u0173 spinduli\u0173 re\u017eim\u0173<\/li>\n<li>TIR l\u0119\u0161is siauresniam spinduliui, tinkamam artimam ir vidutiniam nuotoliui<\/li>\n<\/ul>\n<h3>Tvirta konstrukcija<\/h3>\n<p>M340V-TN-PRO sukurtas atlaikyti sud\u0117tingas s\u0105lygas ir turi:<\/p>\n<ul>\n<li>Didelio stiprumo aviacinio aliuminio korpus\u0105<\/li>\n<li>Mil-Spec kiet\u0105j\u012f anodavim\u0105 atsparumui ir apsaugai nuo korozijos<\/li>\n<li>Labai atsparius IR ir baltos \u0161viesos LED<\/li>\n<li>IPX7 atsparumo vandeniui klas\u0119<\/li>\n<\/ul>\n<h3>Pagrindin\u0117s specifikacijos<\/h3>\n<ul>\n<li>I\u0161vestis: 250 liumen\u0173 (balta) \/ 100 mW (IR)<\/li>\n<li>Veikimo laikas: 1,5 valandos (balta) \/ 6,0 valandos (IR)<\/li>\n<li>Maksimalus spindulio intensyvumas: 9300 kandel\u0173<\/li>\n<li>Spindulio atstumas: 190 metr\u0173<\/li>\n<li>Ilgis: 4,1 colio (10,4 cm)<\/li>\n<li>Svoris: 3,4 uncijos (96,4 g) su baterija<\/li>\n<li>Maitinimas: Viena 123A li\u010dio baterija (pridedama)<\/li>\n<\/ul>\n<p>Surefire M340V-TN-PRO Scout Light Pro yra \u012frankis, skirtas naudoti taktin\u0117se situacijose esant prastam ap\u0161vietimui.<\/p>\n","protected":false},"excerpt":{"rendered":"<p>Universalus taktinis \u017eibintuv\u0117lis su 250 liumen\u0173 baltos \u0161viesos\/100mW infraraudon\u0173j\u0173 spinduli\u0173, tvirtos konstrukcijos, montuojamas ant b\u0117gelio.<\/p>\n","protected":false},"featured_media":400320,"template":"","meta":{"_acf_changed":false},"product_brand":[11872],"product_cat":[13692,13732],"product_tag":[],"class_list":{"0":"post-409669","1":"product","2":"type-product","3":"status-publish","4":"has-post-thumbnail","6":"product_brand-surefire","7":"product_cat-sautuvo-zibintuveliai","8":"product_cat-zibintuveliai","10":"first","11":"instock","12":"taxable","13":"shipping-taxable","14":"purchasable","15":"product-type-simple"},"acf":[],"_links":{"self":[{"href":"https:\/\/staging.nbg.eu\/lt\/wp-json\/wp\/v2\/product\/409669","targetHints":{"allow":["GET"]}}],"collection":[{"href":"https:\/\/staging.nbg.eu\/lt\/wp-json\/wp\/v2\/product"}],"about":[{"href":"https:\/\/staging.nbg.eu\/lt\/wp-json\/wp\/v2\/types\/product"}],"wp:featuredmedia":[{"embeddable":true,"href":"https:\/\/staging.nbg.eu\/lt\/wp-json\/wp\/v2\/media\/400320"}],"wp:attachment":[{"href":"https:\/\/staging.nbg.eu\/lt\/wp-json\/wp\/v2\/media?parent=409669"}],"wp:term":[{"taxonomy":"product_brand","embeddable":true,"href":"https:\/\/staging.nbg.eu\/lt\/wp-json\/wp\/v2\/product_brand?post=409669"},{"taxonomy":"product_cat","embeddable":true,"href":"https:\/\/staging.nbg.eu\/lt\/wp-json\/wp\/v2\/product_cat?post=409669"},{"taxonomy":"product_tag","embeddable":true,"href":"https:\/\/staging.nbg.eu\/lt\/wp-json\/wp\/v2\/product_tag?post=409669"}],"curies":[{"name":"wp","href":"https:\/\/api.w.org\/{rel}","templated":true}]}}