{"id":408097,"date":"2025-07-01T12:01:32","date_gmt":"2025-07-01T09:01:32","guid":{"rendered":"https:\/\/staging.nbg.eu\/product\/surefire-m640df-bk-pro-scout-light-pro-black\/"},"modified":"2025-07-01T12:04:38","modified_gmt":"2025-07-01T09:04:38","slug":"surefire-m640df-bk-pro-scout-light-pro-juodas","status":"publish","type":"product","link":"https:\/\/staging.nbg.eu\/lt\/produktas\/surefire-m640df-bk-pro-scout-light-pro-juodas\/","title":{"rendered":"Surefire M640DF-BK-PRO Scout Light Pro, juodas"},"content":{"rendered":"<div class=\"product-description\">\n<h2>Surefire M640DF-BK-PRO Scout Light Pro, Juoda<\/h2>\n<p>Dvigubo maitinimo Scout Light\u00ae Pro yra ginklo \u017eibintas, derinantis patikrintus elementus su nauja technologija. \u0160is ap\u0161vietimo \u012frankis skirtas naudoti taktin\u0117se situacijose.<\/p>\n<h2>Pagrindin\u0117s savyb\u0117s:<\/h2>\n<ul>\n<li>Skleid\u017eia iki 1 500 liumen\u0173 baltos \u0161viesos<\/li>\n<li>Dvigubo maitinimo galimyb\u0117: naudoja SF18650B \u012fkraunam\u0105 arba dvi 123A li\u010dio baterijas<\/li>\n<li>\u017demo profilio tvirtinimas (LPM) optimaliam pozicionavimui<\/li>\n<li>Hibridinis spindulio modelis ilgo nuotolio identifikavimui ir aplinkos suvokimui<\/li>\n<li>Labai atsparus didelio galingumo LED<\/li>\n<li>Karin\u0117s specifikacijos anoduoto aliuminio konstrukcija<\/li>\n<\/ul>\n<h2>Universalumas ir veikimas:<\/h2>\n<p>M640DF-BK-PRO turi nauj\u0105 \u017eemo profilio tvirtinim\u0105 (LPM). Suderinamas su MIL-STD-1913 ir M-LOK b\u0117geli\u0173 sistemomis. LED skleid\u017eia 1 500 liumen\u0173 su SF18650B baterija arba 1 200 liumen\u0173 su 123A baterijomis, naudojant TIR l\u0119\u0161\u012f.<\/p>\n<h2>Sukurtas sunkioms s\u0105lygoms:<\/h2>\n<p>Pagamintas i\u0161 lengvo aviacinio aliuminio su karin\u0117s specifikacijos anodavimu. O-\u017eied\u0173 sandarikliai u\u017etikrina IPX7 atsparum\u0105 vandeniui. Gr\u016bdintas langelis ir tvirta konstrukcija u\u017etikrina patvarum\u0105.<\/p>\n<h2>Taktinis prana\u0161umas:<\/h2>\n<p>Maksimalus spindulio intensyvumas &#8211; 16 000 kandela, spindulio atstumas &#8211; iki 250 metr\u0173. Z68 momentinis\/nuolatinis \u012fjungimo mygtukas su taktiniu gaubtu u\u017etikrina patikim\u0105 aktyvavim\u0105.<\/p>\n<h2>Technin\u0117s specifikacijos:<\/h2>\n<ul>\n<li>Ilgis: 14,1 cm<\/li>\n<li>Svoris su baterijomis: 156 g<\/li>\n<li>Priekinio gaubto skersmuo: 2,9 cm<\/li>\n<li>Galia: Auk\u0161ta &#8211; 1 500 liumen\u0173 (SF18650B) \/ 1 200 liumen\u0173 (123A)<\/li>\n<li>Veikimo laikas: 1,5 valandos (SF18650B) \/ 1,25 valandos (123A)<\/li>\n<\/ul>\n<p>Surefire M640DF-BK-PRO Scout Light Pro yra ginklo ap\u0161vietimo \u012frenginys, skirtas naudoti \u012fvairiose aplinkose.<\/p>\n<\/div>\n","protected":false},"excerpt":{"rendered":"<p>Galingas 1 500 liumen\u0173 taktinis \u017eibintuv\u0117lis su universaliu tvirtinimu, skirtas naudoti artimame ir tolimame nuotolyje.<\/p>\n","protected":false},"featured_media":400343,"template":"","meta":{"_acf_changed":false},"product_brand":[11872],"product_cat":[13692,13732],"product_tag":[],"class_list":{"0":"post-408097","1":"product","2":"type-product","3":"status-publish","4":"has-post-thumbnail","6":"product_brand-surefire","7":"product_cat-sautuvo-zibintuveliai","8":"product_cat-zibintuveliai","10":"first","11":"instock","12":"taxable","13":"shipping-taxable","14":"purchasable","15":"product-type-variable","16":"wvs-archive-product-wrapper"},"acf":[],"_links":{"self":[{"href":"https:\/\/staging.nbg.eu\/lt\/wp-json\/wp\/v2\/product\/408097","targetHints":{"allow":["GET"]}}],"collection":[{"href":"https:\/\/staging.nbg.eu\/lt\/wp-json\/wp\/v2\/product"}],"about":[{"href":"https:\/\/staging.nbg.eu\/lt\/wp-json\/wp\/v2\/types\/product"}],"wp:featuredmedia":[{"embeddable":true,"href":"https:\/\/staging.nbg.eu\/lt\/wp-json\/wp\/v2\/media\/400343"}],"wp:attachment":[{"href":"https:\/\/staging.nbg.eu\/lt\/wp-json\/wp\/v2\/media?parent=408097"}],"wp:term":[{"taxonomy":"product_brand","embeddable":true,"href":"https:\/\/staging.nbg.eu\/lt\/wp-json\/wp\/v2\/product_brand?post=408097"},{"taxonomy":"product_cat","embeddable":true,"href":"https:\/\/staging.nbg.eu\/lt\/wp-json\/wp\/v2\/product_cat?post=408097"},{"taxonomy":"product_tag","embeddable":true,"href":"https:\/\/staging.nbg.eu\/lt\/wp-json\/wp\/v2\/product_tag?post=408097"}],"curies":[{"name":"wp","href":"https:\/\/api.w.org\/{rel}","templated":true}]}}