{"id":405860,"date":"2025-06-30T21:19:47","date_gmt":"2025-06-30T18:19:47","guid":{"rendered":"https:\/\/staging.nbg.eu\/product\/surefire-scout-infrared-light-m640v-pro-tan\/"},"modified":"2025-06-30T21:21:31","modified_gmt":"2025-06-30T18:21:31","slug":"surefire-scout-infraraudonuju-spinduliu-zibintas-m640v-pro-tan","status":"publish","type":"product","link":"https:\/\/staging.nbg.eu\/lt\/produktas\/surefire-scout-infraraudonuju-spinduliu-zibintas-m640v-pro-tan\/","title":{"rendered":"SureFire Scout infraraudonuju spinduliu zibintas &#8211; M640V PRO &#8211; Tan"},"content":{"rendered":"<h2>SureFire Scout infraraudon\u0173j\u0173 spinduli\u0173 \u017eibintas &#8211; M640V PRO &#8211; Sm\u0117lio spalvos<\/h2>\n<p>M640V PRO Scout infraraudon\u0173j\u0173 spinduli\u0173 \u017eibintas. \u0160is ginklo \u017eibintas turi \u0161ias savybes:<\/p>\n<ul>\n<li>350 liumen\u0173 baltos \u0161viesos ir 120 mW IR i\u0161vesties<\/li>\n<li>Naujas \u017eemo profilio tvirtinimas optimaliam pozicionavimui ant MIL-STD-1913 arba M-LOK b\u0117geli\u0173<\/li>\n<li>Patentuotas TIR l\u0119\u0161is tolimam spinduliui su pakankama aplinkos \u0161viesa<\/li>\n<li>Galimyb\u0117 perjungti tarp baltos ir IR re\u017eim\u0173<\/li>\n<li>Tvirta aviakosmin\u0117 aliuminio konstrukcija su karinio standarto kietu anodizuotu pavir\u0161iumi<\/li>\n<li>IPX7 atsparumas vandeniui<\/li>\n<li>Mygtukinis jungiklis lengvam \u012fjungimui<\/li>\n<\/ul>\n<p>2,5 valand\u0173 veikimo laikas auk\u0161tame re\u017eime ir 214 metr\u0173 spindulio atstumas. M640V PRO tinka vidutinio ir ilgo nuotolio operacijoms.<\/p>\n","protected":false},"excerpt":{"rendered":"<p>Universalus IR\/baltos \u0161viesos ginklo \u017eibintuv\u0117lis su 350 liumen\u0173 ir 120 mW IR i\u0161vestimi.<\/p>\n","protected":false},"featured_media":353024,"template":"","meta":{"_acf_changed":false},"product_brand":[11872],"product_cat":[13700,13692,13732],"product_tag":[],"class_list":{"0":"post-405860","1":"product","2":"type-product","3":"status-publish","4":"has-post-thumbnail","6":"product_brand-surefire","7":"product_cat-edc-zibintuveliai","8":"product_cat-sautuvo-zibintuveliai","9":"product_cat-zibintuveliai","11":"first","12":"instock","13":"taxable","14":"shipping-taxable","15":"purchasable","16":"product-type-simple"},"acf":[],"_links":{"self":[{"href":"https:\/\/staging.nbg.eu\/lt\/wp-json\/wp\/v2\/product\/405860","targetHints":{"allow":["GET"]}}],"collection":[{"href":"https:\/\/staging.nbg.eu\/lt\/wp-json\/wp\/v2\/product"}],"about":[{"href":"https:\/\/staging.nbg.eu\/lt\/wp-json\/wp\/v2\/types\/product"}],"wp:featuredmedia":[{"embeddable":true,"href":"https:\/\/staging.nbg.eu\/lt\/wp-json\/wp\/v2\/media\/353024"}],"wp:attachment":[{"href":"https:\/\/staging.nbg.eu\/lt\/wp-json\/wp\/v2\/media?parent=405860"}],"wp:term":[{"taxonomy":"product_brand","embeddable":true,"href":"https:\/\/staging.nbg.eu\/lt\/wp-json\/wp\/v2\/product_brand?post=405860"},{"taxonomy":"product_cat","embeddable":true,"href":"https:\/\/staging.nbg.eu\/lt\/wp-json\/wp\/v2\/product_cat?post=405860"},{"taxonomy":"product_tag","embeddable":true,"href":"https:\/\/staging.nbg.eu\/lt\/wp-json\/wp\/v2\/product_tag?post=405860"}],"curies":[{"name":"wp","href":"https:\/\/api.w.org\/{rel}","templated":true}]}}