{"id":405752,"date":"2025-06-30T21:14:34","date_gmt":"2025-06-30T18:14:34","guid":{"rendered":"https:\/\/staging.nbg.eu\/product\/surefire-plr-b-edc-flashlight-stiletto-pro\/"},"modified":"2025-06-30T21:16:16","modified_gmt":"2025-06-30T18:16:16","slug":"surefire-plr-b-edc-zibintvelis-stiletto-pro","status":"publish","type":"product","link":"https:\/\/staging.nbg.eu\/lt\/produktas\/surefire-plr-b-edc-zibintvelis-stiletto-pro\/","title":{"rendered":"Surefire PLR-B EDC zibintvelis &#8211; Stiletto Pro"},"content":{"rendered":"<h2>Surefire PLR-B EDC \u017dibintuv\u0117lis &#8211; Stiletto Pro<\/h2>\n<p>Stiletto Pro yra kasdieninio ne\u0161iojimo \u017eibintuv\u0117lis. \u0160is kompakti\u0161kas prietaisas skleid\u017eia 1000 liumen\u0173 LED baltos \u0161viesos, naudodamas SureFire MaxVision Beam\u00ae reflektori\u0173.<\/p>\n<ul>\n<li>Trys programuojami nustatymai: 1000 liumen\u0173 (auk\u0161tas), 300 liumen\u0173 (vidutinis) ir 25 liumenai (\u017eemas)<\/li>\n<li>Plonas aliuminio korpusas<\/li>\n<li>Anodizuota apdaila su IPX7 atsparumu vandeniui<\/li>\n<li>Taktinis galinis jungiklis auk\u0161tam \u0161viesos srautui ir pasirinktinai stroboskopui<\/li>\n<li>Integruota USB-C \u012fkraunama li\u010dio polimer\u0173 baterija<\/li>\n<li>LED baterijos b\u016bsenos indikatorius<\/li>\n<li>Apver\u010diamas Melonite\u00ae dengtas spyruoklinio plieno ki\u0161eninis spaustukas<\/li>\n<\/ul>\n<p>Stiletto Pro yra 4,5 colio ilgio ir sveria 4 uncijas. Jis telpa \u012f ki\u0161en\u0119 ir suteikia profesionalaus lygio ap\u0161vietim\u0105.<\/p>\n","protected":false},"excerpt":{"rendered":"<p>Kompakti\u0161kas, galingas 1000 liumen\u0173 EDC \u017eibintuv\u0117lis su MaxVision Beam\u00ae technologija.<\/p>\n","protected":false},"featured_media":352668,"template":"","meta":{"_acf_changed":false},"product_brand":[11872],"product_cat":[13731,13700,13732],"product_tag":[],"class_list":{"0":"post-405752","1":"product","2":"type-product","3":"status-publish","4":"has-post-thumbnail","6":"product_brand-surefire","7":"product_cat-edc","8":"product_cat-edc-zibintuveliai","9":"product_cat-zibintuveliai","11":"first","12":"instock","13":"taxable","14":"shipping-taxable","15":"purchasable","16":"product-type-simple"},"acf":[],"_links":{"self":[{"href":"https:\/\/staging.nbg.eu\/lt\/wp-json\/wp\/v2\/product\/405752","targetHints":{"allow":["GET"]}}],"collection":[{"href":"https:\/\/staging.nbg.eu\/lt\/wp-json\/wp\/v2\/product"}],"about":[{"href":"https:\/\/staging.nbg.eu\/lt\/wp-json\/wp\/v2\/types\/product"}],"wp:featuredmedia":[{"embeddable":true,"href":"https:\/\/staging.nbg.eu\/lt\/wp-json\/wp\/v2\/media\/352668"}],"wp:attachment":[{"href":"https:\/\/staging.nbg.eu\/lt\/wp-json\/wp\/v2\/media?parent=405752"}],"wp:term":[{"taxonomy":"product_brand","embeddable":true,"href":"https:\/\/staging.nbg.eu\/lt\/wp-json\/wp\/v2\/product_brand?post=405752"},{"taxonomy":"product_cat","embeddable":true,"href":"https:\/\/staging.nbg.eu\/lt\/wp-json\/wp\/v2\/product_cat?post=405752"},{"taxonomy":"product_tag","embeddable":true,"href":"https:\/\/staging.nbg.eu\/lt\/wp-json\/wp\/v2\/product_tag?post=405752"}],"curies":[{"name":"wp","href":"https:\/\/api.w.org\/{rel}","templated":true}]}}