{"id":405593,"date":"2025-05-05T23:43:01","date_gmt":"2025-05-05T20:43:01","guid":{"rendered":"https:\/\/staging.nbg.eu\/product\/surefire-plr-c-edc-flashlight-stiletto-pro-ii\/"},"modified":"2025-06-30T20:03:47","modified_gmt":"2025-06-30T17:03:47","slug":"surefire-plr-c-edc-zibintvelis-stiletto-pro-ii","status":"publish","type":"product","link":"https:\/\/staging.nbg.eu\/lt\/produktas\/surefire-plr-c-edc-zibintvelis-stiletto-pro-ii\/","title":{"rendered":"Surefire PLR-C EDC zibintvelis &#8211; Stiletto Pro II"},"content":{"rendered":"<h2>Surefire PLR-C EDC \u017eibintuv\u0117lis &#8211; Stiletto Pro II<\/h2>\n<p>Stiletto Pro II yra kasdienio ne\u0161iojimo \u017eibintuv\u0117lis. \u0160is plonas prietaisas suderina kompakti\u0161k\u0105 dizain\u0105 su geru veikimu, skleid\u017eia iki 1 500 liumen\u0173 hibridin\u012f spindul\u012f, kuris siekia 375 metrus.<\/p>\n<ul>\n<li>Dviguba optika suteikia 35 000 kandel\u0173 tolimam ap\u0161vietimui<\/li>\n<li>Trys programuojami nustatymai: Auk\u0161tas (1 500 liumen\u0173), Vidutinis (500 liumen\u0173) ir \u017demas (25 liumenai)<\/li>\n<li>Aviacinis aliuminio korpusas u\u017etikrina patvarum\u0105 ir lengv\u0105 pasl\u0117pim\u0105<\/li>\n<li>Taktinis galinis jungiklis su pasirenkamu da\u017eno stroboskopu<\/li>\n<li>Integruota USB-C \u012fkraunama li\u010dio polimer\u0173 baterija<\/li>\n<li>LED baterijos indikatorius lengvam b\u016bkl\u0117s steb\u0117jimui<\/li>\n<li>Apsukamas Melonite dengtas spyruoklinis plieno ki\u0161eninis spaustukas<\/li>\n<li>IPX7 atsparumas vandeniui iki 1 metro 30 minu\u010di\u0173<\/li>\n<\/ul>\n<p>Stiletto Pro II tinka naudoti tamsiose gatv\u0117se ar lauko veiklose. Jo universalus dizainas ir geras veikimas tinka teis\u0117saugos pareig\u016bnams, kari\u0161kiams ir eiliniams vartotojams.<\/p>\n","protected":false},"excerpt":{"rendered":"<p>Plonas, galingas kasdienis \u017eibintuv\u0117lis su 1 500 liumen\u0173 ir tolimo nuotolio spinduliu.<\/p>\n","protected":false},"featured_media":352344,"template":"","meta":{"_acf_changed":false},"product_brand":[11872],"product_cat":[13731,13700,13732],"product_tag":[],"class_list":{"0":"post-405593","1":"product","2":"type-product","3":"status-publish","4":"has-post-thumbnail","6":"product_brand-surefire","7":"product_cat-edc","8":"product_cat-edc-zibintuveliai","9":"product_cat-zibintuveliai","11":"first","12":"outofstock","13":"taxable","14":"shipping-taxable","15":"purchasable","16":"product-type-simple"},"acf":[],"_links":{"self":[{"href":"https:\/\/staging.nbg.eu\/lt\/wp-json\/wp\/v2\/product\/405593","targetHints":{"allow":["GET"]}}],"collection":[{"href":"https:\/\/staging.nbg.eu\/lt\/wp-json\/wp\/v2\/product"}],"about":[{"href":"https:\/\/staging.nbg.eu\/lt\/wp-json\/wp\/v2\/types\/product"}],"wp:featuredmedia":[{"embeddable":true,"href":"https:\/\/staging.nbg.eu\/lt\/wp-json\/wp\/v2\/media\/352344"}],"wp:attachment":[{"href":"https:\/\/staging.nbg.eu\/lt\/wp-json\/wp\/v2\/media?parent=405593"}],"wp:term":[{"taxonomy":"product_brand","embeddable":true,"href":"https:\/\/staging.nbg.eu\/lt\/wp-json\/wp\/v2\/product_brand?post=405593"},{"taxonomy":"product_cat","embeddable":true,"href":"https:\/\/staging.nbg.eu\/lt\/wp-json\/wp\/v2\/product_cat?post=405593"},{"taxonomy":"product_tag","embeddable":true,"href":"https:\/\/staging.nbg.eu\/lt\/wp-json\/wp\/v2\/product_tag?post=405593"}],"curies":[{"name":"wp","href":"https:\/\/api.w.org\/{rel}","templated":true}]}}