{"id":405350,"date":"2025-06-30T19:47:43","date_gmt":"2025-06-30T16:47:43","guid":{"rendered":"https:\/\/staging.nbg.eu\/product\/compensator-ase-utra-au780-borelock-223-muzzle-brake-1-2x28-unef\/"},"modified":"2025-06-30T19:49:25","modified_gmt":"2025-06-30T16:49:25","slug":"kompensatorius-ase-utra-au780-borelock-223-duslintuvas-12x28-unef","status":"publish","type":"product","link":"https:\/\/staging.nbg.eu\/lt\/produktas\/kompensatorius-ase-utra-au780-borelock-223-duslintuvas-12x28-unef\/","title":{"rendered":"KOMPENSATORIUS ASE UTRA AU780 BoreLock .223 duslintuvas 1\/2&#8243;x28 UNEF"},"content":{"rendered":"<h2>KOMPENSATORIUS ASE UTRA AU780 BoreLock .223 Vamzd\u017eio stabdys<\/h2>\n<p>KOMPENSATORIUS ASE UTRA AU780 BoreLock .223 vamzd\u017eio stabdys su BoreLock greito tvirtinimo sistema. \u0160is \u012ftaisas skirtas 5,56 mm NATO \u0161autuvams ir lengviesiems kulkosvaid\u017eiams.<\/p>\n<h2>Pagrindin\u0117s savyb\u0117s:<\/h2>\n<ul>\n<li>Sriegis: 1\/2&#8243;x28 UNEF<\/li>\n<li>Tinka .223 Remington \/ 5,56 NATO<\/li>\n<li>BoreLock greito tvirtinimo sistema<\/li>\n<li>Dviej\u0173 ang\u0173 konstrukcija atatrankos ma\u017einimui<\/li>\n<li>Kompakti\u0161kas dydis<\/li>\n<li>Ma\u017eina liepsn\u0105 ir vizualin\u012f p\u0117dsak\u0105<\/li>\n<\/ul>\n<p>AU780 BoreLock vamzd\u017eio stabdys yra ASE UTRA BoreLock tvirtinimo sistemos dalis, kuri apima \u012fvairius liepsnos slopintuv\u0173 tvirtinimus ir montavimo \u017eied\u0105. \u0160is stabdys u\u017etikrina atatrankos valdym\u0105 ir i\u0161laiko \u017eem\u0105 profil\u012f.<\/p>\n<p>KOMPENSATORIUS ASE UTRA AU780 BoreLock .223 vamzd\u017eio stabdys yra priedas j\u016bs\u0173 ginklui.<\/p>\n","protected":false},"excerpt":{"rendered":"<p>Kompakti\u0161kas, efektyvus atatrankos ma\u017einimas .223 kalibro \u0161autuvams. Greito prijungimo sistema.<\/p>\n","protected":false},"featured_media":359527,"template":"","meta":{"_acf_changed":false},"product_brand":[],"product_cat":[13741,13690,13694],"product_tag":[],"class_list":{"0":"post-405350","1":"product","2":"type-product","3":"status-publish","4":"has-post-thumbnail","6":"product_cat-sautuvas","7":"product_cat-sautuvo-derinimas","8":"product_cat-sautuvo-slopintuvai","10":"first","11":"instock","12":"taxable","13":"shipping-taxable","14":"purchasable","15":"product-type-simple"},"acf":[],"_links":{"self":[{"href":"https:\/\/staging.nbg.eu\/lt\/wp-json\/wp\/v2\/product\/405350","targetHints":{"allow":["GET"]}}],"collection":[{"href":"https:\/\/staging.nbg.eu\/lt\/wp-json\/wp\/v2\/product"}],"about":[{"href":"https:\/\/staging.nbg.eu\/lt\/wp-json\/wp\/v2\/types\/product"}],"wp:featuredmedia":[{"embeddable":true,"href":"https:\/\/staging.nbg.eu\/lt\/wp-json\/wp\/v2\/media\/359527"}],"wp:attachment":[{"href":"https:\/\/staging.nbg.eu\/lt\/wp-json\/wp\/v2\/media?parent=405350"}],"wp:term":[{"taxonomy":"product_brand","embeddable":true,"href":"https:\/\/staging.nbg.eu\/lt\/wp-json\/wp\/v2\/product_brand?post=405350"},{"taxonomy":"product_cat","embeddable":true,"href":"https:\/\/staging.nbg.eu\/lt\/wp-json\/wp\/v2\/product_cat?post=405350"},{"taxonomy":"product_tag","embeddable":true,"href":"https:\/\/staging.nbg.eu\/lt\/wp-json\/wp\/v2\/product_tag?post=405350"}],"curies":[{"name":"wp","href":"https:\/\/api.w.org\/{rel}","templated":true}]}}