{"id":404912,"date":"2025-06-30T12:11:25","date_gmt":"2025-06-30T09:11:25","guid":{"rendered":"https:\/\/staging.nbg.eu\/product\/ammunition-cci-cal-22-lr-mini-mag-cprn-40gr-100pcs\/"},"modified":"2025-06-30T12:12:53","modified_gmt":"2025-06-30T09:12:53","slug":"saudmenys-cci-kal-22-lr-mini-mag-cprn-40gr-100vnt","status":"publish","type":"product","link":"https:\/\/staging.nbg.eu\/lt\/produktas\/saudmenys-cci-kal-22-lr-mini-mag-cprn-40gr-100vnt\/","title":{"rendered":"SAUDMENYS CCI kal. 22 LR Mini Mag CPRN 40gr \/100vnt"},"content":{"rendered":"<div class=\"product-description\">\n<h2>\u0160OVINIAI CCI kal. 22 LR Mini Mag CPRN 40gr \/100vnt<\/h2>\n<p>CCI Mini-Mag\u00ae yra 22 LR \u0161oviniai, skirti taiklumo \u0161audymui.<\/p>\n<h2>Pagrindin\u0117s savyb\u0117s:<\/h2>\n<ul>\n<li>Originalus CCI produktas<\/li>\n<li>Patikimas tiekimas<\/li>\n<li>\u0160varus degimas<\/li>\n<li>CCI\u00ae kapsul\u0117 ir t\u016btel\u0117<\/li>\n<\/ul>\n<h2>Specifikacijos:<\/h2>\n<table>\n<tr>\n<td>Kalibras:<\/td>\n<td>22 LR<\/td>\n<\/tr>\n<tr>\n<td>Kulkos svoris:<\/td>\n<td>40 grain\u0173<\/td>\n<\/tr>\n<tr>\n<td>Kulkos tipas:<\/td>\n<td>Variu padengta apvali nosimi (CPRN)<\/td>\n<\/tr>\n<tr>\n<td>I\u0161l\u0117kimo greitis:<\/td>\n<td>1235 p\u0117d\u0173 per sekund\u0119<\/td>\n<\/tr>\n<tr>\n<td>Balistikos koeficientas:<\/td>\n<td>0,130<\/td>\n<\/tr>\n<tr>\n<td>Pakuot\u0117s kiekis:<\/td>\n<td>100 \u0161ovini\u0173<\/td>\n<\/tr>\n<tr>\n<td>Paskirtis:<\/td>\n<td>Taiklumo \u0161audymas<\/td>\n<\/tr>\n<\/table>\n<h2>Balistika:<\/h2>\n<table>\n<tr>\n<th>Atstumas<\/th>\n<th>Greitis (p\u0117d\u0173 per sekund\u0119)<\/th>\n<\/tr>\n<tr>\n<td>Vamzd\u017eio \u017eiotys<\/td>\n<td>1235<\/td>\n<\/tr>\n<tr>\n<td>50 jard\u0173<\/td>\n<td>1092<\/td>\n<\/tr>\n<tr>\n<td>75 jardai<\/td>\n<td>1040<\/td>\n<\/tr>\n<tr>\n<td>100 jard\u0173<\/td>\n<td>998<\/td>\n<\/tr>\n<\/table>\n<\/div>\n","protected":false},"excerpt":{"rendered":"<p>Populiar\u016bs 22 LR Mini-Mag \u0161oviniai: \u0161var\u016bs, patikimi, tiksl\u016bs. 40 grain\u0173 CPRN, 100 vienet\u0173 pakuot\u0117.<\/p>\n","protected":false},"featured_media":359550,"template":"","meta":{"_acf_changed":false},"product_brand":[],"product_cat":[13726,13716],"product_tag":[],"class_list":{"0":"post-404912","1":"product","2":"type-product","3":"status-publish","4":"has-post-thumbnail","6":"product_cat-licencijuotas","7":"product_cat-saudmenys","9":"first","10":"instock","11":"taxable","12":"shipping-taxable","13":"product-type-simple"},"acf":[],"_links":{"self":[{"href":"https:\/\/staging.nbg.eu\/lt\/wp-json\/wp\/v2\/product\/404912","targetHints":{"allow":["GET"]}}],"collection":[{"href":"https:\/\/staging.nbg.eu\/lt\/wp-json\/wp\/v2\/product"}],"about":[{"href":"https:\/\/staging.nbg.eu\/lt\/wp-json\/wp\/v2\/types\/product"}],"wp:featuredmedia":[{"embeddable":true,"href":"https:\/\/staging.nbg.eu\/lt\/wp-json\/wp\/v2\/media\/359550"}],"wp:attachment":[{"href":"https:\/\/staging.nbg.eu\/lt\/wp-json\/wp\/v2\/media?parent=404912"}],"wp:term":[{"taxonomy":"product_brand","embeddable":true,"href":"https:\/\/staging.nbg.eu\/lt\/wp-json\/wp\/v2\/product_brand?post=404912"},{"taxonomy":"product_cat","embeddable":true,"href":"https:\/\/staging.nbg.eu\/lt\/wp-json\/wp\/v2\/product_cat?post=404912"},{"taxonomy":"product_tag","embeddable":true,"href":"https:\/\/staging.nbg.eu\/lt\/wp-json\/wp\/v2\/product_tag?post=404912"}],"curies":[{"name":"wp","href":"https:\/\/api.w.org\/{rel}","templated":true}]}}