{"id":37613,"date":"2024-09-02T10:54:46","date_gmt":"2024-09-02T10:54:46","guid":{"rendered":"https:\/\/staging.nbg.eu\/product\/bcm-quick-detach-sling-swivel-heavy-duty-design\/"},"modified":"2024-09-09T14:28:58","modified_gmt":"2024-09-09T14:28:58","slug":"bcm-greitai-nuimamas-dirzo-svirtele-sustiprintas-dizainas","status":"publish","type":"product","link":"https:\/\/staging.nbg.eu\/lt\/produktas\/bcm-greitai-nuimamas-dirzo-svirtele-sustiprintas-dizainas\/","title":{"rendered":"BCM\u00ae Greitai Nuimamas Dir\u017eo Svirtel\u0117 (Sustiprintas Dizainas)"},"content":{"rendered":"<div class=\"product-description\">\n<h2>BCM\u00ae Greitojo atjungimo dir\u017eo suktukas (Tvirtos konstrukcijos)<\/h2>\n<p>Patobulinkite savo \u0161aunamojo ginklo funkcionalum\u0105 su BCM\u00ae greitojo atjungimo dir\u017eo suktuku, sukurtu ilgaam\u017ei\u0161kumui ir patikimumui.<\/p>\n<ul>\n<li>Lygus st\u016bmoklio dizainas apsaugo nuo atsitiktinio atsijungimo, u\u017etikrindamas, kad j\u016bs\u0173 dir\u017eas liks saugiai pritvirtintas<\/li>\n<li>Precizi\u0161kai pagamintas i\u0161 anglinio plieno su mangano fosfato apdaila, u\u017etikrinan\u010dia auk\u0161\u010diausi\u0105 atsparum\u0105 korozijai<\/li>\n<li>Prie\u0161 padengim\u0105 nupoliruotas ir sm\u0117liuotas, kad pavir\u0161ius b\u016bt\u0173 lygus ir nekli\u016bt\u0173<\/li>\n<li>Suderinamas su 1-1\/4&#8243; dir\u017eais, suteikiant universalumo \u012fvairiems nustatymams<\/li>\n<li>Tvirta konstrukcija atlaiko intensyv\u0173 naudojim\u0105 reikliose aplinkose<\/li>\n<\/ul>\n<p>Pasitik\u0117kite BCM \u012fsipareigojimu kokybei ir veikimui. \u0160is greitojo atjungimo dir\u017eo suktukas yra puikus papildymas j\u016bs\u0173 taktinei \u012frangai, u\u017etikrinantis greit\u0105 prijungim\u0105 ir atjungim\u0105, neaukojant saugumo.<\/p>\n<\/div>\n","protected":false},"excerpt":{"rendered":"<p>Greitai atleid\u017eiamas, didel\u0117s apkrovos dir\u017eo suktukas. Saugus, patvarus, suderinamas su 1-1\/4 colio tvirtinimais.<\/p>\n","protected":false},"featured_media":36984,"template":"","meta":{"_acf_changed":false},"product_brand":[11068],"product_cat":[13704,13741,13690],"product_tag":[],"class_list":{"0":"post-37613","1":"product","2":"type-product","3":"status-publish","4":"has-post-thumbnail","6":"product_brand-bcm","7":"product_cat-dirzai","8":"product_cat-sautuvas","9":"product_cat-sautuvo-derinimas","11":"first","12":"instock","13":"taxable","14":"shipping-taxable","15":"purchasable","16":"product-type-simple"},"acf":[],"_links":{"self":[{"href":"https:\/\/staging.nbg.eu\/lt\/wp-json\/wp\/v2\/product\/37613","targetHints":{"allow":["GET"]}}],"collection":[{"href":"https:\/\/staging.nbg.eu\/lt\/wp-json\/wp\/v2\/product"}],"about":[{"href":"https:\/\/staging.nbg.eu\/lt\/wp-json\/wp\/v2\/types\/product"}],"wp:featuredmedia":[{"embeddable":true,"href":"https:\/\/staging.nbg.eu\/lt\/wp-json\/wp\/v2\/media\/36984"}],"wp:attachment":[{"href":"https:\/\/staging.nbg.eu\/lt\/wp-json\/wp\/v2\/media?parent=37613"}],"wp:term":[{"taxonomy":"product_brand","embeddable":true,"href":"https:\/\/staging.nbg.eu\/lt\/wp-json\/wp\/v2\/product_brand?post=37613"},{"taxonomy":"product_cat","embeddable":true,"href":"https:\/\/staging.nbg.eu\/lt\/wp-json\/wp\/v2\/product_cat?post=37613"},{"taxonomy":"product_tag","embeddable":true,"href":"https:\/\/staging.nbg.eu\/lt\/wp-json\/wp\/v2\/product_tag?post=37613"}],"curies":[{"name":"wp","href":"https:\/\/api.w.org\/{rel}","templated":true}]}}