{"id":37590,"date":"2024-09-02T16:31:14","date_gmt":"2024-09-02T16:31:14","guid":{"rendered":"https:\/\/staging.nbg.eu\/product\/bcm-mcmr-sm-quick-detachable-sling-mount-m-lok-compatible\/"},"modified":"2024-09-09T14:22:02","modified_gmt":"2024-09-09T14:22:02","slug":"bcm-mcmr-sm-greitai-nuimamas-dirzo-laikiklis-m-lok-suderinamas","status":"publish","type":"product","link":"https:\/\/staging.nbg.eu\/lt\/produktas\/bcm-mcmr-sm-greitai-nuimamas-dirzo-laikiklis-m-lok-suderinamas\/","title":{"rendered":"BCM\u00ae MCMR-SM Greitai Nuimamas Dir\u017eo Laikiklis (M-LOK\u00ae Suderinamas*)"},"content":{"rendered":"<div class=\"product-description\">\n<h2>BCM\u00ae MCMR-SM Greitai nuimamas dir\u017eo laikiklis (suderinamas su M-LOK\u00ae*)<\/h2>\n<p>Padidinkite savo \u0161aunamojo ginklo universalum\u0105 su BCM\u00ae MCMR-SM greitai nuimamu dir\u017eo laikikliu. \u0160is \u017eemo profilio priedas sukurtas didesniam mobilumui ir suma\u017eintam u\u017ekliuvimo potencialui, tod\u0117l yra b\u016btinas papildymas j\u016bs\u0173 su M-LOK\u00ae suderinamai sistemai.<\/p>\n<ul>\n<li>Suderinamas su M-LOK\u00ae lengvam montavimui<\/li>\n<li>Tinka standartiniams spaud\u017eiamiems, greitai nuimamiems dir\u017eo suku\u010diams (nepridedama)<\/li>\n<li>8 pozicij\u0173 (360\u00b0) nesisukin\u0117janti fiksavimo s\u0105saja optimaliam dir\u017eo pad\u0117ties nustatymui<\/li>\n<li>Tvirta, visi\u0161kai plienin\u0117 konstrukcija u\u017etikrina ilgalaik\u012f veikim\u0105<\/li>\n<\/ul>\n<p>Patirkite pagerint\u0105 manevringum\u0105 ir greit\u0105 dir\u017eo prijungim\u0105 su \u0161iuo tvirtu, \u017eemo profilio laikikliu. Pastaba: Greitai nuimamas dir\u017eo sukutis parduodamas atskirai.<\/p>\n<\/div>\n","protected":false},"excerpt":{"rendered":"<p>BCM\u00ae MCMR-SM QD dir\u017eo tvirtinimas: \u017eemo profilio, suderinamas su M-LOK.<\/p>\n","protected":false},"featured_media":37054,"template":"","meta":{"_acf_changed":false},"product_brand":[11068],"product_cat":[13704,13741,13690],"product_tag":[],"class_list":{"0":"post-37590","1":"product","2":"type-product","3":"status-publish","4":"has-post-thumbnail","6":"product_brand-bcm","7":"product_cat-dirzai","8":"product_cat-sautuvas","9":"product_cat-sautuvo-derinimas","11":"first","12":"instock","13":"taxable","14":"shipping-taxable","15":"purchasable","16":"product-type-simple"},"acf":[],"_links":{"self":[{"href":"https:\/\/staging.nbg.eu\/lt\/wp-json\/wp\/v2\/product\/37590","targetHints":{"allow":["GET"]}}],"collection":[{"href":"https:\/\/staging.nbg.eu\/lt\/wp-json\/wp\/v2\/product"}],"about":[{"href":"https:\/\/staging.nbg.eu\/lt\/wp-json\/wp\/v2\/types\/product"}],"wp:featuredmedia":[{"embeddable":true,"href":"https:\/\/staging.nbg.eu\/lt\/wp-json\/wp\/v2\/media\/37054"}],"wp:attachment":[{"href":"https:\/\/staging.nbg.eu\/lt\/wp-json\/wp\/v2\/media?parent=37590"}],"wp:term":[{"taxonomy":"product_brand","embeddable":true,"href":"https:\/\/staging.nbg.eu\/lt\/wp-json\/wp\/v2\/product_brand?post=37590"},{"taxonomy":"product_cat","embeddable":true,"href":"https:\/\/staging.nbg.eu\/lt\/wp-json\/wp\/v2\/product_cat?post=37590"},{"taxonomy":"product_tag","embeddable":true,"href":"https:\/\/staging.nbg.eu\/lt\/wp-json\/wp\/v2\/product_tag?post=37590"}],"curies":[{"name":"wp","href":"https:\/\/api.w.org\/{rel}","templated":true}]}}