{"id":37565,"date":"2024-09-02T16:34:30","date_gmt":"2024-09-02T16:34:30","guid":{"rendered":"https:\/\/staging.nbg.eu\/product\/bcm-3-inch-picatinny-rail-section-aluminum-m-lok-compatible\/"},"modified":"2024-09-09T14:10:06","modified_gmt":"2024-09-09T14:10:06","slug":"bcm-3-coliu-picatinny-begelio-sekcija-aliuminis-m-lok-suderinamas","status":"publish","type":"product","link":"https:\/\/staging.nbg.eu\/lt\/produktas\/bcm-3-coliu-picatinny-begelio-sekcija-aliuminis-m-lok-suderinamas\/","title":{"rendered":"BCM\u00ae 3 coli\u0173 Picatinny B\u0117gelio Sekcija, Aliuminis (M-LOK\u00ae Suderinamas*)"},"content":{"rendered":"<div class=\"product-description\">\n<h2>BCM\u00ae 3 coli\u0173 Picatinny b\u0117gelio sekcija, aliuminin\u0117 (suderinama su M-LOK\u00ae*)<\/h2>\n<p>Padidinkite savo \u0161aunamojo ginklo universalum\u0105 su BCM\u00ae 3 coli\u0173 Picatinny b\u0117gelio sekcija. \u0160is auk\u0161\u010diausios kokyb\u0117s priedas pagamintas i\u0161 kietai anoduoto orlaivi\u0173 aliuminio lydinio, u\u017etikrinant patvarum\u0105 ir ilgaam\u017ei\u0161kum\u0105 reikliose aplinkose.<\/p>\n<ul>\n<li>Pagaminta pagal Mil-Standard 1913 Picatinny arsenalo specifikacijas<\/li>\n<li>Nesikabinantis dizainas skland\u017eiam naudojimui<\/li>\n<li>Suderinama su M-LOK\u00ae lengvam montavimui ir nu\u0117mimui<\/li>\n<li>Lengva, bet tvirta konstrukcija<\/li>\n<li>Puikiai tinka \u012fvairi\u0173 pried\u0173, \u012fskaitant \u017eibintus, lazerius ir rankenas, montavimui<\/li>\n<\/ul>\n<p>\u0160i b\u0117gelio sekcija suderina funkcionalum\u0105 su taktiniu esteti\u0161kumu, leisdama jums pritaikyti savo \u0161aunam\u0105j\u012f ginkl\u0105 pagal konkre\u010dius poreikius. Nesvarbu, ar esate profesionalus operatorius, ar entuziastas, BCM\u00ae 3 coli\u0173 Picatinny b\u0117gelio sekcija yra b\u016btinas j\u016bs\u0173 \u012frangos papildymas.<\/p>\n<\/div>\n","protected":false},"excerpt":{"rendered":"<p>BCM\u00ae 3&#8243; Picatinny b\u0117gelis: karinio standarto, suderinamas su M-LOK, atsparus u\u017ekliuvimui<\/p>\n","protected":false},"featured_media":37193,"template":"","meta":{"_acf_changed":false},"product_brand":[11068],"product_cat":[13689,13741,13690],"product_tag":[],"class_list":{"0":"post-37565","1":"product","2":"type-product","3":"status-publish","4":"has-post-thumbnail","6":"product_brand-bcm","7":"product_cat-begiai","8":"product_cat-sautuvas","9":"product_cat-sautuvo-derinimas","11":"first","12":"instock","13":"taxable","14":"shipping-taxable","15":"purchasable","16":"product-type-simple"},"acf":[],"_links":{"self":[{"href":"https:\/\/staging.nbg.eu\/lt\/wp-json\/wp\/v2\/product\/37565","targetHints":{"allow":["GET"]}}],"collection":[{"href":"https:\/\/staging.nbg.eu\/lt\/wp-json\/wp\/v2\/product"}],"about":[{"href":"https:\/\/staging.nbg.eu\/lt\/wp-json\/wp\/v2\/types\/product"}],"wp:featuredmedia":[{"embeddable":true,"href":"https:\/\/staging.nbg.eu\/lt\/wp-json\/wp\/v2\/media\/37193"}],"wp:attachment":[{"href":"https:\/\/staging.nbg.eu\/lt\/wp-json\/wp\/v2\/media?parent=37565"}],"wp:term":[{"taxonomy":"product_brand","embeddable":true,"href":"https:\/\/staging.nbg.eu\/lt\/wp-json\/wp\/v2\/product_brand?post=37565"},{"taxonomy":"product_cat","embeddable":true,"href":"https:\/\/staging.nbg.eu\/lt\/wp-json\/wp\/v2\/product_cat?post=37565"},{"taxonomy":"product_tag","embeddable":true,"href":"https:\/\/staging.nbg.eu\/lt\/wp-json\/wp\/v2\/product_tag?post=37565"}],"curies":[{"name":"wp","href":"https:\/\/api.w.org\/{rel}","templated":true}]}}