{"id":37523,"date":"2024-09-02T16:37:54","date_gmt":"2024-09-02T16:37:54","guid":{"rendered":"https:\/\/staging.nbg.eu\/product\/bcm-kag-m-lok-compatible\/"},"modified":"2024-09-09T14:01:29","modified_gmt":"2024-09-09T14:01:29","slug":"bcm-kag-m-lok-suderinamas","status":"publish","type":"product","link":"https:\/\/staging.nbg.eu\/lt\/produktas\/bcm-kag-m-lok-suderinamas\/","title":{"rendered":"BCM\u00ae KAG &#8211; (M-LOK\u00ae Suderinamas*)"},"content":{"rendered":"<div class=\"product-description\">\n<h2>BCM\u00ae KAG &#8211; Kinestetin\u0117 kampu pakreipta rankena (suderinama su M-LOK\u00ae*)<\/h2>\n<p>Pagerinkite savo \u0161audymo patirt\u012f su BCM\u00ae KAG, sukurta bendradarbiaujant BCM\u00ae ir Travis Haley i\u0161 Haley Strategic Partners. \u0160i inovatyvi rankena pasi\u017eymi:<\/p>\n<ul>\n<li>Biomechani\u0161kai efektyviu priekiniu pakreipimu stabiliam laikymui<\/li>\n<li>Rie\u0161o, alk\u016bn\u0117s ir peties apkrovos suma\u017einimu<\/li>\n<li>Tekst\u016bruotu priekiu ir galu nuosekliam sugriebimui<\/li>\n<li>Idealiai tinka &#8222;C-formos&#8221; laikymui ir palaikomos \u0161audymo pozicijoms<\/li>\n<li>Kompakti\u0161kas dizainas pagerintam ginklo valdymui<\/li>\n<li>Pagaminta JAV i\u0161 auk\u0161tos kokyb\u0117s, sm\u016bgiams atspari\u0173 polimer\u0173<\/li>\n<\/ul>\n<p>KAG ergonominis dizainas papildo \u0161iuolaikinius \u0161audymo metodus, leid\u017eia skland\u017eiai keisti pozicijas ir padidina efektyvum\u0105 neprid\u0117damas ginklui papildomo t\u016brio.<\/p>\n<\/div>\n","protected":false},"excerpt":{"rendered":"<p>BCM\u00ae KAG: Ergonomin\u0117 M-LOK\u00ae rankena geresniam ginklo valdymui.<\/p>\n","protected":false},"featured_media":37357,"template":"","meta":{"_acf_changed":false},"product_brand":[11068],"product_cat":[13757],"product_tag":[],"class_list":{"0":"post-37523","1":"product","2":"type-product","3":"status-publish","4":"has-post-thumbnail","6":"product_brand-bcm","7":"product_cat-nekategorizuota","9":"first","10":"instock","11":"taxable","12":"shipping-taxable","13":"purchasable","14":"product-type-variable","15":"wvs-archive-product-wrapper"},"acf":[],"_links":{"self":[{"href":"https:\/\/staging.nbg.eu\/lt\/wp-json\/wp\/v2\/product\/37523","targetHints":{"allow":["GET"]}}],"collection":[{"href":"https:\/\/staging.nbg.eu\/lt\/wp-json\/wp\/v2\/product"}],"about":[{"href":"https:\/\/staging.nbg.eu\/lt\/wp-json\/wp\/v2\/types\/product"}],"wp:featuredmedia":[{"embeddable":true,"href":"https:\/\/staging.nbg.eu\/lt\/wp-json\/wp\/v2\/media\/37357"}],"wp:attachment":[{"href":"https:\/\/staging.nbg.eu\/lt\/wp-json\/wp\/v2\/media?parent=37523"}],"wp:term":[{"taxonomy":"product_brand","embeddable":true,"href":"https:\/\/staging.nbg.eu\/lt\/wp-json\/wp\/v2\/product_brand?post=37523"},{"taxonomy":"product_cat","embeddable":true,"href":"https:\/\/staging.nbg.eu\/lt\/wp-json\/wp\/v2\/product_cat?post=37523"},{"taxonomy":"product_tag","embeddable":true,"href":"https:\/\/staging.nbg.eu\/lt\/wp-json\/wp\/v2\/product_tag?post=37523"}],"curies":[{"name":"wp","href":"https:\/\/api.w.org\/{rel}","templated":true}]}}