{"id":36765,"date":"2024-07-29T19:05:32","date_gmt":"2024-09-02T14:41:49","guid":{"rendered":"https:\/\/staging.nbg.eu\/product\/medium-tkn-refill-advanced\/"},"modified":"2024-09-02T14:42:51","modified_gmt":"2024-09-02T14:42:51","slug":"vidutinis-tkn-papildymas-pazangus","status":"publish","type":"product","link":"https:\/\/staging.nbg.eu\/lt\/produktas\/vidutinis-tkn-papildymas-pazangus\/","title":{"rendered":"Vidutinis TKN!\u2122 Papildymas &#8211; PA\u017dANGUS"},"content":{"rendered":"<div class=\"product-description\">\n<h2>Vidutinis TKN!\u2122 papildymo rinkinys &#8211; PA\u017dANGUS nuo BlueForceGear<\/h2>\n<p>Atnaujinkite savo traum\u0173 rinkin\u012f su Vidutiniu TKN!\u2122 papildymo rinkiniu &#8211; PA\u017dANGUS nuo BlueForceGear. \u0160is i\u0161samus papildymo rinkinys skirtas papildyti j\u016bs\u0173 esam\u0105 TKN!\u2122 (Trauma Kit NOW!) arba sukurti nauj\u0105, pilnai sukomplektuot\u0105 traum\u0173 rinkin\u012f avarin\u0117ms situacijoms.<\/p>\n<h2>Pagrindin\u0117s savyb\u0117s:<\/h2>\n<ul>\n<li>Pilnas pa\u017eangi\u0173 medicinos priemoni\u0173 rinkinys traum\u0173 prie\u017ei\u016brai<\/li>\n<li>Apima b\u016btiniausius daiktus sunki\u0173 su\u017ealojim\u0173 gydymui<\/li>\n<li>Kompakti\u0161kas ir organizuotas greitam pri\u0117jimui avarin\u0117se situacijose<\/li>\n<li>Auk\u0161tos kokyb\u0117s, karinio lygio komponentai<\/li>\n<li>Tinka teis\u0117saugai, kariuomenei ir civiliam naudojimui<\/li>\n<\/ul>\n<h2>Rinkinio turinys:<\/h2>\n<ul>\n<li>Pa\u017eangus papildymo rinkinys apima:\n<li>1. Traum\u0173 pir\u0161tines (Susukt\u0105 1x por\u0105)<\/li>\n<li>2. Quikclot kovin\u0119 marl\u0119 (1x)<\/li>\n<li>3. Avarin\u012f traum\u0173 tvarst\u012f 6&#8243; (1x)<\/li>\n<li>4. Hipotermijos antklod\u0119<\/li>\n<li>5. Plok\u0161\u010di\u0105 sulankstom\u0105 pleistr\u0105 (1x)<\/li>\n<li>6. Suspaust\u0105 marl\u0119 (1x)<\/li>\n<li>7. Traum\u0173 \u017eirkles (1x)<\/li>\n<li>8. Pilno dyd\u017eio kr\u016btin\u0117s pl\u0117v\u0119 (1x dvigub\u0105 paket\u0105)<\/li>\n<li>9. Nosiarykl\u0117s vamzdel\u012f (1x)<\/li>\n<li>10. Dekompresijos adat\u0105 (1x)<\/li>\n<\/ul>\n<p>Vidutinis TKN!\u2122 papildymo rinkinys &#8211; PA\u017dANGUS yra ekspert\u0173 sudarytas, kad suteikt\u0173 jums priemones, reikalingas stipriam kraujavimui, \u012ftemptos pneumotorakso ir kv\u0117pavimo tak\u0173 obstrukcijoms spr\u0119sti. Kiekvienas komponentas yra kruop\u0161\u010diai parinktas d\u0117l jo efektyvumo ir naudojimo paprastumo didelio streso situacijose.<\/p>\n<p>Nesvarbu, ar esate pirmasis reagavimo darbuotojas, lauko entuziastas, ar tiesiog ruo\u0161iat\u0117s nenumatytiems atvejams, \u0161is papildymo rinkinys u\u017etikrina, kad b\u016bsite pasiruo\u0161\u0119 susidoroti su kritiniais su\u017ealojimais, kol atvyks profesionali medicinos pagalba. Nerizikuokite saugumu \u2013 rinkit\u0117s BlueForceGear Vidutin\u012f TKN!\u2122 papildymo rinkin\u012f &#8211; PA\u017dANGUS patikimam, gyvyb\u0119 gelbstin\u010diam \u012frangai.<\/p>\n<p><strong>Pastaba:<\/strong> Tinkamas apmokymas naudoti \u0161ias medicinos priemones yra labai rekomenduojamas optimaliam efektyvumui avarin\u0117se situacijose.<\/p>\n<\/div>\n","protected":false},"excerpt":{"rendered":"<p>Kompakti\u0161kas, pa\u017eangus traumos rinkinio papildymas kritinei prie\u017ei\u016brai lauko s\u0105lygomis.<\/p>\n","protected":false},"featured_media":36774,"template":"","meta":{"_acf_changed":false},"product_brand":[11135],"product_cat":[13708,13743],"product_tag":[],"class_list":{"0":"post-36765","1":"product","2":"type-product","3":"status-publish","4":"has-post-thumbnail","6":"product_brand-blue-force-gear","7":"product_cat-iranga","8":"product_cat-medicininiai","10":"first","11":"instock","12":"taxable","13":"shipping-taxable","14":"purchasable","15":"product-type-simple"},"acf":[],"_links":{"self":[{"href":"https:\/\/staging.nbg.eu\/lt\/wp-json\/wp\/v2\/product\/36765","targetHints":{"allow":["GET"]}}],"collection":[{"href":"https:\/\/staging.nbg.eu\/lt\/wp-json\/wp\/v2\/product"}],"about":[{"href":"https:\/\/staging.nbg.eu\/lt\/wp-json\/wp\/v2\/types\/product"}],"wp:featuredmedia":[{"embeddable":true,"href":"https:\/\/staging.nbg.eu\/lt\/wp-json\/wp\/v2\/media\/36774"}],"wp:attachment":[{"href":"https:\/\/staging.nbg.eu\/lt\/wp-json\/wp\/v2\/media?parent=36765"}],"wp:term":[{"taxonomy":"product_brand","embeddable":true,"href":"https:\/\/staging.nbg.eu\/lt\/wp-json\/wp\/v2\/product_brand?post=36765"},{"taxonomy":"product_cat","embeddable":true,"href":"https:\/\/staging.nbg.eu\/lt\/wp-json\/wp\/v2\/product_cat?post=36765"},{"taxonomy":"product_tag","embeddable":true,"href":"https:\/\/staging.nbg.eu\/lt\/wp-json\/wp\/v2\/product_tag?post=36765"}],"curies":[{"name":"wp","href":"https:\/\/api.w.org\/{rel}","templated":true}]}}