{"id":36513,"date":"2024-07-29T19:12:01","date_gmt":"2024-09-02T14:22:17","guid":{"rendered":"https:\/\/staging.nbg.eu\/product\/two-4-waist-pack-for-plate-carriers\/"},"modified":"2024-09-02T14:23:28","modified_gmt":"2024-09-02T14:23:28","slug":"two-4-juosmens-krepsys-ploksciu-nesiotuvams","status":"publish","type":"product","link":"https:\/\/staging.nbg.eu\/lt\/produktas\/two-4-juosmens-krepsys-ploksciu-nesiotuvams\/","title":{"rendered":"Two-4 Juosmens Krep\u0161ys Plok\u0161\u010di\u0173 Ne\u0161iotuvams"},"content":{"rendered":"<p>Patobulinkite savo plok\u0161\u010di\u0173 ne\u0161iojimo sistem\u0105 su universaliu \u201eBlueForceGear&#8221; Two-4 juosmens krep\u0161iu. \u0160is \u017eemo profilio krep\u0161ys saugiai tvirtinasi prie juosmens arba plok\u0161\u010di\u0173 ne\u0161iojimo sistemos, suteikdamas greit\u0105 prieig\u0105 prie b\u016btinos \u012frangos. Ypatyb\u0117s:<\/p>\n<ul>\n<li>Patvari 500D Cordura konstrukcija<\/li>\n<li>MOLLE suderinama tvirtinimo sistema<\/li>\n<li>Pagrindinis skyrius su vidine organizavimo sistema<\/li>\n<li>Priekin\u0117 administracin\u0117 ki\u0161en\u0117 smulkiems daiktams<\/li>\n<li>Abipusis dizainas, tinkamas naudoti tiek kairiarankiams, tiek de\u0161iniarankiams<\/li>\n<li>Galima rinktis i\u0161 keli\u0173 spalv\u0173<\/li>\n<\/ul>\n<p>Puikiai tinkantis kariuomenei, teis\u0117saugos pareig\u016bnams ar taktiniams entuziastams, Two-4 juosmens krep\u0161ys si\u016blo patog\u0173 daikt\u0173 laikym\u0105 neribojant jud\u0117jimo laisv\u0117s. Lengvai ne\u0161iokite medicinos reikmenis, \u0161audmenis ar asmeninius daiktus. Sukurtas ilgam naudojimui ir optimaliam funkcionalumui \u012ftemptose situacijose.<\/p>\n","protected":false},"excerpt":{"rendered":"<p>Modulinis juosmens krep\u0161ys plok\u0161\u010di\u0173 liemen\u0117ms. Saugus, universalus saugojimas.<\/p>\n","protected":false},"featured_media":36514,"template":"","meta":{"_acf_changed":false},"product_brand":[11135],"product_cat":[13708,13699,13723],"product_tag":[],"class_list":{"0":"post-36513","1":"product","2":"type-product","3":"status-publish","4":"has-post-thumbnail","6":"product_brand-blue-force-gear","7":"product_cat-iranga","8":"product_cat-krepseliai","9":"product_cat-ploksciu-nesikliai","11":"first","12":"instock","13":"taxable","14":"shipping-taxable","15":"purchasable","16":"product-type-simple"},"acf":[],"_links":{"self":[{"href":"https:\/\/staging.nbg.eu\/lt\/wp-json\/wp\/v2\/product\/36513","targetHints":{"allow":["GET"]}}],"collection":[{"href":"https:\/\/staging.nbg.eu\/lt\/wp-json\/wp\/v2\/product"}],"about":[{"href":"https:\/\/staging.nbg.eu\/lt\/wp-json\/wp\/v2\/types\/product"}],"wp:featuredmedia":[{"embeddable":true,"href":"https:\/\/staging.nbg.eu\/lt\/wp-json\/wp\/v2\/media\/36514"}],"wp:attachment":[{"href":"https:\/\/staging.nbg.eu\/lt\/wp-json\/wp\/v2\/media?parent=36513"}],"wp:term":[{"taxonomy":"product_brand","embeddable":true,"href":"https:\/\/staging.nbg.eu\/lt\/wp-json\/wp\/v2\/product_brand?post=36513"},{"taxonomy":"product_cat","embeddable":true,"href":"https:\/\/staging.nbg.eu\/lt\/wp-json\/wp\/v2\/product_cat?post=36513"},{"taxonomy":"product_tag","embeddable":true,"href":"https:\/\/staging.nbg.eu\/lt\/wp-json\/wp\/v2\/product_tag?post=36513"}],"curies":[{"name":"wp","href":"https:\/\/api.w.org\/{rel}","templated":true}]}}