{"id":36391,"date":"2024-07-29T19:14:09","date_gmt":"2024-09-02T14:17:06","guid":{"rendered":"https:\/\/staging.nbg.eu\/product\/ten-speed-cummerbund-flap-triple-m4\/"},"modified":"2025-02-16T16:00:27","modified_gmt":"2025-02-16T16:00:27","slug":"ten-speed-juosmens-lopas-trigubas-m4","status":"publish","type":"product","link":"https:\/\/staging.nbg.eu\/lt\/produktas\/ten-speed-juosmens-lopas-trigubas-m4\/","title":{"rendered":"Ten-Speed\u00ae Juosmens Lopas &#8211; Trigubas M4"},"content":{"rendered":"<div class=\"product-description\">\n<h2>Ten-Speed\u00ae trij\u0173 d\u0117tuvi\u0173 skydelis, tinkantis Crye Precision\u00ae AVS \/ JPC \/ AirLite, pagamintas BlueForceGear<\/h2>\n<p>Ten-Speed\u00ae trij\u0173 d\u0117tuvi\u0173 skydelis, skirtas Crye Precision\u00ae AVS, JPC ir AirLite platformoms. \u0160io skydelio savyb\u0117s:<\/p>\n<ul>\n<li>Lengvas ir tvirtas<\/li>\n<li>Laiko tris \u0161autuvo d\u0117tuves<\/li>\n<li>Ten-Speed\u00ae elastin\u0117 med\u017eiaga greitam pri\u0117jimui<\/li>\n<li>Galima d\u0117ti vien\u0105 ant kito<\/li>\n<li>Suderinamas su MOLLE\/PALS sistema<\/li>\n<li>Pagaminta JAV<\/li>\n<\/ul>\n<p>BlueForceGear d\u0117tuvi\u0173 skydelis skirtas pagerinti efektyvum\u0105 ir pritaikomum\u0105 lauko s\u0105lygomis.<\/p>\n<\/div>\n","protected":false},"excerpt":{"rendered":"<p>Universalus trigubas d\u0117tuvi\u0173 skydelis, skirtas Crye Precision\u00ae \u012frangai. Greita prieiga, galimyb\u0117 d\u0117ti vien\u0105 ant kito.<\/p>\n","protected":false},"featured_media":0,"template":"","meta":{"_acf_changed":false},"product_brand":[11135],"product_cat":[13684,13708,13699],"product_tag":[],"class_list":{"0":"post-36391","1":"product","2":"type-product","3":"status-publish","5":"product_brand-blue-force-gear","6":"product_cat-detuviu-laikikliai","7":"product_cat-iranga","8":"product_cat-krepseliai","10":"first","11":"instock","12":"taxable","13":"shipping-taxable","14":"purchasable","15":"product-type-variable","16":"wvs-archive-product-wrapper"},"acf":[],"_links":{"self":[{"href":"https:\/\/staging.nbg.eu\/lt\/wp-json\/wp\/v2\/product\/36391","targetHints":{"allow":["GET"]}}],"collection":[{"href":"https:\/\/staging.nbg.eu\/lt\/wp-json\/wp\/v2\/product"}],"about":[{"href":"https:\/\/staging.nbg.eu\/lt\/wp-json\/wp\/v2\/types\/product"}],"wp:attachment":[{"href":"https:\/\/staging.nbg.eu\/lt\/wp-json\/wp\/v2\/media?parent=36391"}],"wp:term":[{"taxonomy":"product_brand","embeddable":true,"href":"https:\/\/staging.nbg.eu\/lt\/wp-json\/wp\/v2\/product_brand?post=36391"},{"taxonomy":"product_cat","embeddable":true,"href":"https:\/\/staging.nbg.eu\/lt\/wp-json\/wp\/v2\/product_cat?post=36391"},{"taxonomy":"product_tag","embeddable":true,"href":"https:\/\/staging.nbg.eu\/lt\/wp-json\/wp\/v2\/product_tag?post=36391"}],"curies":[{"name":"wp","href":"https:\/\/api.w.org\/{rel}","templated":true}]}}