{"id":36345,"date":"2024-07-30T18:54:40","date_gmt":"2024-09-02T13:54:39","guid":{"rendered":"https:\/\/staging.nbg.eu\/product\/mag-now-single-m4-pouch\/"},"modified":"2024-09-02T13:55:32","modified_gmt":"2024-09-02T13:55:32","slug":"mag-now-viengubas-m4-deklas","status":"publish","type":"product","link":"https:\/\/staging.nbg.eu\/lt\/produktas\/mag-now-viengubas-m4-deklas\/","title":{"rendered":"MAG NOW! VIENGUBAS M4 D\u0116KLAS"},"content":{"rendered":"<div class=\"product-description\">\n<h2>MAG NOW! VIENO M4 D\u0116TUV\u0116S D\u0116KLAS nuo BlueForceGear<\/h2>\n<p>MAG NOW! VIENO M4 D\u0116TUV\u0116S D\u0116KLAS yra universalus ir patvarus d\u0117tuv\u0117s laikiklis, sukurtas greitam pri\u0117jimui ir saugiam i\u0161laikymui. Ypatyb\u0117s:<\/p>\n<ul>\n<li>Ypa\u010d lengva konstrukcija, naudojant patentuot\u0105 ULTRAcomp med\u017eiag\u0105<\/li>\n<li>Reguliuojamas i\u0161laikymas \u012fvairiems d\u0117tuvi\u0173 tipams<\/li>\n<li>MOLLE suderinama tvirtinimo sistema<\/li>\n<li>Ambidekstrinis dizainas, tinkantis kairiarankiams ir de\u0161iniarankiams<\/li>\n<li>\u017demo profilio forma, suma\u017einanti t\u016br\u012f<\/li>\n<\/ul>\n<p>Puikiai tinka kariuomenei, teis\u0117saugos pareig\u016bnams ir var\u017eybiniams \u0161auliams, kuriems reikalingi greiti d\u0117tuvi\u0173 pakeitimai ir patikima \u012franga.<\/p>\n<\/div>\n","protected":false},"excerpt":{"rendered":"<p>Saugus, greitai prieinamas M4 d\u0117tuv\u0117s d\u0117klas. Patvarus, lengvas dizainas.<\/p>\n","protected":false},"featured_media":34682,"template":"","meta":{"_acf_changed":false},"product_brand":[11135],"product_cat":[13684,13708,13699],"product_tag":[],"class_list":{"0":"post-36345","1":"product","2":"type-product","3":"status-publish","4":"has-post-thumbnail","6":"product_brand-blue-force-gear","7":"product_cat-detuviu-laikikliai","8":"product_cat-iranga","9":"product_cat-krepseliai","11":"first","12":"instock","13":"taxable","14":"shipping-taxable","15":"purchasable","16":"product-type-variable","17":"wvs-archive-product-wrapper"},"acf":[],"_links":{"self":[{"href":"https:\/\/staging.nbg.eu\/lt\/wp-json\/wp\/v2\/product\/36345","targetHints":{"allow":["GET"]}}],"collection":[{"href":"https:\/\/staging.nbg.eu\/lt\/wp-json\/wp\/v2\/product"}],"about":[{"href":"https:\/\/staging.nbg.eu\/lt\/wp-json\/wp\/v2\/types\/product"}],"wp:featuredmedia":[{"embeddable":true,"href":"https:\/\/staging.nbg.eu\/lt\/wp-json\/wp\/v2\/media\/34682"}],"wp:attachment":[{"href":"https:\/\/staging.nbg.eu\/lt\/wp-json\/wp\/v2\/media?parent=36345"}],"wp:term":[{"taxonomy":"product_brand","embeddable":true,"href":"https:\/\/staging.nbg.eu\/lt\/wp-json\/wp\/v2\/product_brand?post=36345"},{"taxonomy":"product_cat","embeddable":true,"href":"https:\/\/staging.nbg.eu\/lt\/wp-json\/wp\/v2\/product_cat?post=36345"},{"taxonomy":"product_tag","embeddable":true,"href":"https:\/\/staging.nbg.eu\/lt\/wp-json\/wp\/v2\/product_tag?post=36345"}],"curies":[{"name":"wp","href":"https:\/\/api.w.org\/{rel}","templated":true}]}}