{"id":36303,"date":"2024-07-30T18:55:35","date_gmt":"2024-09-02T13:50:40","guid":{"rendered":"https:\/\/staging.nbg.eu\/product\/helium-whisper-zippered-accessory-pouch\/"},"modified":"2024-09-02T13:51:41","modified_gmt":"2024-09-02T13:51:41","slug":"helium-whisper-uztrauktukas-aksesuaru-deklas","status":"publish","type":"product","link":"https:\/\/staging.nbg.eu\/lt\/produktas\/helium-whisper-uztrauktukas-aksesuaru-deklas\/","title":{"rendered":"HELIUM WHISPER\u00ae U\u017dTRAUKTUKAS AKSESUAR\u0172 D\u0116KLAS"},"content":{"rendered":"<p>\nHELIUM WHISPER\u00ae U\u017dTRAUKTUKU U\u017dSEGAMAS PRIED\u0172 KREP\u0160ELIS nuo BlueForceGear yra universalus ir lengvas laikymo sprendimas j\u016bs\u0173 taktinei \u012frangai. Ypatyb\u0117s:<\/p>\n<ul>\n<li>Ypa\u010d lengva ULTRAcomp\u00ae med\u017eiaga, u\u017etikrinanti patvarum\u0105 ir atsparum\u0105 vandeniui<\/li>\n<li>MOLLE suderinama Helium Whisper\u00ae tvirtinimo sistema lengvam integravimui<\/li>\n<li>U\u017etrauktuku u\u017esegama pagrindin\u0117 skyrius saugiam laikymui<\/li>\n<li>Vidin\u0117s elastin\u0117s organizavimo kilpos smulkiems daiktams<\/li>\n<li>Galima rinktis i\u0161 keli\u0173 spalv\u0173, kad der\u0117t\u0173 prie j\u016bs\u0173 \u012frangos<\/li>\n<\/ul>\n<p>Puikiai tinka medicinos reikmenims, elektronikai ar kitiems b\u016btiniems daiktams laikyti. \u0160is krep\u0161elis sujungia funkcionalum\u0105 su novatori\u0161ku BlueForceGear dizainu, u\u017etikrinan\u010diu optimal\u0173 veikim\u0105 bet kokioje aplinkoje.<\/p>\n","protected":false},"excerpt":{"rendered":"<p>Lengvas, universalus krep\u0161elis saugiam \u012frangos laikymui keliaujant.<\/p>\n","protected":false},"featured_media":36304,"template":"","meta":{"_acf_changed":false},"product_brand":[11135],"product_cat":[13708,13699],"product_tag":[],"class_list":{"0":"post-36303","1":"product","2":"type-product","3":"status-publish","4":"has-post-thumbnail","6":"product_brand-blue-force-gear","7":"product_cat-iranga","8":"product_cat-krepseliai","10":"first","11":"instock","12":"taxable","13":"shipping-taxable","14":"purchasable","15":"product-type-variable","16":"wvs-archive-product-wrapper"},"acf":[],"_links":{"self":[{"href":"https:\/\/staging.nbg.eu\/lt\/wp-json\/wp\/v2\/product\/36303","targetHints":{"allow":["GET"]}}],"collection":[{"href":"https:\/\/staging.nbg.eu\/lt\/wp-json\/wp\/v2\/product"}],"about":[{"href":"https:\/\/staging.nbg.eu\/lt\/wp-json\/wp\/v2\/types\/product"}],"wp:featuredmedia":[{"embeddable":true,"href":"https:\/\/staging.nbg.eu\/lt\/wp-json\/wp\/v2\/media\/36304"}],"wp:attachment":[{"href":"https:\/\/staging.nbg.eu\/lt\/wp-json\/wp\/v2\/media?parent=36303"}],"wp:term":[{"taxonomy":"product_brand","embeddable":true,"href":"https:\/\/staging.nbg.eu\/lt\/wp-json\/wp\/v2\/product_brand?post=36303"},{"taxonomy":"product_cat","embeddable":true,"href":"https:\/\/staging.nbg.eu\/lt\/wp-json\/wp\/v2\/product_cat?post=36303"},{"taxonomy":"product_tag","embeddable":true,"href":"https:\/\/staging.nbg.eu\/lt\/wp-json\/wp\/v2\/product_tag?post=36303"}],"curies":[{"name":"wp","href":"https:\/\/api.w.org\/{rel}","templated":true}]}}