{"id":35990,"date":"2024-04-18T05:40:44","date_gmt":"2024-09-02T13:39:50","guid":{"rendered":"https:\/\/staging.nbg.eu\/product\/blue-force-gear-vickers-sling-1-25\/"},"modified":"2024-09-13T09:17:40","modified_gmt":"2024-09-13T09:17:40","slug":"blue-force-gear-vickers-sling-125","status":"publish","type":"product","link":"https:\/\/staging.nbg.eu\/lt\/produktas\/blue-force-gear-vickers-sling-125\/","title":{"rendered":"Blue Force Gear Vickers Sling, 1.25&#8243;"},"content":{"rendered":"<div class=\"product-description\">\n<h2>Blue Force Gear Vickers dir\u017eas, 1,25&#8243;<\/h2>\n<p>Vickers Combat Applications Sling\u2122 yra taktinis dir\u017eas, sukurtas bendradarbiaujant su Larry Vickers, buvusiu 1-ojo SFOD-Delta operatyviniu nariu ir Vickers Guide autoriumi.<\/p>\n<ul>\n<li>Greitai reguliuojama konstrukcija<\/li>\n<li>1,25&#8243; plo\u010dio optimaliam svorio paskirstymui<\/li>\n<li>Naudojamas JAV karini\u0173 paj\u0117g\u0173<\/li>\n<li>Patvari konstrukcija ilgalaikiam naudojimui<\/li>\n<\/ul>\n<p>\u0160is dir\u017eas skirtas pagerinti \u0161autuvo valdym\u0105 ir mobilum\u0105. Jis tinka tiek profesionaliems operatoriams, tiek entuziastams.<\/p>\n<\/div>\n","protected":false},"excerpt":{"rendered":"<p>Taktinis dir\u017eas, sukurtas Larry Vickers. Greitai reguliuojamas, karinio lygio.<\/p>\n","protected":false},"featured_media":35991,"template":"","meta":{"_acf_changed":false},"product_brand":[11135],"product_cat":[13704,13708],"product_tag":[],"class_list":{"0":"post-35990","1":"product","2":"type-product","3":"status-publish","4":"has-post-thumbnail","6":"product_brand-blue-force-gear","7":"product_cat-dirzai","8":"product_cat-iranga","10":"first","11":"instock","12":"taxable","13":"shipping-taxable","14":"purchasable","15":"product-type-variable","16":"wvs-archive-product-wrapper"},"acf":[],"_links":{"self":[{"href":"https:\/\/staging.nbg.eu\/lt\/wp-json\/wp\/v2\/product\/35990","targetHints":{"allow":["GET"]}}],"collection":[{"href":"https:\/\/staging.nbg.eu\/lt\/wp-json\/wp\/v2\/product"}],"about":[{"href":"https:\/\/staging.nbg.eu\/lt\/wp-json\/wp\/v2\/types\/product"}],"wp:featuredmedia":[{"embeddable":true,"href":"https:\/\/staging.nbg.eu\/lt\/wp-json\/wp\/v2\/media\/35991"}],"wp:attachment":[{"href":"https:\/\/staging.nbg.eu\/lt\/wp-json\/wp\/v2\/media?parent=35990"}],"wp:term":[{"taxonomy":"product_brand","embeddable":true,"href":"https:\/\/staging.nbg.eu\/lt\/wp-json\/wp\/v2\/product_brand?post=35990"},{"taxonomy":"product_cat","embeddable":true,"href":"https:\/\/staging.nbg.eu\/lt\/wp-json\/wp\/v2\/product_cat?post=35990"},{"taxonomy":"product_tag","embeddable":true,"href":"https:\/\/staging.nbg.eu\/lt\/wp-json\/wp\/v2\/product_tag?post=35990"}],"curies":[{"name":"wp","href":"https:\/\/api.w.org\/{rel}","templated":true}]}}