{"id":34846,"date":"2024-07-30T19:21:28","date_gmt":"2024-08-27T14:43:43","guid":{"rendered":"https:\/\/staging.nbg.eu\/product\/leg-strap-for-holster-adapter\/"},"modified":"2024-08-27T14:44:35","modified_gmt":"2024-08-27T14:44:35","slug":"kojos-dirzelis-ikabos-adapterio","status":"publish","type":"product","link":"https:\/\/staging.nbg.eu\/lt\/produktas\/kojos-dirzelis-ikabos-adapterio\/","title":{"rendered":"Kojos dir\u017eelis ikabos adapterio"},"content":{"rendered":"<div class=\"product-description\">\n<h2>BlueForceGear d\u0117klo adapterio koj\u0173 dir\u017eas<\/h2>\n<p>Pagerinkite savo d\u0117klo stabilum\u0105 ir komfort\u0105 su BlueForceGear d\u0117klo adapterio koj\u0173 dir\u017eu. \u0160is patvarus, reguliuojamas dir\u017eas skirtas pritvirtinti j\u016bs\u0173 d\u0117kl\u0105 prie \u0161launies, u\u017etikrinant patikim\u0105 ir pastov\u0173 i\u0161traukim\u0105.<\/p>\n<ul>\n<h3>Savyb\u0117s:<\/h3>\n<li>Suderinamas su daugeliu d\u0117kl\u0173 adapteri\u0173<\/li>\n<li>Reguliuojamas, kad idealiai tikt\u0173<\/li>\n<li>Pagamintas i\u0161 auk\u0161tos kokyb\u0117s, kv\u0117puojan\u010di\u0173 med\u017eiag\u0173<\/li>\n<li>Neslystantis dizainas maksimaliam stabilumui<\/li>\n<li>Greitojo atleidimo sagtis lengvam u\u017esid\u0117jimui ir nusi\u0117mimui<\/li>\n<\/ul>\n<p>Idealiai tinka teis\u0117saugos, kariuomen\u0117s ir civili\u0173 naudojimui, \u0161is koj\u0173 dir\u017eas u\u017etikrina, kad j\u016bs\u0173 d\u0117klas liks vietoje intensyvios veiklos metu.<\/p>\n<\/div>\n","protected":false},"excerpt":{"rendered":"<p>Saugi koj\u0173 juosta pagerina d\u0117klo stabilum\u0105 skland\u017eiam ginklo i\u0161traukimui.<\/p>\n","protected":false},"featured_media":34847,"template":"","meta":{"_acf_changed":false},"product_brand":[11135],"product_cat":[13695,13728,13708],"product_tag":[],"class_list":{"0":"post-34846","1":"product","2":"type-product","3":"status-publish","4":"has-post-thumbnail","6":"product_brand-blue-force-gear","7":"product_cat-deklas","8":"product_cat-deklo-priedai","9":"product_cat-iranga","11":"first","12":"instock","13":"taxable","14":"shipping-taxable","15":"purchasable","16":"product-type-variable","17":"wvs-archive-product-wrapper"},"acf":[],"_links":{"self":[{"href":"https:\/\/staging.nbg.eu\/lt\/wp-json\/wp\/v2\/product\/34846","targetHints":{"allow":["GET"]}}],"collection":[{"href":"https:\/\/staging.nbg.eu\/lt\/wp-json\/wp\/v2\/product"}],"about":[{"href":"https:\/\/staging.nbg.eu\/lt\/wp-json\/wp\/v2\/types\/product"}],"wp:featuredmedia":[{"embeddable":true,"href":"https:\/\/staging.nbg.eu\/lt\/wp-json\/wp\/v2\/media\/34847"}],"wp:attachment":[{"href":"https:\/\/staging.nbg.eu\/lt\/wp-json\/wp\/v2\/media?parent=34846"}],"wp:term":[{"taxonomy":"product_brand","embeddable":true,"href":"https:\/\/staging.nbg.eu\/lt\/wp-json\/wp\/v2\/product_brand?post=34846"},{"taxonomy":"product_cat","embeddable":true,"href":"https:\/\/staging.nbg.eu\/lt\/wp-json\/wp\/v2\/product_cat?post=34846"},{"taxonomy":"product_tag","embeddable":true,"href":"https:\/\/staging.nbg.eu\/lt\/wp-json\/wp\/v2\/product_tag?post=34846"}],"curies":[{"name":"wp","href":"https:\/\/api.w.org\/{rel}","templated":true}]}}