{"id":34680,"date":"2024-07-30T19:26:43","date_gmt":"2024-08-27T14:30:08","guid":{"rendered":"https:\/\/staging.nbg.eu\/product\/mag-now-triple-m4-pouch\/"},"modified":"2024-08-27T14:31:04","modified_gmt":"2024-08-27T14:31:04","slug":"mag-now-trigubas-m4-deklas","status":"publish","type":"product","link":"https:\/\/staging.nbg.eu\/lt\/produktas\/mag-now-trigubas-m4-deklas\/","title":{"rendered":"MAG NOW! trigubas M4 deklas"},"content":{"rendered":"<p><strong>MAG NOW! TRIPLE M4 D\u0116TUV\u0116S KREP\u0160YS<\/strong> nuo BlueForceGear yra auk\u0161tos kokyb\u0117s d\u0117tuvi\u0173 laikiklis, skirtas taktiniams profesionalams ir entuziastams. Ypatyb\u0117s:<\/p>\n<ul>\n<li>Saugiai laiko tris 30 \u0161ovini\u0173 M4\/AR-15 d\u0117tuves<\/li>\n<li>Patvari 500D Cordura nailono konstrukcija<\/li>\n<li>Helium Whisper tvirtinimo sistema lengvam MOLLE suderinamumui<\/li>\n<li>Greitai prieinami elastiniai fiksavimo dir\u017eeliai<\/li>\n<li>\u017demo profilio dizainas, ma\u017einantis t\u016br\u012f<\/li>\n<li>Galima rinktis i\u0161 \u012fvairi\u0173 spalv\u0173, kad der\u0117t\u0173 prie j\u016bs\u0173 ekipuot\u0117s<\/li>\n<\/ul>\n<p>Patobulinkite savo ekipuot\u0119 \u0161iuo universaliu, patikimu krep\u0161iu, u\u017etikrinan\u010diu greit\u0105 d\u0117tuvi\u0173 keitim\u0105, kai kiekviena sekund\u0117 yra svarbi.<\/p>\n","protected":false},"excerpt":{"rendered":"<p>Saugus trigubas M4 d\u0117tuvi\u0173 d\u0117klas. Greitas pri\u0117jimas. Patvari konstrukcija.<\/p>\n","protected":false},"featured_media":34681,"template":"","meta":{"_acf_changed":false},"product_brand":[11135],"product_cat":[13684,13708,13699],"product_tag":[],"class_list":{"0":"post-34680","1":"product","2":"type-product","3":"status-publish","4":"has-post-thumbnail","6":"product_brand-blue-force-gear","7":"product_cat-detuviu-laikikliai","8":"product_cat-iranga","9":"product_cat-krepseliai","11":"first","12":"instock","13":"taxable","14":"shipping-taxable","15":"purchasable","16":"product-type-variable","17":"wvs-archive-product-wrapper"},"acf":[],"_links":{"self":[{"href":"https:\/\/staging.nbg.eu\/lt\/wp-json\/wp\/v2\/product\/34680","targetHints":{"allow":["GET"]}}],"collection":[{"href":"https:\/\/staging.nbg.eu\/lt\/wp-json\/wp\/v2\/product"}],"about":[{"href":"https:\/\/staging.nbg.eu\/lt\/wp-json\/wp\/v2\/types\/product"}],"wp:featuredmedia":[{"embeddable":true,"href":"https:\/\/staging.nbg.eu\/lt\/wp-json\/wp\/v2\/media\/34681"}],"wp:attachment":[{"href":"https:\/\/staging.nbg.eu\/lt\/wp-json\/wp\/v2\/media?parent=34680"}],"wp:term":[{"taxonomy":"product_brand","embeddable":true,"href":"https:\/\/staging.nbg.eu\/lt\/wp-json\/wp\/v2\/product_brand?post=34680"},{"taxonomy":"product_cat","embeddable":true,"href":"https:\/\/staging.nbg.eu\/lt\/wp-json\/wp\/v2\/product_cat?post=34680"},{"taxonomy":"product_tag","embeddable":true,"href":"https:\/\/staging.nbg.eu\/lt\/wp-json\/wp\/v2\/product_tag?post=34680"}],"curies":[{"name":"wp","href":"https:\/\/api.w.org\/{rel}","templated":true}]}}