{"id":34198,"date":"2024-07-30T19:31:05","date_gmt":"2024-08-27T14:09:01","guid":{"rendered":"https:\/\/staging.nbg.eu\/product\/boo-boo-pouch\/"},"modified":"2024-08-27T14:10:20","modified_gmt":"2024-08-27T14:10:20","slug":"boo-boo-deklas","status":"publish","type":"product","link":"https:\/\/staging.nbg.eu\/lt\/produktas\/boo-boo-deklas\/","title":{"rendered":"Boo Boo deklas"},"content":{"rendered":"<p>&#8222;Boo Boo Pouch&#8221; nuo &#8222;Blue Force Gear&#8221; yra kompakti\u0161kas, universalus medicinos rinkinys, skirtas kasdieniam ne\u0161iojimui. \u0160is lengvas krep\u0161elis lengvai tvirtinasi prie j\u016bs\u0173 \u012frangos naudojant MOLLE\/PALS tvirtinimo sistem\u0105 arba dir\u017eo kilpas. Pagamintas i\u0161 patvarios 500D Cordura nailono med\u017eiagos, jis sukurtas atlaikyti sunkias s\u0105lygas.<\/p>\n<ul>\n<li>Matmenys: 10,16 cm x 10,16 cm x 5,08 cm<\/li>\n<li>\u012evairios tvirtinimo galimyb\u0117s<\/li>\n<li>Vidin\u0117s elastin\u0117s kilpos organizavimui<\/li>\n<li>Galima rinktis i\u0161 \u012fvairi\u0173 spalv\u0173<\/li>\n<li>Puikiai tinka laikyti pagrindin\u0117ms pirmosios pagalbos priemon\u0117ms<\/li>\n<\/ul>\n<p>Nesvarbu, ar \u017eygiaujate, stovyklaujate, ar esate tarnyboje, &#8222;Boo Boo Pouch&#8221; u\u017etikrina, kad b\u016bsite pasiruo\u0161\u0119 nedideliems su\u017eeidimams ir avarin\u0117ms situacijoms. Kompakti\u0161kas, bet talpus, jis yra b\u016btinas papildymas j\u016bs\u0173 kasdieninio ne\u0161iojimo rinkiniui.<\/p>\n","protected":false},"excerpt":{"rendered":"<p>Kompakti\u0161kas medicininis krep\u0161ys b\u016btiniausiai pirmosios pagalbos \u012frangai kelion\u0117je.<\/p>\n","protected":false},"featured_media":34204,"template":"","meta":{"_acf_changed":false},"product_brand":[11135],"product_cat":[13708,13699],"product_tag":[],"class_list":{"0":"post-34198","1":"product","2":"type-product","3":"status-publish","4":"has-post-thumbnail","6":"product_brand-blue-force-gear","7":"product_cat-iranga","8":"product_cat-krepseliai","10":"first","11":"instock","12":"taxable","13":"shipping-taxable","14":"purchasable","15":"product-type-variable","16":"wvs-archive-product-wrapper"},"acf":[],"_links":{"self":[{"href":"https:\/\/staging.nbg.eu\/lt\/wp-json\/wp\/v2\/product\/34198","targetHints":{"allow":["GET"]}}],"collection":[{"href":"https:\/\/staging.nbg.eu\/lt\/wp-json\/wp\/v2\/product"}],"about":[{"href":"https:\/\/staging.nbg.eu\/lt\/wp-json\/wp\/v2\/types\/product"}],"wp:featuredmedia":[{"embeddable":true,"href":"https:\/\/staging.nbg.eu\/lt\/wp-json\/wp\/v2\/media\/34204"}],"wp:attachment":[{"href":"https:\/\/staging.nbg.eu\/lt\/wp-json\/wp\/v2\/media?parent=34198"}],"wp:term":[{"taxonomy":"product_brand","embeddable":true,"href":"https:\/\/staging.nbg.eu\/lt\/wp-json\/wp\/v2\/product_brand?post=34198"},{"taxonomy":"product_cat","embeddable":true,"href":"https:\/\/staging.nbg.eu\/lt\/wp-json\/wp\/v2\/product_cat?post=34198"},{"taxonomy":"product_tag","embeddable":true,"href":"https:\/\/staging.nbg.eu\/lt\/wp-json\/wp\/v2\/product_tag?post=34198"}],"curies":[{"name":"wp","href":"https:\/\/api.w.org\/{rel}","templated":true}]}}