{"id":33722,"date":"2024-07-30T19:33:04","date_gmt":"2024-08-27T13:14:23","guid":{"rendered":"https:\/\/staging.nbg.eu\/product\/mag-now-single-pistol-pouch-bullets-flat\/"},"modified":"2024-08-27T13:15:29","modified_gmt":"2024-08-27T13:15:29","slug":"mag-now-viengubo-pistoleto-detaves-deklas-kulkos-ploscia","status":"publish","type":"product","link":"https:\/\/staging.nbg.eu\/lt\/produktas\/mag-now-viengubo-pistoleto-detaves-deklas-kulkos-ploscia\/","title":{"rendered":"MAG NOW! viengubo pistoleto detaves deklas (kulkos ploscia)"},"content":{"rendered":"<p>\n\u201eBlue Force Gear&#8221; <strong>MAG NOW! SINGLE PISTOL POUCH (BULLETS FLAT)<\/strong> yra universalus ir patvarus sprendimas j\u016bs\u0173 pistoleto d\u0117tuvei ne\u0161ioti. Savyb\u0117s:<\/p>\n<ul>\n<li>\u017demo profilio dizainas diskreti\u0161kam ne\u0161iojimui<\/li>\n<li>Saugus fiksavimas su greito atlaisvinimo galimybe<\/li>\n<li>Suderinamas su dauguma dviej\u0173 eili\u0173 pistoleto d\u0117tuvi\u0173<\/li>\n<li>Lengva ULTRAcomp konstrukcija<\/li>\n<li>Suderinamas su MOLLE\/PALS sistema<\/li>\n<li>Galima rinktis i\u0161 \u012fvairi\u0173 spalv\u0173<\/li>\n<\/ul>\n<p>Puikiai tinka kariniams, teis\u0117saugos ir civiliams naudotojams, \u0161i d\u0117tuv\u0117s ki\u0161en\u0117 u\u017etikrina greit\u0105 prieig\u0105 ir patikim\u0105 veikim\u0105 bet kokioje situacijoje. Patobulinkite savo ekipuot\u0119 su inovatyviu \u201eBlue Force Gear&#8221; dizainu.<\/p>\n","protected":false},"excerpt":{"rendered":"<p>Plonas, saugus pistoleto d\u0117tuv\u0117s d\u0117klas. Plok\u0161\u010dios kulkos. Greito pri\u0117jimo dizainas.<\/p>\n","protected":false},"featured_media":33723,"template":"","meta":{"_acf_changed":false},"product_brand":[11135],"product_cat":[13708,13699],"product_tag":[],"class_list":{"0":"post-33722","1":"product","2":"type-product","3":"status-publish","4":"has-post-thumbnail","6":"product_brand-blue-force-gear","7":"product_cat-iranga","8":"product_cat-krepseliai","10":"first","11":"instock","12":"taxable","13":"shipping-taxable","14":"purchasable","15":"product-type-variable","16":"wvs-archive-product-wrapper"},"acf":[],"_links":{"self":[{"href":"https:\/\/staging.nbg.eu\/lt\/wp-json\/wp\/v2\/product\/33722","targetHints":{"allow":["GET"]}}],"collection":[{"href":"https:\/\/staging.nbg.eu\/lt\/wp-json\/wp\/v2\/product"}],"about":[{"href":"https:\/\/staging.nbg.eu\/lt\/wp-json\/wp\/v2\/types\/product"}],"wp:featuredmedia":[{"embeddable":true,"href":"https:\/\/staging.nbg.eu\/lt\/wp-json\/wp\/v2\/media\/33723"}],"wp:attachment":[{"href":"https:\/\/staging.nbg.eu\/lt\/wp-json\/wp\/v2\/media?parent=33722"}],"wp:term":[{"taxonomy":"product_brand","embeddable":true,"href":"https:\/\/staging.nbg.eu\/lt\/wp-json\/wp\/v2\/product_brand?post=33722"},{"taxonomy":"product_cat","embeddable":true,"href":"https:\/\/staging.nbg.eu\/lt\/wp-json\/wp\/v2\/product_cat?post=33722"},{"taxonomy":"product_tag","embeddable":true,"href":"https:\/\/staging.nbg.eu\/lt\/wp-json\/wp\/v2\/product_tag?post=33722"}],"curies":[{"name":"wp","href":"https:\/\/api.w.org\/{rel}","templated":true}]}}