{"id":33526,"date":"2024-07-30T19:34:10","date_gmt":"2024-08-27T13:06:25","guid":{"rendered":"https:\/\/staging.nbg.eu\/product\/low-profile-general-purpose-pouch\/"},"modified":"2024-08-27T13:08:10","modified_gmt":"2024-08-27T13:08:10","slug":"zemo-profilio-universalus-deklas","status":"publish","type":"product","link":"https:\/\/staging.nbg.eu\/lt\/produktas\/zemo-profilio-universalus-deklas\/","title":{"rendered":"Zemo profilio universalus deklas"},"content":{"rendered":"<div class=\"product-description\">\n<h2>Blue Force Gear \u017eemo profilio bendrosios paskirties krep\u0161ys<\/h2>\n<p>Blue Force Gear \u017eemo profilio bendrosios paskirties krep\u0161ys yra universalus laikymo sprendimas taktiniams ir kasdieniniams ne\u0161iojimo poreikiams. Ypatyb\u0117s:<\/p>\n<ul>\n<li>Patvari 500D Cordura konstrukcija<\/li>\n<li>Helium Whisper tvirtinimo sistema, u\u017etikrinanti lengv\u0105 MOLLE suderinamum\u0105<\/li>\n<li>\u017demo profilio dizainas diskreti\u0161kam ne\u0161iojimui<\/li>\n<li>Reguliuojama guminio dir\u017eo fiksavimo sistema<\/li>\n<li>Kelios vidin\u0117s organizacin\u0117s ki\u0161en\u0117s<\/li>\n<li>Galima rinktis i\u0161 \u012fvairi\u0173 spalv\u0173<\/li>\n<\/ul>\n<p>Puikiai tinka laikyti smulki\u0105 \u012frang\u0105, medicinos reikmenis ar kasdien ne\u0161iojamus daiktus. Idealiai tinka kari\u0161kiams, teis\u0117saugos pareig\u016bnams ir lauko entuziastams, ie\u0161kantiems kompakti\u0161ko, patikimo krep\u0161io.<\/p>\n<\/div>\n","protected":false},"excerpt":{"rendered":"<p>Kompakti\u0161ka, universali ki\u0161en\u0117 b\u016btiniausiems daiktams. Patvari ir nery\u0161ki.<\/p>\n","protected":false},"featured_media":33533,"template":"","meta":{"_acf_changed":false},"product_brand":[11135],"product_cat":[13708,13699],"product_tag":[],"class_list":{"0":"post-33526","1":"product","2":"type-product","3":"status-publish","4":"has-post-thumbnail","6":"product_brand-blue-force-gear","7":"product_cat-iranga","8":"product_cat-krepseliai","10":"first","11":"instock","12":"taxable","13":"shipping-taxable","14":"purchasable","15":"product-type-variable","16":"wvs-archive-product-wrapper"},"acf":[],"_links":{"self":[{"href":"https:\/\/staging.nbg.eu\/lt\/wp-json\/wp\/v2\/product\/33526","targetHints":{"allow":["GET"]}}],"collection":[{"href":"https:\/\/staging.nbg.eu\/lt\/wp-json\/wp\/v2\/product"}],"about":[{"href":"https:\/\/staging.nbg.eu\/lt\/wp-json\/wp\/v2\/types\/product"}],"wp:featuredmedia":[{"embeddable":true,"href":"https:\/\/staging.nbg.eu\/lt\/wp-json\/wp\/v2\/media\/33533"}],"wp:attachment":[{"href":"https:\/\/staging.nbg.eu\/lt\/wp-json\/wp\/v2\/media?parent=33526"}],"wp:term":[{"taxonomy":"product_brand","embeddable":true,"href":"https:\/\/staging.nbg.eu\/lt\/wp-json\/wp\/v2\/product_brand?post=33526"},{"taxonomy":"product_cat","embeddable":true,"href":"https:\/\/staging.nbg.eu\/lt\/wp-json\/wp\/v2\/product_cat?post=33526"},{"taxonomy":"product_tag","embeddable":true,"href":"https:\/\/staging.nbg.eu\/lt\/wp-json\/wp\/v2\/product_tag?post=33526"}],"curies":[{"name":"wp","href":"https:\/\/api.w.org\/{rel}","templated":true}]}}