{"id":33278,"date":"2024-01-30T18:06:01","date_gmt":"2024-08-27T12:55:29","guid":{"rendered":"https:\/\/staging.nbg.eu\/product\/plate6-molleminus-plate-carrier\/"},"modified":"2024-08-27T12:56:42","modified_gmt":"2024-08-27T12:56:42","slug":"plate6-molleminus-ploksciu-liemene","status":"publish","type":"product","link":"https:\/\/staging.nbg.eu\/lt\/produktas\/plate6-molleminus-ploksciu-liemene\/","title":{"rendered":"PLATE6 MOLLEminus ploksciu liemene"},"content":{"rendered":"<p>\nBlueForceGear PLATE6\u00ae MOLLEminus neper\u0161aunama liemen\u0117 yra lengvas, \u017eemo profilio sprendimas taktiniams operatoriams. Ypatyb\u0117s:<\/p>\n<ul>\n<li>Patentuota ULTRAcomp\u00ae laminato konstrukcija<\/li>\n<li>Inovatyvi MOLLEminus tvirtinimo sistema<\/li>\n<li>Reguliuojamos pe\u010di\u0173 juostos ir juosmens dir\u017eas<\/li>\n<li>Suderinama su SAPI\/ESAPI plok\u0161t\u0117mis iki 10&#215;12 coli\u0173<\/li>\n<li>Greito atlaisvinimo sistema greitam nusi\u0117mimui<\/li>\n<li>Lazeriu i\u0161pjautos ventiliacijos angos geresniam kv\u0117pavimui<\/li>\n<li>Galima rinktis i\u0161 keli\u0173 spalv\u0173<\/li>\n<\/ul>\n<p>Sukurta maksimaliam mobilumui ir minimaliam svoriui, PLATE6\u00ae u\u017etikrina auk\u0161\u010diausio lygio apsaug\u0105 neaukojant vikrumo. Puikiai tinka kariuomen\u0117s, teis\u0117saugos ir saugumo specialistams, kurie reikalauja geriausios taktin\u0117s \u012frangos.<\/p>\n","protected":false},"excerpt":{"rendered":"<p>Ypa\u010d lengvas, \u017eemo profilio plok\u0161\u010di\u0173 ne\u0161iojimo liemen\u0117. Prisitaikanti, patogi, patvari.<\/p>\n","protected":false},"featured_media":33282,"template":"","meta":{"_acf_changed":false},"product_brand":[11135],"product_cat":[13708,13723],"product_tag":[],"class_list":{"0":"post-33278","1":"product","2":"type-product","3":"status-publish","4":"has-post-thumbnail","6":"product_brand-blue-force-gear","7":"product_cat-iranga","8":"product_cat-ploksciu-nesikliai","10":"first","11":"instock","12":"taxable","13":"shipping-taxable","14":"purchasable","15":"product-type-variable","16":"wvs-archive-product-wrapper"},"acf":[],"_links":{"self":[{"href":"https:\/\/staging.nbg.eu\/lt\/wp-json\/wp\/v2\/product\/33278","targetHints":{"allow":["GET"]}}],"collection":[{"href":"https:\/\/staging.nbg.eu\/lt\/wp-json\/wp\/v2\/product"}],"about":[{"href":"https:\/\/staging.nbg.eu\/lt\/wp-json\/wp\/v2\/types\/product"}],"wp:featuredmedia":[{"embeddable":true,"href":"https:\/\/staging.nbg.eu\/lt\/wp-json\/wp\/v2\/media\/33282"}],"wp:attachment":[{"href":"https:\/\/staging.nbg.eu\/lt\/wp-json\/wp\/v2\/media?parent=33278"}],"wp:term":[{"taxonomy":"product_brand","embeddable":true,"href":"https:\/\/staging.nbg.eu\/lt\/wp-json\/wp\/v2\/product_brand?post=33278"},{"taxonomy":"product_cat","embeddable":true,"href":"https:\/\/staging.nbg.eu\/lt\/wp-json\/wp\/v2\/product_cat?post=33278"},{"taxonomy":"product_tag","embeddable":true,"href":"https:\/\/staging.nbg.eu\/lt\/wp-json\/wp\/v2\/product_tag?post=33278"}],"curies":[{"name":"wp","href":"https:\/\/api.w.org\/{rel}","templated":true}]}}