{"id":31622,"date":"2024-08-18T19:30:03","date_gmt":"2024-08-24T13:46:37","guid":{"rendered":"https:\/\/staging.nbg.eu\/product\/daa-22x22mm-target-patches\/"},"modified":"2024-09-10T07:36:04","modified_gmt":"2024-09-10T07:36:04","slug":"daa-22x22mm-taikinio-lipdukai","status":"publish","type":"product","link":"https:\/\/staging.nbg.eu\/lt\/produktas\/daa-22x22mm-taikinio-lipdukai\/","title":{"rendered":"Daa 22X22Mm taikinio lipdukai"},"content":{"rendered":"<div class=\"product-description\">\n<h2>DAA 22x22mm Taikinio Lopai<\/h2>\n<p>Pagerinkite savo \u0161audymo patirt\u012f su DAA pagamintais taikinio lopais, sukurtais puikiai der\u0117ti su \u012fprastais kartoniniais taikiniais.<\/p>\n<ul>\n<li>Spalva suderinta beveik nematomam pritaikymui ant \u012fprast\u0173 taikini\u0173<\/li>\n<li>Unikalus 22x22mm kvadratinis dizainas didesnei apr\u0117p\u010diai<\/li>\n<li>Lengviau ir grei\u010diau klijuojami nei standartiniai apval\u016bs lopai<\/li>\n<li>1000 lop\u0173 ritinyje, 10 ritini\u0173 pakuot\u0117je<\/li>\n<\/ul>\n<p>\u0160ie auk\u0161tos kokyb\u0117s lopai si\u016blo prana\u0161esn\u0119 apr\u0117pt\u012f ir efektyvum\u0105, palyginti su standartiniais 20 mm apvaliais lopais. J\u0173 kvadratin\u0117 forma leid\u017eia grei\u010diau juos u\u017eklijuoti, nereikalaujant tikslaus taikymo. Nesvarbu, ar esate profesionalus, ar laisvalaikio \u0161aulys, DAA taikinio lopai suteikia skland\u0173 sprendim\u0105, pailginant\u012f j\u016bs\u0173 taikini\u0173 tarnavimo laik\u0105 bet kokiomis oro s\u0105lygomis.<\/p>\n<\/div>\n","protected":false},"excerpt":{"rendered":"<p>Atsparios oro s\u0105lygoms 22x22mm taikinio lopin\u0117liai. 1000 vnt.\/ritinyje, 10 ritini\u0173\/pakuot\u0117je.<\/p>\n","protected":false},"featured_media":29104,"template":"","meta":{"_acf_changed":false},"product_brand":[11275],"product_cat":[13706,13714,13739],"product_tag":[],"class_list":{"0":"post-31622","1":"product","2":"type-product","3":"status-publish","4":"has-post-thumbnail","6":"product_brand-doublealpha","7":"product_cat-lopai-ir-lopu-sautuvai","8":"product_cat-popieriniai-taikiniai","9":"product_cat-taikiniai","11":"first","12":"instock","13":"taxable","14":"shipping-taxable","15":"purchasable","16":"product-type-variable","17":"wvs-archive-product-wrapper"},"acf":[],"_links":{"self":[{"href":"https:\/\/staging.nbg.eu\/lt\/wp-json\/wp\/v2\/product\/31622","targetHints":{"allow":["GET"]}}],"collection":[{"href":"https:\/\/staging.nbg.eu\/lt\/wp-json\/wp\/v2\/product"}],"about":[{"href":"https:\/\/staging.nbg.eu\/lt\/wp-json\/wp\/v2\/types\/product"}],"wp:featuredmedia":[{"embeddable":true,"href":"https:\/\/staging.nbg.eu\/lt\/wp-json\/wp\/v2\/media\/29104"}],"wp:attachment":[{"href":"https:\/\/staging.nbg.eu\/lt\/wp-json\/wp\/v2\/media?parent=31622"}],"wp:term":[{"taxonomy":"product_brand","embeddable":true,"href":"https:\/\/staging.nbg.eu\/lt\/wp-json\/wp\/v2\/product_brand?post=31622"},{"taxonomy":"product_cat","embeddable":true,"href":"https:\/\/staging.nbg.eu\/lt\/wp-json\/wp\/v2\/product_cat?post=31622"},{"taxonomy":"product_tag","embeddable":true,"href":"https:\/\/staging.nbg.eu\/lt\/wp-json\/wp\/v2\/product_tag?post=31622"}],"curies":[{"name":"wp","href":"https:\/\/api.w.org\/{rel}","templated":true}]}}