{"id":31547,"date":"2024-08-18T19:35:37","date_gmt":"2024-08-24T13:44:27","guid":{"rendered":"https:\/\/staging.nbg.eu\/product\/mr-bulletfeeder-by-double-alpha-gen-2\/"},"modified":"2024-08-24T13:45:50","modified_gmt":"2024-08-24T13:45:50","slug":"mrbulletfeeder-by-double-alpha-gen-2","status":"publish","type":"product","link":"https:\/\/staging.nbg.eu\/lt\/produktas\/mrbulletfeeder-by-double-alpha-gen-2\/","title":{"rendered":"Mr.Bulletfeeder By Double-Alpha Gen 2"},"content":{"rendered":"<div class=\"product-description\">\n<h2>Mr.Bulletfeeder By Double-Alpha 2 kartos<\/h2>\n<p>Revoliucionizuokite savo \u0161ovini\u0173 u\u017etaisymo proces\u0105 su Mr.Bulletfeeder By Double-Alpha 2 kartos \u012frenginiu. \u0160i pa\u017eangi kulk\u0173 tiekimo sistema skland\u017eiai integruojasi su j\u016bs\u0173 progresiniu u\u017etaisymo presu, \u017eenkliai padidindama j\u016bs\u0173 gamybos greit\u012f ir efektyvum\u0105.<\/p>\n<ul>\n<li>Suderinama su keliais kalibrais<\/li>\n<li>Lengvai montuojama ir reguliuojama<\/li>\n<li>Tiksliai sukonstruota patikimam veikimui<\/li>\n<li>Suma\u017eina rankin\u012f valdym\u0105 saugesniam u\u017etaisymui<\/li>\n<li>Tvirta konstrukcija ilgalaikiam naudojimui<\/li>\n<\/ul>\n<p>Patobulinkite savo \u0161ovini\u0173 u\u017etaisymo \u012frang\u0105 jau \u0161iandien ir pajuskite skirtum\u0105 su Mr.Bulletfeeder 2 kartos \u012frenginiu!<\/p>\n<\/div>\n","protected":false},"excerpt":{"rendered":"<p>Efektyvus \u0161ovini\u0173 tiektuvas greitam ir tiksliam persiuntimui. Padidina produktyvum\u0105.<\/p>\n","protected":false},"featured_media":29311,"template":"","meta":{"_acf_changed":false},"product_brand":[11275],"product_cat":[13737,13709],"product_tag":[],"class_list":{"0":"post-31547","1":"product","2":"type-product","3":"status-publish","4":"has-post-thumbnail","6":"product_brand-doublealpha","7":"product_cat-perkrovimas","8":"product_cat-perkrovimo-masinos","10":"first","11":"instock","12":"taxable","13":"shipping-taxable","14":"purchasable","15":"product-type-variable","16":"wvs-archive-product-wrapper"},"acf":[],"_links":{"self":[{"href":"https:\/\/staging.nbg.eu\/lt\/wp-json\/wp\/v2\/product\/31547","targetHints":{"allow":["GET"]}}],"collection":[{"href":"https:\/\/staging.nbg.eu\/lt\/wp-json\/wp\/v2\/product"}],"about":[{"href":"https:\/\/staging.nbg.eu\/lt\/wp-json\/wp\/v2\/types\/product"}],"wp:featuredmedia":[{"embeddable":true,"href":"https:\/\/staging.nbg.eu\/lt\/wp-json\/wp\/v2\/media\/29311"}],"wp:attachment":[{"href":"https:\/\/staging.nbg.eu\/lt\/wp-json\/wp\/v2\/media?parent=31547"}],"wp:term":[{"taxonomy":"product_brand","embeddable":true,"href":"https:\/\/staging.nbg.eu\/lt\/wp-json\/wp\/v2\/product_brand?post=31547"},{"taxonomy":"product_cat","embeddable":true,"href":"https:\/\/staging.nbg.eu\/lt\/wp-json\/wp\/v2\/product_cat?post=31547"},{"taxonomy":"product_tag","embeddable":true,"href":"https:\/\/staging.nbg.eu\/lt\/wp-json\/wp\/v2\/product_tag?post=31547"}],"curies":[{"name":"wp","href":"https:\/\/api.w.org\/{rel}","templated":true}]}}