{"id":31280,"date":"2024-08-18T19:46:48","date_gmt":"2024-08-24T13:34:06","guid":{"rendered":"https:\/\/staging.nbg.eu\/product\/produktas-4\/"},"modified":"2025-01-29T09:10:03","modified_gmt":"2025-01-29T09:10:03","slug":"flex-ikabos-spalvu-idelai","status":"publish","type":"product","link":"https:\/\/staging.nbg.eu\/lt\/produktas\/flex-ikabos-spalvu-idelai\/","title":{"rendered":"Flex ikabos spalvu idelai"},"content":{"rendered":"<div class=\"product-description\">\n<h2>Flex d\u0117klo spalvoti intarpai<\/h2>\n<p>Pritaikykite savo Flex d\u0117kl\u0105 su \u0161iais lazeriu i\u0161pjautais plastikiniais logotipo intarpais. Galima rinktis i\u0161 \u012fvairi\u0173 spalv\u0173.<\/p>\n<ul>\n<li>Lengvas montavimas su 3M lipnia juostele<\/li>\n<li>Nuimami spalv\u0173 keitimui (nuimant gali sul\u016b\u017eti)<\/li>\n<li>Pridedama skaidri apsaugin\u0117 pl\u0117vel\u0117 (nuimama geresnei i\u0161vaizdai)<\/li>\n<\/ul>\n<p>Pasirinkite i\u0161 \u0161i\u0173 spalv\u0173:<\/p>\n<ul class=\"color-options\">\n<li>Juoda<\/li>\n<li>M\u0117lyna<\/li>\n<li>Vario<\/li>\n<li>Aukso<\/li>\n<li>Oran\u017ein\u0117<\/li>\n<li>Raudona<\/li>\n<li>Sidabro<\/li>\n<li>Geltona<\/li>\n<\/ul>\n<p>Pakeiskite savo Flex d\u0117klo i\u0161vaizd\u0105 su \u0161iais spalvotais intarpais.<\/p>\n<\/div>\n","protected":false},"excerpt":{"rendered":"<p>Pritaikomos spalvotos \u012fd\u0117kl\u0173 juostel\u0117s, skirtos \u201eFlex Holster&#8221; d\u0117klui: lengvai \u012fmontuojamos, nuimamos.<\/p>\n","protected":false},"featured_media":29702,"template":"","meta":{"_acf_changed":false},"product_brand":[],"product_cat":[13695,13728,13733],"product_tag":[],"class_list":{"0":"post-31280","1":"product","2":"type-product","3":"status-publish","4":"has-post-thumbnail","6":"product_cat-deklas","7":"product_cat-deklo-priedai","8":"product_cat-sportinis-deklas","10":"first","11":"instock","12":"taxable","13":"shipping-taxable","14":"purchasable","15":"product-type-variable","16":"wvs-archive-product-wrapper"},"acf":[],"_links":{"self":[{"href":"https:\/\/staging.nbg.eu\/lt\/wp-json\/wp\/v2\/product\/31280","targetHints":{"allow":["GET"]}}],"collection":[{"href":"https:\/\/staging.nbg.eu\/lt\/wp-json\/wp\/v2\/product"}],"about":[{"href":"https:\/\/staging.nbg.eu\/lt\/wp-json\/wp\/v2\/types\/product"}],"wp:featuredmedia":[{"embeddable":true,"href":"https:\/\/staging.nbg.eu\/lt\/wp-json\/wp\/v2\/media\/29702"}],"wp:attachment":[{"href":"https:\/\/staging.nbg.eu\/lt\/wp-json\/wp\/v2\/media?parent=31280"}],"wp:term":[{"taxonomy":"product_brand","embeddable":true,"href":"https:\/\/staging.nbg.eu\/lt\/wp-json\/wp\/v2\/product_brand?post=31280"},{"taxonomy":"product_cat","embeddable":true,"href":"https:\/\/staging.nbg.eu\/lt\/wp-json\/wp\/v2\/product_cat?post=31280"},{"taxonomy":"product_tag","embeddable":true,"href":"https:\/\/staging.nbg.eu\/lt\/wp-json\/wp\/v2\/product_tag?post=31280"}],"curies":[{"name":"wp","href":"https:\/\/api.w.org\/{rel}","templated":true}]}}