{"id":31097,"date":"2024-08-18T19:53:51","date_gmt":"2024-08-24T13:31:46","guid":{"rendered":"https:\/\/staging.nbg.eu\/product\/daa-dry-fire-practice-mag\/"},"modified":"2024-08-24T13:33:27","modified_gmt":"2024-08-24T13:33:27","slug":"daa-sausojo-saudymo-treniruociu-detuve","status":"publish","type":"product","link":"https:\/\/staging.nbg.eu\/lt\/produktas\/daa-sausojo-saudymo-treniruociu-detuve\/","title":{"rendered":"Daa sausojo saudymo treniruociu detuve"},"content":{"rendered":"<div class=\"product-description\">\n<h2>Daa sausojo \u0161audymo praktikos d\u0117tuv\u0117 nuo Double Alpha Academy<\/h2>\n<p>Tobulinkite savo \u0161audymo \u012fg\u016bd\u017eius su Daa sausojo \u0161audymo praktikos d\u0117tuve. \u0160i novatori\u0161ka priemon\u0117 leid\u017eia saugiai ir efektyviai treniruotis sausai namuose ar \u0161audykloje.<\/p>\n<ul>\n<li>Suderinama su daugeliu 9mm\/.40 dviej\u0173 eili\u0173 d\u0117tuvi\u0173<\/li>\n<li>Realisti\u0161kas svoris ir poj\u016btis autenti\u0161kai praktikai<\/li>\n<li>Tvirta konstrukcija ilgalaikiam naudojimui<\/li>\n<li>Padeda pagerinti gaiduko valdym\u0105 ir taikikli\u0173 sulygiavim\u0105<\/li>\n<li>Puikiai tinka IPSC ir USPSA var\u017eyb\u0173 dalyviams<\/li>\n<\/ul>\n<p>Pakelkite savo \u0161audymo rezultatus be gyv\u0173 \u0161ovini\u0173. U\u017esisakykite savo Daa sausojo \u0161audymo praktikos d\u0117tuv\u0119 jau \u0161iandien!<\/p>\n<\/div>\n","protected":false},"excerpt":{"rendered":"<p>Daa sausojo \u0161audymo d\u0117tuv\u0117: saugus, realisti\u0161kas rankinio ginklo \u012fg\u016bd\u017ei\u0173 lavinimas.<\/p>\n","protected":false},"featured_media":29840,"template":"","meta":{"_acf_changed":false},"product_brand":[11275],"product_cat":[13708,13729],"product_tag":[],"class_list":{"0":"post-31097","1":"product","2":"type-product","3":"status-publish","4":"has-post-thumbnail","6":"product_brand-doublealpha","7":"product_cat-iranga","8":"product_cat-sauso-saudymo","10":"first","11":"instock","12":"taxable","13":"shipping-taxable","14":"purchasable","15":"product-type-variable","16":"wvs-archive-product-wrapper"},"acf":[],"_links":{"self":[{"href":"https:\/\/staging.nbg.eu\/lt\/wp-json\/wp\/v2\/product\/31097","targetHints":{"allow":["GET"]}}],"collection":[{"href":"https:\/\/staging.nbg.eu\/lt\/wp-json\/wp\/v2\/product"}],"about":[{"href":"https:\/\/staging.nbg.eu\/lt\/wp-json\/wp\/v2\/types\/product"}],"wp:featuredmedia":[{"embeddable":true,"href":"https:\/\/staging.nbg.eu\/lt\/wp-json\/wp\/v2\/media\/29840"}],"wp:attachment":[{"href":"https:\/\/staging.nbg.eu\/lt\/wp-json\/wp\/v2\/media?parent=31097"}],"wp:term":[{"taxonomy":"product_brand","embeddable":true,"href":"https:\/\/staging.nbg.eu\/lt\/wp-json\/wp\/v2\/product_brand?post=31097"},{"taxonomy":"product_cat","embeddable":true,"href":"https:\/\/staging.nbg.eu\/lt\/wp-json\/wp\/v2\/product_cat?post=31097"},{"taxonomy":"product_tag","embeddable":true,"href":"https:\/\/staging.nbg.eu\/lt\/wp-json\/wp\/v2\/product_tag?post=31097"}],"curies":[{"name":"wp","href":"https:\/\/api.w.org\/{rel}","templated":true}]}}