{"id":31051,"date":"2024-08-19T17:23:05","date_gmt":"2024-08-24T13:28:59","guid":{"rendered":"https:\/\/staging.nbg.eu\/product\/admin-dapper-pouch\/"},"modified":"2024-09-02T13:29:16","modified_gmt":"2024-09-02T13:29:16","slug":"admin-dapper-deklas","status":"publish","type":"product","link":"https:\/\/staging.nbg.eu\/lt\/produktas\/admin-dapper-deklas\/","title":{"rendered":"Admin Dapper deklas"},"content":{"rendered":"<div class=\"product-description\">\n<h2>BlueForceGear Admin Dapper krep\u0161elis<\/h2>\n<p>Sutvarkykite savo b\u016btiniausius daiktus su universaliu BlueForceGear Admin Dapper krep\u0161eliu. \u0160is kompakti\u0161kas, lengvas krep\u0161elis pasi\u017eymi:<\/p>\n<ul>\n<li>Patvaria 500D Cordura konstrukcija<\/li>\n<li>Keletu vidini\u0173 ki\u0161eni\u0173 efektyviam daikt\u0173 laikymui<\/li>\n<li>Elastin\u0117mis kilpomis saugiam daikt\u0173 laikymui<\/li>\n<li>YKK u\u017etrauktuku greitam pri\u0117jimui<\/li>\n<\/ul>\n<p>Puikiai tinkantis kariuomenei, teis\u0117saugai ar kasdieniam ne\u0161iojimui, Admin Dapper krep\u0161elis padeda i\u0161laikyti j\u016bs\u0173 \u012frang\u0105 tvarking\u0105 ir lengvai pasiekiam\u0105. Galima rinktis i\u0161 keli\u0173 spalv\u0173, kad atitikt\u0173 j\u016bs\u0173 komplekt\u0105 ar pageidavimus.<\/p>\n<\/div>\n","protected":false},"excerpt":{"rendered":"<p>Kompakti\u0161kas, universalus administracinis krep\u0161elis kasdieniniams b\u016btiniausiems daiktams. Patvarus ir eleganti\u0161kas.<\/p>\n","protected":false},"featured_media":22412,"template":"","meta":{"_acf_changed":false},"product_brand":[11135],"product_cat":[13708,13699],"product_tag":[],"class_list":{"0":"post-31051","1":"product","2":"type-product","3":"status-publish","4":"has-post-thumbnail","6":"product_brand-blue-force-gear","7":"product_cat-iranga","8":"product_cat-krepseliai","10":"first","11":"instock","12":"taxable","13":"shipping-taxable","14":"purchasable","15":"product-type-simple"},"acf":[],"_links":{"self":[{"href":"https:\/\/staging.nbg.eu\/lt\/wp-json\/wp\/v2\/product\/31051","targetHints":{"allow":["GET"]}}],"collection":[{"href":"https:\/\/staging.nbg.eu\/lt\/wp-json\/wp\/v2\/product"}],"about":[{"href":"https:\/\/staging.nbg.eu\/lt\/wp-json\/wp\/v2\/types\/product"}],"wp:featuredmedia":[{"embeddable":true,"href":"https:\/\/staging.nbg.eu\/lt\/wp-json\/wp\/v2\/media\/22412"}],"wp:attachment":[{"href":"https:\/\/staging.nbg.eu\/lt\/wp-json\/wp\/v2\/media?parent=31051"}],"wp:term":[{"taxonomy":"product_brand","embeddable":true,"href":"https:\/\/staging.nbg.eu\/lt\/wp-json\/wp\/v2\/product_brand?post=31051"},{"taxonomy":"product_cat","embeddable":true,"href":"https:\/\/staging.nbg.eu\/lt\/wp-json\/wp\/v2\/product_cat?post=31051"},{"taxonomy":"product_tag","embeddable":true,"href":"https:\/\/staging.nbg.eu\/lt\/wp-json\/wp\/v2\/product_tag?post=31051"}],"curies":[{"name":"wp","href":"https:\/\/api.w.org\/{rel}","templated":true}]}}