{"id":30999,"date":"2024-08-18T19:55:34","date_gmt":"2024-08-24T13:23:52","guid":{"rendered":"https:\/\/staging.nbg.eu\/product\/produktas-3\/"},"modified":"2024-08-24T13:26:18","modified_gmt":"2024-08-24T13:26:18","slug":"sordin-supreme-pro-x-klausos-apsauga","status":"publish","type":"product","link":"https:\/\/staging.nbg.eu\/lt\/produktas\/sordin-supreme-pro-x-klausos-apsauga\/","title":{"rendered":"Sordin Supreme-Pro X klausos apsauga"},"content":{"rendered":"<div class=\"product-description\">\n<h2>Sordin Supreme-Pro X klausos apsauga<\/h2>\n<p>Patirkite auk\u0161\u010diausios kokyb\u0117s klausos apsaug\u0105 su Sordin Supreme-Pro X. \u0160ios pa\u017eangios ausin\u0117s si\u016blo:<\/p>\n<ul>\n<li>Aktyv\u0173 triuk\u0161mo slopinim\u0105 optimaliam saugumui<\/li>\n<li>Aplinkos garso stiprinim\u0105 situacijos suvokimui<\/li>\n<li>Atspar\u0173 vandeniui dizain\u0105 naudojimui bet kokiomis oro s\u0105lygomis<\/li>\n<li>Patog\u0173, ergonomi\u0161k\u0105 pritaikym\u0105 ilgalaikiam d\u0117v\u0117jimui<\/li>\n<li>Plon\u0105 profil\u012f skland\u017eiai integracijai su kita \u012franga<\/li>\n<\/ul>\n<p>Puikiai tinka \u0161audymui, med\u017eioklei ar pramoniniam naudojimui. Supreme-Pro X u\u017etikrina neprilygstam\u0105 klausos apsaug\u0105, nepakenkiant bendravimui ar aplinkos suvokimui. Apsaugokite savo klaus\u0105 naudodami pa\u017eangiausias Sordin technologijas.<\/p>\n<\/div>\n","protected":false},"excerpt":{"rendered":"<p>Sordin Supreme-Pro X: Auk\u0161\u010diausios klas\u0117s aus\u0173 apsauga su kri\u0161tolo skaidrumo garsu.<\/p>\n","protected":false},"featured_media":30277,"template":"","meta":{"_acf_changed":false},"product_brand":[],"product_cat":[13708,13703,13757],"product_tag":[],"class_list":{"0":"post-30999","1":"product","2":"type-product","3":"status-publish","4":"has-post-thumbnail","6":"product_cat-iranga","7":"product_cat-klausos-apsauga","8":"product_cat-nekategorizuota","10":"first","11":"instock","12":"taxable","13":"shipping-taxable","14":"purchasable","15":"product-type-variable","16":"wvs-archive-product-wrapper"},"acf":[],"_links":{"self":[{"href":"https:\/\/staging.nbg.eu\/lt\/wp-json\/wp\/v2\/product\/30999","targetHints":{"allow":["GET"]}}],"collection":[{"href":"https:\/\/staging.nbg.eu\/lt\/wp-json\/wp\/v2\/product"}],"about":[{"href":"https:\/\/staging.nbg.eu\/lt\/wp-json\/wp\/v2\/types\/product"}],"wp:featuredmedia":[{"embeddable":true,"href":"https:\/\/staging.nbg.eu\/lt\/wp-json\/wp\/v2\/media\/30277"}],"wp:attachment":[{"href":"https:\/\/staging.nbg.eu\/lt\/wp-json\/wp\/v2\/media?parent=30999"}],"wp:term":[{"taxonomy":"product_brand","embeddable":true,"href":"https:\/\/staging.nbg.eu\/lt\/wp-json\/wp\/v2\/product_brand?post=30999"},{"taxonomy":"product_cat","embeddable":true,"href":"https:\/\/staging.nbg.eu\/lt\/wp-json\/wp\/v2\/product_cat?post=30999"},{"taxonomy":"product_tag","embeddable":true,"href":"https:\/\/staging.nbg.eu\/lt\/wp-json\/wp\/v2\/product_tag?post=30999"}],"curies":[{"name":"wp","href":"https:\/\/api.w.org\/{rel}","templated":true}]}}